{"id":4880,"date":"2021-01-04T13:38:36","date_gmt":"2021-01-04T12:38:36","guid":{"rendered":"https:\/\/www.ghc.de\/?page_id=4880"},"modified":"2024-02-05T11:20:31","modified_gmt":"2024-02-05T10:20:31","slug":"%e5%82%a8%e8%bf%90%e7%bd%91%e7%bb%9c","status":"publish","type":"page","link":"https:\/\/www.ghc.de\/cn\/%e6%9c%8d%e5%8a%a1\/%e5%82%a8%e8%bf%90%e7%bd%91%e7%bb%9c\/","title":{"rendered":"\u50a8\u8fd0\u7f51\u7edc"},"content":{"rendered":"\n<h5 class=\"wp-block-heading has-text-align-center\">\u60f3\u77e5\u9053\u8ddd\u79bb\u60a8\u6700\u8fd1\u7684\u5236\u51b7\u5242\u5e93\u5b58\u4e2d\u5fc3\u5728\u54ea\u91cc?<\/h5>\n\n<p>\u641c\u7d22\u60a8\u6240\u5728\u6216\u9644\u8fd1\u7684\u57ce\u9547\u3002 \u6309\u90ae\u653f\u7f16\u7801\u6392\u5e8f, \u8fc5\u901f\u5339\u914d\u6700\u8fd1\u7684\u5e93\u5b58\u4e2d\u5fc3\u3002<\/p>\n\n<hr class=\"wp-block-separator has-css-opacity\"\/>\n\n<h3 class=\"wp-block-heading has-text-align-center\" id=\"00\">PLZ-Gebiet 00000-09999<\/h3>\n\n<div class=\"wp-block-columns is-layout-flex wp-container-core-columns-is-layout-9d6595d7 wp-block-columns-is-layout-flex\">\n<div class=\"wp-block-column is-layout-flow wp-block-column-is-layout-flow\">\n<h4 class=\"wp-block-heading\">Frigotechnik Handels-GmbH<\/h4>\n\n\n\n<h6 class=\"wp-block-heading\">Gera<\/h6>\n\n\n\n<p>Windm\u00fchlenstra\u00dfe 4<br\/>04626 Beerwalde \/ L\u00f6bichau<br\/>T: +49 (0)36 602 \/ 386 -0<br\/>F: +49 (0)36 602 \/ 386 -66 <\/p>\n<\/div>\n\n\n\n<div class=\"wp-block-column is-layout-flow wp-block-column-is-layout-flow\">\n<h4 class=\"wp-block-heading\">GHC Gerling, Holz &amp; Co. Handels GmbH<\/h4>\n\n\n\n<h6 class=\"wp-block-heading\">Nauendorf<\/h6>\n\n\n\n<p>L\u00f6bej\u00fcner Stra\u00dfe 21<br\/>06193 Wettin-L\u00f6bej\u00fcn OT Merbitz<br\/>T: +49 (0)34 603 \/ 713 -0<br\/>F: +49 (0) 34 603 \/ 713 -22<br\/><a href=\"javascript:mdcr('vuZtyxFwifuevlrer','')\">nauendorf@ghc.de<\/a> <\/p>\n<\/div>\n<\/div>\n\n<div class=\"wp-block-columns is-layout-flex wp-container-core-columns-is-layout-9d6595d7 wp-block-columns-is-layout-flex\">\n<div class=\"wp-block-column is-layout-flow wp-block-column-is-layout-flow\">\n<h4 class=\"wp-block-heading\">Simone Fathke      Technische Gase  <\/h4>\n\n\n\n<h6 class=\"wp-block-heading\">Lagerhalter Dessau<\/h6>\n\n\n\n<p>Industriestra\u00dfe 4<br\/>06847 Dessau-Ro\u00dflau<br\/>T: +49 (0)340 \/ 510 421<br\/>F: +49 (0)340 \/ 571 123 15 <\/p>\n<\/div>\n\n\n\n<div class=\"wp-block-column is-layout-flow wp-block-column-is-layout-flow\">\n<h4 class=\"wp-block-heading\">Kelterborn Schwei\u00dftechnik GbR<\/h4>\n\n\n\n<h6 class=\"wp-block-heading\">Lagerhalter Saalfeld\/Th\u00fcr.<\/h6>\n\n\n\n<p>Am Cr\u00f6stener Weg 15<br\/>07318 Saalfeld\/Th\u00fcr.<br\/>T: +49 (0)36 71 \/ 538 80<br\/>F: +49 (0)36 71 \/ 538 814 <\/p>\n<\/div>\n<\/div>\n\n<hr class=\"wp-block-separator has-css-opacity\"\/>\n\n<h3 class=\"wp-block-heading has-text-align-center\" id=\"10\">PLZ-Gebiet 10000-19999<\/h3>\n\n<div class=\"wp-block-columns is-layout-flex wp-container-core-columns-is-layout-9d6595d7 wp-block-columns-is-layout-flex\">\n<div class=\"wp-block-column is-layout-flow wp-block-column-is-layout-flow\">\n<h4 class=\"wp-block-heading\">Karl F. Opitz Industrieverpackungen<\/h4>\n\n\n\n<h6 class=\"wp-block-heading\">Lagerhalter Berlin<\/h6>\n\n\n\n<p>Inhaber Sven L\u00fcrgen<br\/>Nobelstra\u00dfe 12<br\/>12057 Berlin<br\/>T: +49 (0)30 \/ 685 1085<br\/>F: +49 (0)30 \/ 684 1333<\/p>\n<\/div>\n\n\n\n<div class=\"wp-block-column is-layout-flow wp-block-column-is-layout-flow\">\n<h4 class=\"wp-block-heading\">Werkzeughandel Holger Marlow<\/h4>\n\n\n\n<h6 class=\"wp-block-heading\">Lagerhalter Neubrandenburg<\/h6>\n\n\n\n<p>Bornm\u00fchlenstra\u00dfe 24<br\/>17033 Neubrandenburg<br\/>T: +49 (0)395 \/ 368 68 27<br\/>F: +49 (0)395 \/ 368 68 27<\/p>\n<\/div>\n<\/div>\n\n<div class=\"wp-block-columns is-layout-flex wp-container-core-columns-is-layout-9d6595d7 wp-block-columns-is-layout-flex\">\n<div class=\"wp-block-column is-layout-flow wp-block-column-is-layout-flow\">\n<h4 class=\"wp-block-heading\">Frigotechnik Handels-GmbH<\/h4>\n\n\n\n<h6 class=\"wp-block-heading\">Lagerhalter Rostock<\/h6>\n\n\n\n<p>Koppelweg 4<br\/>18107 Rostock<br\/>T: +49 (0)381 \/ 77 88 35 &#8211; 0<br\/>F: +49 (0)381 \/ 77 88 35 &#8211; 14<\/p>\n<\/div>\n\n\n\n<div class=\"wp-block-column is-layout-flow wp-block-column-is-layout-flow\">\n<p><\/p>\n<\/div>\n<\/div>\n\n<hr class=\"wp-block-separator has-css-opacity\"\/>\n\n<h3 class=\"wp-block-heading has-text-align-center\" id=\"20\">PLZ-Gebiet 20000-29999<\/h3>\n\n<div class=\"wp-block-columns is-layout-flex wp-container-core-columns-is-layout-9d6595d7 wp-block-columns-is-layout-flex\">\n<div class=\"wp-block-column is-layout-flow wp-block-column-is-layout-flow\">\n<h4 class=\"wp-block-heading\">GHC Gerling, Holz &amp; Co. Handels GmbH<\/h4>\n\n\n\n<h6 class=\"wp-block-heading\">Hamburg<\/h6>\n\n\n\n<p>Ruhrstra\u00dfe 113<br\/>22761 Hamburg<br\/>T: +49 (0)40 \/ 853 123-0<br\/>F: +49 (0)40 \/ 853 123-66<br\/><a href=\"mailto:hamburg@ghc.de\">hamburg@ghc.de<\/a><\/p>\n<\/div>\n\n\n\n<div class=\"wp-block-column is-layout-flow wp-block-column-is-layout-flow\">\n<h4 class=\"wp-block-heading\">Travechemie GmbH<\/h4>\n\n\n\n<h6 class=\"wp-block-heading\">Lagerhalter L\u00fcbeck<\/h6>\n\n\n\n<p>Im Gleisdreieck 44<br\/>23566 L\u00fcbeck<br\/>T: +49 (0)451 \/ 619 18 21<br\/>F: +49 (0)451 \/ 619 18 51<\/p>\n<\/div>\n<\/div>\n\n<div class=\"wp-block-columns is-layout-flex wp-container-core-columns-is-layout-9d6595d7 wp-block-columns-is-layout-flex\">\n<div class=\"wp-block-column is-layout-flow wp-block-column-is-layout-flow\">\n<h4 class=\"wp-block-heading\">Jens Sieben<\/h4>\n\n\n\n<h6 class=\"wp-block-heading\">Lagerhalter Bremerhaven<\/h6>\n\n\n\n<p>Hoebelstra\u00dfe 48<br\/>27572 Bremerhaven<br\/>T: +49 (0)471 \/ 732 11<br\/>F: +49 (0)471 \/ 732 14<\/p>\n<\/div>\n\n\n\n<div class=\"wp-block-column is-layout-flow wp-block-column-is-layout-flow\"><\/div>\n<\/div>\n\n<div class=\"wp-block-columns is-layout-flex wp-container-core-columns-is-layout-9d6595d7 wp-block-columns-is-layout-flex\"><\/div>\n\n<hr class=\"wp-block-separator has-css-opacity\"\/>\n\n<h3 class=\"wp-block-heading has-text-align-center\" id=\"30\">PLZ-Gebiet 30000-39999<\/h3>\n\n<div class=\"wp-block-columns is-layout-flex wp-container-core-columns-is-layout-9d6595d7 wp-block-columns-is-layout-flex\">\n<div class=\"wp-block-column is-layout-flow wp-block-column-is-layout-flow\">\n<h4 class=\"wp-block-heading\">SEB Spezialeinbauten GmbH<\/h4>\n\n\n\n<h6 class=\"wp-block-heading\">Lagerhalter Hannover<br\/>Lagerhalter Laatzen<\/h6>\n\n\n\n<p>Mergenthalerstr. 14<br\/>30880 Laatzen<br\/>T: +49 (0)511 \/ 823 227<\/p>\n\n\n\n<p>Mo.-Mi. 07:15-12:00 Uhr \/ 13:00-15:00 Uhr<br\/>Do. 07:15-12:00 Uhr \/ 13:00-17:00 Uhr<br\/>Fr. 07:15-12:15 Uhr<\/p>\n<\/div>\n\n\n\n<div class=\"wp-block-column is-layout-flow wp-block-column-is-layout-flow\">\n<h4 class=\"wp-block-heading\">Gase Center Speditions Kraupatz GmbH<\/h4>\n\n\n\n<h6 class=\"wp-block-heading\">Lagerhalter M\u00fcnzenberg<\/h6>\n\n\n\n<p>Gartenstra\u00dfe 5<br\/>35516 M\u00fcnzenberg-Gambach<br\/>T: +49 (0)60 33 \/ 607 00<br\/>F: +49 (0)60 33 \/ 685 06<br\/><\/p>\n\n\n\n<p>Mo.-Fr. 07:00-12:00 Uhr 13:00-17:00 Uhr<\/p>\n<\/div>\n<\/div>\n\n<div class=\"wp-block-columns is-layout-flex wp-container-core-columns-is-layout-9d6595d7 wp-block-columns-is-layout-flex\">\n<div class=\"wp-block-column is-layout-flow wp-block-column-is-layout-flow\">\n<h4 class=\"wp-block-heading\">Ludwig Gase + Technik<\/h4>\n\n\n\n<h6 class=\"wp-block-heading\">Lagerhalter Osterode<\/h6>\n\n\n\n<p>Petersh\u00fctter Allee 53<br\/>37520 Osterode<br\/>T: +49 (0)55 22 \/ 999 436<br\/>F: +49 (0)55 22 \/ 920 896<\/p>\n<\/div>\n\n\n\n<div class=\"wp-block-column is-layout-flow wp-block-column-is-layout-flow\">\n<h4 class=\"wp-block-heading\">Gerrit Plettner              Gase &amp; Schwei\u00dftechnik<\/h4>\n\n\n\n<h6 class=\"wp-block-heading\">Lagerhalter Wernigerode<\/h6>\n\n\n\n<p>Max-Planck-Stra\u00dfe 9<br\/>38855 Wernigerode<br\/>T: +49 (0)39 43 \/ 442 20<br\/>F: +49 (0)39 43 \/ 442 21<\/p>\n<\/div>\n<\/div>\n\n<div class=\"wp-block-columns is-layout-flex wp-container-core-columns-is-layout-9d6595d7 wp-block-columns-is-layout-flex\">\n<div class=\"wp-block-column is-layout-flow wp-block-column-is-layout-flow\">\n<h4 class=\"wp-block-heading\">Eberhard Strauch<\/h4>\n\n\n\n<h6 class=\"wp-block-heading\">Lagerhalter Hannover<br\/>Lagerhalter Fritzlar<\/h6>\n\n\n\n<p>Gewerbering 16<br\/>34560 Fritzlar<br\/>T: +49 (0)56 22 \/ 15 12<br\/>F: +49 (0)56 22 \/ 14 91<\/p>\n\n\n\n<p>Mo.-Fr. 08:00-17:00 Uhr<\/p>\n<\/div>\n\n\n\n<div class=\"wp-block-column is-layout-flow wp-block-column-is-layout-flow\">\n<h4 class=\"wp-block-heading\">SK K\u00e4lte &amp; Klima GmbH &amp; Co. KG<\/h4>\n\n\n\n<h6 class=\"wp-block-heading\">Lagerhalter Bad Hersfeld<\/h6>\n\n\n\n<p>Berliner Stra\u00dfe 1<br\/>36251 Bad Hersfeld<br\/>T: +49 (0)66 21 \/ 170 756<br\/>F: +49 (0)66 21 \/ 170 757<\/p>\n<\/div>\n<\/div>\n\n<div class=\"wp-block-columns is-layout-flex wp-container-core-columns-is-layout-9d6595d7 wp-block-columns-is-layout-flex\">\n<div class=\"wp-block-column is-layout-flow wp-block-column-is-layout-flow\">\n<h4 class=\"wp-block-heading\">Kurt Kleinhans<\/h4>\n\n\n\n<h6 class=\"wp-block-heading\">Lagerhalter Goslar<\/h6>\n\n\n\n<p>Wachtelpforte 23<br\/>38640 Goslar<br\/>T: +49 (0)53 21 \/ 260 51<br\/>F: +49 (0)53 21 \/ 260 53<\/p>\n<\/div>\n\n\n\n<div class=\"wp-block-column is-layout-flow wp-block-column-is-layout-flow\"><\/div>\n<\/div>\n\n<hr class=\"wp-block-separator has-css-opacity\"\/>\n\n<h3 class=\"wp-block-heading has-text-align-center\" id=\"40\">PLZ-Gebiet 40000-49999<\/h3>\n\n<div class=\"wp-block-columns is-layout-flex wp-container-core-columns-is-layout-9d6595d7 wp-block-columns-is-layout-flex\">\n<div class=\"wp-block-column is-layout-flow wp-block-column-is-layout-flow\">\n<h4 class=\"wp-block-heading\">GHC Gerling, Holz &amp; Co. Handels GmbH<\/h4>\n\n\n\n<h6 class=\"wp-block-heading\">Dormagen<\/h6>\n\n\n\n<p>Siemensstra\u00dfe 20<br\/>41542 Dormagen<br\/>T: +49 (0)21 33 \/ 27 01-0<br\/>F: +49 (0)21 33 \/ 27 01-22<br\/><a href=\"mailto:dormagen@ghc.de\">dormagen@ghc.de<\/a><\/p>\n<\/div>\n\n\n\n<div class=\"wp-block-column is-layout-flow wp-block-column-is-layout-flow\">\n<h4 class=\"wp-block-heading\">Willy L\u00fcning GmbH<\/h4>\n\n\n\n<h6 class=\"wp-block-heading\">Lagerhalter Dorsten<\/h6>\n\n\n\n<p>Buerer Str. 374<br\/>46282 Dorsten<br\/>T: +49 (0)23 62 \/ 222 15<br\/>F: +49 (0)23 62 \/ 439 21<\/p>\n<\/div>\n<\/div>\n\n<div class=\"wp-block-columns is-layout-flex wp-container-core-columns-is-layout-9d6595d7 wp-block-columns-is-layout-flex\">\n<div class=\"wp-block-column is-layout-flow wp-block-column-is-layout-flow\">\n<h4 class=\"wp-block-heading\">Wischnewski Gase GmbH &amp; Co. KG<\/h4>\n\n\n\n<h6 class=\"wp-block-heading\">Lagerhalter Greven<\/h6>\n\n\n\n<p>Zum Wasserwerk 3<br\/>48268 Greven<br\/>T: +49 (0)25 71 \/ 93 57 -0<br\/>F: +49 (0)25 71 \/ 93 57 -57<\/p>\n<\/div>\n\n\n\n<div class=\"wp-block-column is-layout-flow wp-block-column-is-layout-flow\"><\/div>\n<\/div>\n\n<hr class=\"wp-block-separator has-css-opacity\"\/>\n\n<h3 class=\"wp-block-heading has-text-align-center\" id=\"50\">PLZ-Gebiet 50000-59999<\/h3>\n\n<div class=\"wp-block-columns is-layout-flex wp-container-core-columns-is-layout-9d6595d7 wp-block-columns-is-layout-flex\">\n<div class=\"wp-block-column is-layout-flow wp-block-column-is-layout-flow\">\n<h4 class=\"wp-block-heading\">Rummel Kleb- und Dichtstoffe GmbH<\/h4>\n\n\n\n<h6 class=\"wp-block-heading\">Lagerhalter K\u00f6ln<\/h6>\n\n\n\n<p>Vitalisstra\u00dfe 308<br\/>50829 K\u00f6ln-Vogelsang<br\/>T: +49 (0)221 \/ 545 515<br\/>F: +49 (0)221 \/ 546 17 28<\/p>\n\n\n\n<p>Mo.-Fr. 08:00-17:00 Uhr<\/p>\n<\/div>\n\n\n\n<div class=\"wp-block-column is-layout-flow wp-block-column-is-layout-flow\">\n<h4 class=\"wp-block-heading\">Morgenweck &amp; Co. Handelsges. mbH<\/h4>\n\n\n\n<h6 class=\"wp-block-heading\">Lagerhalter Trier<\/h6>\n\n\n\n<p>Luxemburger Stra\u00dfe 38<br\/>54294 Trier<br\/>T: +49 (0)651 \/ 731 63<\/p>\n\n\n\n<p>Mo.-Fr. 08:00-17:30 Uhr<\/p>\n<\/div>\n<\/div>\n\n<hr class=\"wp-block-separator has-css-opacity\"\/>\n\n<h3 class=\"wp-block-heading has-text-align-center\" id=\"60\">PLZ-Gebiet 60000-69999<\/h3>\n\n<div class=\"wp-block-columns is-layout-flex wp-container-core-columns-is-layout-9d6595d7 wp-block-columns-is-layout-flex\">\n<div class=\"wp-block-column is-layout-flow wp-block-column-is-layout-flow\">\n<h4 class=\"wp-block-heading\">GHC Gerling, Holz &amp; Co. Handels GmbH<\/h4>\n\n\n\n<h6 class=\"wp-block-heading\">Hanau<\/h6>\n\n\n\n<p>Kinzigheimer Weg 109<br\/>63450 Hanau<br\/>T: +49 (0)61 81 \/ 93 05-0<br\/>F: +49 (0)61 81 \/ 93 05-11<br\/><a href=\"mailto:hanau@ghc.de\">hanau@ghc.de<\/a><\/p>\n<\/div>\n\n\n\n<div class=\"wp-block-column is-layout-flow wp-block-column-is-layout-flow\">\n<h4 class=\"wp-block-heading\">Adam Scheidter GmbH<\/h4>\n\n\n\n<h6 class=\"wp-block-heading\">Lagerhalter Aschaffenburg<\/h6>\n\n\n\n<p>Wailandstra\u00dfe 7<br\/>63741 Aschaffenburg<br\/>T: +49 (0)60 21 \/ 84 72-0<br\/>F: +49 (0)60 21 \/ 84 72-39<\/p>\n\n\n\n<p>Mo.-Do. 07:30-17:00 Uhr<br\/>Fr. 07:30-15:00 Uhr<\/p>\n<\/div>\n<\/div>\n\n<div class=\"wp-block-columns is-layout-flex wp-container-core-columns-is-layout-9d6595d7 wp-block-columns-is-layout-flex\">\n<div class=\"wp-block-column is-layout-flow wp-block-column-is-layout-flow\">\n<h4 class=\"wp-block-heading\">Reis &amp; Molter GmbH<\/h4>\n\n\n\n<h6 class=\"wp-block-heading\">Lagerhalter Darmstadt<\/h6>\n\n\n\n<p>Otto-R\u00f6hm-Stra\u00dfe 79<br\/>64293 Darmstadt<br\/>T: +49 (0)61 51 \/ 500 16 -0<br\/>F: +49 (0)61 51 \/ 893 870<\/p>\n\n\n\n<p>Mo.-Do. 07:00-17:00 Uhr<br\/>Fr. 07:00-15:30 Uhr<\/p>\n<\/div>\n\n\n\n<div class=\"wp-block-column is-layout-flow wp-block-column-is-layout-flow\">\n<h4 class=\"wp-block-heading\">Mietzentrale Schwarz<\/h4>\n\n\n\n<h6 class=\"wp-block-heading\">Lagerhalter Diez<\/h6>\n\n\n\n<p>August Horch Stra\u00dfe 1<br\/>65582 Diez<br\/>T: +49 (0)64 32 \/ 625 52<br\/>F: +49 (0)64 32 \/ 617 63<\/p>\n<\/div>\n<\/div>\n\n<hr class=\"wp-block-separator has-css-opacity\"\/>\n\n<h3 class=\"wp-block-heading has-text-align-center\" id=\"70\">PLZ-Gebiet 70000-79999<\/h3>\n\n<div class=\"wp-block-columns is-layout-flex wp-container-core-columns-is-layout-9d6595d7 wp-block-columns-is-layout-flex\">\n<div class=\"wp-block-column is-layout-flow wp-block-column-is-layout-flow\">\n<h4 class=\"wp-block-heading\">Frigotechnik Handels-GmbH<\/h4>\n\n\n\n<h6 class=\"wp-block-heading\">Lagerhalter Gerlingen<\/h6>\n\n\n\n<p>Schillerstra\u00dfe 49<br\/>70839 Gerlingen<br\/>T: +49 (0)71 56 \/ 43 00 -0<br\/>F: +49 (0)71 56 \/ 43 00 -88<\/p>\n\n\n\n<p>Mo.-Fr. 07:30-17:30 Uhr<\/p>\n<\/div>\n\n\n\n<div class=\"wp-block-column is-layout-flow wp-block-column-is-layout-flow\">\n<h4 class=\"wp-block-heading\">Frigotechnik Handels-GmbH<\/h4>\n\n\n\n<h6 class=\"wp-block-heading\">Lagerhalter Freiburg<\/h6>\n\n\n\n<p>Ziegelhofstr. 37A<br\/>79110 Freiburg<br\/>T: +49 (0)7 61 \/ 384 197 -77<br\/>F: +49 (0)761 \/ 384 197 -88<\/p>\n\n\n\n<p>Mo.-Do. 07:30-16:30 Uhr<br\/>Fr. 07:30-16:00 Uhr<\/p>\n<\/div>\n<\/div>\n\n<hr class=\"wp-block-separator has-css-opacity\"\/>\n\n<h3 class=\"wp-block-heading has-text-align-center\" id=\"80\">PLZ-Gebiet 80000-89999<\/h3>\n\n<div class=\"wp-block-columns is-layout-flex wp-container-core-columns-is-layout-9d6595d7 wp-block-columns-is-layout-flex\">\n<div class=\"wp-block-column is-layout-flow wp-block-column-is-layout-flow\">\n<h4 class=\"wp-block-heading\">GHC Gerling, Holz &amp; Co. Handels GmbH<\/h4>\n\n\n\n<h6 class=\"wp-block-heading\">Breitenau<\/h6>\n\n\n\n<p>Breitenau 15<br\/>85232 Bergkirchen<br\/>T: +49 (0)81 31 \/ 299 33 -0<br\/>F: +49 (0)81 31 \/ 808 30<br\/><a href=\"mailto:breitenau@ghc.de\">breitenau@ghc.de<\/a><\/p>\n<\/div>\n\n\n\n<div class=\"wp-block-column is-layout-flow wp-block-column-is-layout-flow\">\n<h4 class=\"wp-block-heading\">Frigotechnik Handels-GmbH<\/h4>\n\n\n\n<h6 class=\"wp-block-heading\">Lagerhalter M\u00fcnchen<\/h6>\n\n\n\n<p>Robert-Bosch-Str. 12<br\/>85748 Garchung\/b. M\u00fcnchen<br\/>T: +49 (0)89 \/ 357 134 -0<br\/>F: +49 (0)89 \/ 351 11 24<\/p>\n<\/div>\n<\/div>\n\n<div class=\"wp-block-columns is-layout-flex wp-container-core-columns-is-layout-9d6595d7 wp-block-columns-is-layout-flex\">\n<div class=\"wp-block-column is-layout-flow wp-block-column-is-layout-flow\">\n<h4 class=\"wp-block-heading\">Firma Lechler<\/h4>\n\n\n\n<h6 class=\"wp-block-heading\">Lagerhalter Augsburg<\/h6>\n\n\n\n<p>Heinrich-Hertz-Stra\u00dfe 4<br\/>86179 Augsburg-Haunst.<br\/>T: +49 (0)8 21 \/ 811 013<br\/>F: +49 (0)8 21 \/ 834 92<\/p>\n<\/div>\n\n\n\n<div class=\"wp-block-column is-layout-flow wp-block-column-is-layout-flow\"><\/div>\n<\/div>\n\n<hr class=\"wp-block-separator has-css-opacity\"\/>\n\n<h3 class=\"wp-block-heading has-text-align-center\" id=\"90\">PLZ-Gebiet 90000-99999<\/h3>\n\n<div class=\"wp-block-columns is-layout-flex wp-container-core-columns-is-layout-9d6595d7 wp-block-columns-is-layout-flex\">\n<div class=\"wp-block-column is-layout-flow wp-block-column-is-layout-flow\">\n<h4 class=\"wp-block-heading\">Frigotechnik Handels-GmbH<\/h4>\n\n\n\n<h6 class=\"wp-block-heading\">Lagerhalter N\u00fcrnberg<\/h6>\n\n\n\n<p>Sigmundstr. 220<br\/>90431 N\u00fcrnberg<br\/>T: +49 (0)9 11 \/ 609 91 -6<br\/>F: +49 (0)9 11 \/ 609 91 -88<\/p>\n<\/div>\n\n\n\n<div class=\"wp-block-column is-layout-flow wp-block-column-is-layout-flow\">\n<h4 class=\"wp-block-heading\">Gensior Schweisstechnik<\/h4>\n\n\n\n<h6 class=\"wp-block-heading\">Lagerhalter Bergen<\/h6>\n\n\n\n<p>Kaltenbuch 15<br\/>91790 Bergen<br\/>T: +49 (0)91 48 \/ 908 27 30<br\/>F: +49 (0)91 48 \/ 908 27 32<\/p>\n<\/div>\n<\/div>\n\n<div class=\"wp-block-columns is-layout-flex wp-container-core-columns-is-layout-9d6595d7 wp-block-columns-is-layout-flex\">\n<div class=\"wp-block-column is-layout-flow wp-block-column-is-layout-flow\"><\/div>\n<\/div>\n","protected":false},"excerpt":{"rendered":"<p>\u60f3\u77e5\u9053\u8ddd\u79bb\u60a8\u6700\u8fd1\u7684\u5236\u51b7\u5242\u5e93\u5b58\u4e2d\u5fc3\u5728\u54ea\u91cc? \u641c\u7d22\u60a8\u6240\u5728\u6216\u9644\u8fd1\u7684\u57ce\u9547\u3002 \u6309\u90ae\u653f\u7f16\u7801\u6392\u5e8f, \u8fc5\u901f\u5339\u914d\u6700\u8fd1\u7684\u5e93\u5b58\u4e2d\u5fc3\u3002 [&hellip;]<\/p>\n","protected":false},"author":1,"featured_media":4882,"parent":4877,"menu_order":0,"comment_status":"closed","ping_status":"closed","template":"page-templates\/page_with_sidebar.php","meta":{"_acf_changed":false,"_uag_custom_page_level_css":"","footnotes":""},"class_list":["post-4880","page","type-page","status-publish","has-post-thumbnail","hentry"],"acf":[],"uagb_featured_image_src":{"full":["https:\/\/www.ghc.de\/media\/2020\/01\/000008_wide.jpg",1471,671,false],"thumbnail":["https:\/\/www.ghc.de\/media\/2020\/01\/000008_wide-150x150.jpg",150,150,true],"medium":["https:\/\/www.ghc.de\/media\/2020\/01\/000008_wide-300x137.jpg",300,137,true],"medium_large":["https:\/\/www.ghc.de\/media\/2020\/01\/000008_wide-768x350.jpg",768,350,true],"large":["https:\/\/www.ghc.de\/media\/2020\/01\/000008_wide-1024x467.jpg",1024,467,true],"1536x1536":["https:\/\/www.ghc.de\/media\/2020\/01\/000008_wide.jpg",1471,671,false],"2048x2048":["https:\/\/www.ghc.de\/media\/2020\/01\/000008_wide.jpg",1471,671,false],"featured-small":["https:\/\/www.ghc.de\/media\/2020\/01\/000008_wide-640x200.jpg",640,200,true],"featured-medium":["https:\/\/www.ghc.de\/media\/2020\/01\/000008_wide-1280x500.jpg",1280,500,true],"featured-large":["https:\/\/www.ghc.de\/media\/2020\/01\/000008_wide-1440x500.jpg",1440,500,true],"featured-xlarge":["https:\/\/www.ghc.de\/media\/2020\/01\/000008_wide-1471x500.jpg",1471,500,true],"fp-small":["https:\/\/www.ghc.de\/media\/2020\/01\/000008_wide-640x292.jpg",640,292,true],"fp-medium":["https:\/\/www.ghc.de\/media\/2020\/01\/000008_wide-1024x467.jpg",1024,467,true],"fp-large":["https:\/\/www.ghc.de\/media\/2020\/01\/000008_wide-1200x547.jpg",1200,547,true],"fp-xlarge":["https:\/\/www.ghc.de\/media\/2020\/01\/000008_wide.jpg",1471,671,false],"teaser-block":["https:\/\/www.ghc.de\/media\/2020\/01\/000008_wide-1000x500.jpg",1000,500,true],"location-small":["https:\/\/www.ghc.de\/media\/2020\/01\/000008_wide-600x334.jpg",600,334,true]},"uagb_author_info":{"display_name":"Admin f\u00fcr Andreas Mey","author_link":"https:\/\/www.ghc.de\/cn\/author\/radmin\/"},"uagb_comment_info":0,"uagb_excerpt":"\u60f3\u77e5\u9053\u8ddd\u79bb\u60a8\u6700\u8fd1\u7684\u5236\u51b7\u5242\u5e93\u5b58\u4e2d\u5fc3\u5728\u54ea\u91cc? \u641c\u7d22\u60a8\u6240\u5728\u6216\u9644\u8fd1\u7684\u57ce\u9547\u3002 \u6309\u90ae\u653f\u7f16\u7801\u6392\u5e8f, \u8fc5\u901f\u5339\u914d\u6700\u8fd1\u7684\u5e93\u5b58\u4e2d\u5fc3\u3002&hellip;","_links":{"self":[{"href":"https:\/\/www.ghc.de\/cn\/wp-json\/wp\/v2\/pages\/4880","targetHints":{"allow":["GET"]}}],"collection":[{"href":"https:\/\/www.ghc.de\/cn\/wp-json\/wp\/v2\/pages"}],"about":[{"href":"https:\/\/www.ghc.de\/cn\/wp-json\/wp\/v2\/types\/page"}],"author":[{"embeddable":true,"href":"https:\/\/www.ghc.de\/cn\/wp-json\/wp\/v2\/users\/1"}],"replies":[{"embeddable":true,"href":"https:\/\/www.ghc.de\/cn\/wp-json\/wp\/v2\/comments?post=4880"}],"version-history":[{"count":11,"href":"https:\/\/www.ghc.de\/cn\/wp-json\/wp\/v2\/pages\/4880\/revisions"}],"predecessor-version":[{"id":6738,"href":"https:\/\/www.ghc.de\/cn\/wp-json\/wp\/v2\/pages\/4880\/revisions\/6738"}],"up":[{"embeddable":true,"href":"https:\/\/www.ghc.de\/cn\/wp-json\/wp\/v2\/pages\/4877"}],"wp:featuredmedia":[{"embeddable":true,"href":"https:\/\/www.ghc.de\/cn\/wp-json\/wp\/v2\/media\/4882"}],"wp:attachment":[{"href":"https:\/\/www.ghc.de\/cn\/wp-json\/wp\/v2\/media?parent=4880"}],"curies":[{"name":"wp","href":"https:\/\/api.w.org\/{rel}","templated":true}]}}