{"id":5956,"date":"2021-07-09T11:14:49","date_gmt":"2021-07-09T09:14:49","guid":{"rendered":"https:\/\/www.ghc.de\/?page_id=5956"},"modified":"2021-07-09T11:14:57","modified_gmt":"2021-07-09T09:14:57","slug":"code-of-conduct","status":"publish","type":"page","link":"https:\/\/www.ghc.de\/cn\/ghc\/code-of-conduct\/","title":{"rendered":"Code of Conduct"},"content":{"rendered":"\n<h5 class=\"has-text-align-center wp-block-heading\">Corporate Culture<\/h5>\n\n\n\n<div class=\"wp-block-columns is-layout-flex wp-container-core-columns-is-layout-9d6595d7 wp-block-columns-is-layout-flex\">\n<div class=\"wp-block-column is-layout-flow wp-block-column-is-layout-flow\">\n<p>For more than 100 years, GHC Gerling, Holz &amp; Co. Handels GmbH, GHC in short, has been run as a medium-sized family company according to the principles of the honourable Hanseatic merchants. Building on this tradition, dependability and fairness in our dealings with all members of staff, business partners and the public are central to our actions. We believe we have an obligation to maintain and develop the company sustainably for future generations.<\/p>\n<\/div>\n\n\n\n<div class=\"wp-block-column is-layout-flow wp-block-column-is-layout-flow\">\n<p>The trust of our business partners, customers, staff and the public are crucial to the success and reputation of GHC. Professionalism, competence and a strong sense of responsibility for our actions form the basis for the safety and protection of people and the environment as well as the satisfaction of our customers.<\/p>\n<\/div>\n\n\n\n<div class=\"wp-block-column is-layout-flow wp-block-column-is-layout-flow\">\n<p>Responsible and law abiding conduct has always been part of our corporate culture. Every one of our employees is obliged to comply with this. With this in mind, our corporate principles aim to clarify the common objectives and values of our company. They describe the requirements and standards of our actions and are binding for everyone working for the company.<\/p>\n<\/div>\n<\/div>\n\n\n<div class=\"wp-block-uagb-faq uagb-faq__outer-wrap uagb-block-9d8906a2 uagb-faq-icon-row-reverse uagb-faq-layout-accordion uagb-faq-expand-first-true uagb-faq-inactive-other-true uagb-faq__wrap uagb-buttons-layout-wrap uagb-faq-equal-height     \" data-faqtoggle=\"true\" role=\"tablist\"><div class=\"wp-block-uagb-faq-child uagb-faq-child__outer-wrap uagb-faq-item uagb-block-ddbde13f \" role=\"tab\" tabindex=\"0\"><div class=\"uagb-faq-questions-button uagb-faq-questions\">\t\t\t<span class=\"uagb-icon uagb-faq-icon-wrap\">\n\t\t\t\t\t\t\t\t<svg xmlns=\"https:\/\/www.w3.org\/2000\/svg\" viewBox= \"0 0 384 512\"><path d=\"M192 384c-8.188 0-16.38-3.125-22.62-9.375l-160-160c-12.5-12.5-12.5-32.75 0-45.25s32.75-12.5 45.25 0L192 306.8l137.4-137.4c12.5-12.5 32.75-12.5 45.25 0s12.5 32.75 0 45.25l-160 160C208.4 380.9 200.2 384 192 384z\"><\/path><\/svg>\n\t\t\t\t\t\t\t<\/span>\n\t\t\t\t\t\t<span class=\"uagb-icon-active uagb-faq-icon-wrap\">\n\t\t\t\t\t\t\t\t<svg xmlns=\"https:\/\/www.w3.org\/2000\/svg\" viewBox= \"0 0 384 512\"><path d=\"M352 352c-8.188 0-16.38-3.125-22.62-9.375L192 205.3l-137.4 137.4c-12.5 12.5-32.75 12.5-45.25 0s-12.5-32.75 0-45.25l160-160c12.5-12.5 32.75-12.5 45.25 0l160 160c12.5 12.5 12.5 32.75 0 45.25C368.4 348.9 360.2 352 352 352z\"><\/path><\/svg>\n\t\t\t\t\t\t\t<\/span>\n\t\t\t<h2 class=\"uagb-question\">Grunds\u00e4tze<\/h2><\/div><div class=\"uagb-faq-content\"><p>Unsere Verantwortung umfasst neben der Einhaltung von nationalen und internationalen Vorschriften und Regeln auch dar\u00fcber hinausgehende Verpflichtungen.<br><br>Wir leben Gleichberechtigung und sch\u00fctzen die W\u00fcrde und Privatsph\u00e4re jedes Einzelnen. Diskriminierung jeglicher Art lehnen wir ab. Vor allem unseren F\u00fchrungskr\u00e4ften kommt dabei eine Vorbildfunktion zu; von Ihnen erwarten wir ein hohes Ma\u00df an ethischer und sozialer Kompetenz.<br><br>Unser gegenseitiger Umgang im Arbeitsumfeld ist gepr\u00e4gt durch Fairness und Respekt. Wir kommunizieren aufrichtig und verl\u00e4sslich. Von unseren Mitarbeitern erwarten wir Loyalit\u00e4t und Vertraulichkeit im Umgang mit Informationen.<br><br>Zur Steigerung der Qualit\u00e4t unserer Leistungen und zur Erh\u00f6hung der Sicherheit unseres Betriebes sind alle Mitarbeiter aufgefordert, Schwachstellen und Verbesserungspotentiale zu erkennen und sie den Vorgesetzten oder den Betriebsbeauftragten zu melden.<br><br>GHC ist auf eine Transparenz hinsichtlich der Produkte und betrieblichen T\u00e4tigkeiten ausgerichtet, um Vertrauen bei Beh\u00f6rden und der \u00d6ffentlichkeit zu schaffen.<\/p><\/div><\/div><div class=\"wp-block-uagb-faq-child uagb-faq-child__outer-wrap uagb-faq-item uagb-block-f2276dac \" role=\"tab\" tabindex=\"0\"><div class=\"uagb-faq-questions-button uagb-faq-questions\">\t\t\t<span class=\"uagb-icon uagb-faq-icon-wrap\">\n\t\t\t\t\t\t\t\t<svg xmlns=\"https:\/\/www.w3.org\/2000\/svg\" viewBox= \"0 0 384 512\"><path d=\"M192 384c-8.188 0-16.38-3.125-22.62-9.375l-160-160c-12.5-12.5-12.5-32.75 0-45.25s32.75-12.5 45.25 0L192 306.8l137.4-137.4c12.5-12.5 32.75-12.5 45.25 0s12.5 32.75 0 45.25l-160 160C208.4 380.9 200.2 384 192 384z\"><\/path><\/svg>\n\t\t\t\t\t\t\t<\/span>\n\t\t\t\t\t\t<span class=\"uagb-icon-active uagb-faq-icon-wrap\">\n\t\t\t\t\t\t\t\t<svg xmlns=\"https:\/\/www.w3.org\/2000\/svg\" viewBox= \"0 0 384 512\"><path d=\"M352 352c-8.188 0-16.38-3.125-22.62-9.375L192 205.3l-137.4 137.4c-12.5 12.5-32.75 12.5-45.25 0s-12.5-32.75 0-45.25l160-160c12.5-12.5 32.75-12.5 45.25 0l160 160c12.5 12.5 12.5 32.75 0 45.25C368.4 348.9 360.2 352 352 352z\"><\/path><\/svg>\n\t\t\t\t\t\t\t<\/span>\n\t\t\t<h2 class=\"uagb-question\">Sicherheit und Umweltschutz<\/h2><\/div><div class=\"uagb-faq-content\"><p>Die Sicherheit unserer Anlagen hat zur Vermeidung von Personen-, Umwelt- und Sachsch\u00e4den f\u00fcr GHC h\u00f6chste Priorit\u00e4t. Der Schutz von Gesundheit und Umwelt, sowie der sparsame Umgang mit Ressourcen sind dabei f\u00fcr GHC nicht nur eine unternehmerische Pflicht, sondern auch Voraussetzung f\u00fcr unsere Wirtschaftlichkeit, Wettbewerbsf\u00e4higkeit und den Fortbestand des Unternehmens.<br><br>Die Einhaltung aller gesetzlichen und betrieblichen Sicherheitsvorschriften ist f\u00fcr unseren sicheren Betrieb, sowie den Schutz von Mensch und Umwelt vor negativen Auswirkungen unabdingbar. Technische und organisatorische Ma\u00dfnahmen werden daher bei der Planung, Errichtung und beim Betrieb unserer Anlagen am &#8220;Stand der Sicherheitstechnik&#8221; ausgerichtet. Jeder Mitarbeiter sorgt durch vorausschauendes, verantwortliches Handeln f\u00fcr die Sicherheit in seinem Verantwortungsbereich und Arbeitsumfeld. Dementsprechend werden die Mitarbeiter geschult, berufen, eingewiesen und kontrolliert.<br><br>Stofffreisetzungen sowie Verst\u00f6\u00dfe gegen die Sicherheitsvorschriften und Betriebsgenehmigungen werden unter allen Umst\u00e4nden vermieden. Unser Ziel ist es Sicherheitsl\u00fccken zu erkennen und unsere Sicherheitsstandards weiter zu verbessern. Sollte es dennoch zu St\u00f6rungen des bestimmungsgem\u00e4\u00dfen Betriebs unserer Anlagen kommen, werden die Auswirkungen auf die Umwelt und die Nachbarschaft durch eine stets aktuelle Alarm- und Gefahrenabwehrplanung so gering wie m\u00f6glich gehalten. Das Vorgehen bei St\u00f6rungen wird in Kooperation mit externen Stellen zur Gefahrenabwehr regelm\u00e4\u00dfig trainiert.<\/p><\/div><\/div><div class=\"wp-block-uagb-faq-child uagb-faq-child__outer-wrap uagb-faq-item uagb-block-4f28e5c3 \" role=\"tab\" tabindex=\"0\"><div class=\"uagb-faq-questions-button uagb-faq-questions\">\t\t\t<span class=\"uagb-icon uagb-faq-icon-wrap\">\n\t\t\t\t\t\t\t\t<svg xmlns=\"https:\/\/www.w3.org\/2000\/svg\" viewBox= \"0 0 384 512\"><path d=\"M192 384c-8.188 0-16.38-3.125-22.62-9.375l-160-160c-12.5-12.5-12.5-32.75 0-45.25s32.75-12.5 45.25 0L192 306.8l137.4-137.4c12.5-12.5 32.75-12.5 45.25 0s12.5 32.75 0 45.25l-160 160C208.4 380.9 200.2 384 192 384z\"><\/path><\/svg>\n\t\t\t\t\t\t\t<\/span>\n\t\t\t\t\t\t<span class=\"uagb-icon-active uagb-faq-icon-wrap\">\n\t\t\t\t\t\t\t\t<svg xmlns=\"https:\/\/www.w3.org\/2000\/svg\" viewBox= \"0 0 384 512\"><path d=\"M352 352c-8.188 0-16.38-3.125-22.62-9.375L192 205.3l-137.4 137.4c-12.5 12.5-32.75 12.5-45.25 0s-12.5-32.75 0-45.25l160-160c12.5-12.5 32.75-12.5 45.25 0l160 160c12.5 12.5 12.5 32.75 0 45.25C368.4 348.9 360.2 352 352 352z\"><\/path><\/svg>\n\t\t\t\t\t\t\t<\/span>\n\t\t\t<h2 class=\"uagb-question\">Qualit\u00e4t<\/h2><\/div><div class=\"uagb-faq-content\"><p>GHC hat sich in den vergangenen 100 Jahren die Kompetenz f\u00fcr alle Arten von Gasen erworben. Die Kunden d\u00fcrfen daher von GHC die Lieferung von qualitativ hochwertigen und f\u00fcr den Einsatzzweck geeigneten Produkten sowie einen kundenfreundlichen Service bez\u00fcglich Beratung, Lieferung und Handhabung der Produkte erwarten.<br><br>Ziel von GHC ist eine kontinuierliche Qualit\u00e4tsverbesserung der Produkte und des Services. Das Unternehmen handelt hierzu im Sinne der Qualit\u00e4tsnorm EN ISO 9001 auf Initiative und mit Unterst\u00fctzung der Gesch\u00e4ftsf\u00fchrung.<\/p><\/div><\/div><div class=\"wp-block-uagb-faq-child uagb-faq-child__outer-wrap uagb-faq-item uagb-block-3232b44d \" role=\"tab\" tabindex=\"0\"><div class=\"uagb-faq-questions-button uagb-faq-questions\">\t\t\t<span class=\"uagb-icon uagb-faq-icon-wrap\">\n\t\t\t\t\t\t\t\t<svg xmlns=\"https:\/\/www.w3.org\/2000\/svg\" viewBox= \"0 0 384 512\"><path d=\"M192 384c-8.188 0-16.38-3.125-22.62-9.375l-160-160c-12.5-12.5-12.5-32.75 0-45.25s32.75-12.5 45.25 0L192 306.8l137.4-137.4c12.5-12.5 32.75-12.5 45.25 0s12.5 32.75 0 45.25l-160 160C208.4 380.9 200.2 384 192 384z\"><\/path><\/svg>\n\t\t\t\t\t\t\t<\/span>\n\t\t\t\t\t\t<span class=\"uagb-icon-active uagb-faq-icon-wrap\">\n\t\t\t\t\t\t\t\t<svg xmlns=\"https:\/\/www.w3.org\/2000\/svg\" viewBox= \"0 0 384 512\"><path d=\"M352 352c-8.188 0-16.38-3.125-22.62-9.375L192 205.3l-137.4 137.4c-12.5 12.5-32.75 12.5-45.25 0s-12.5-32.75 0-45.25l160-160c12.5-12.5 32.75-12.5 45.25 0l160 160c12.5 12.5 12.5 32.75 0 45.25C368.4 348.9 360.2 352 352 352z\"><\/path><\/svg>\n\t\t\t\t\t\t\t<\/span>\n\t\t\t<h2 class=\"uagb-question\">Umgang mit Gesch\u00e4ftspartnern und Dritten<\/h2><\/div><div class=\"uagb-faq-content\"><p>Wir \u00fcberzeugen unsere Kunden durch die Qualit\u00e4t unserer Produkte und Dienstleistungen. Die Auswahl von Lieferanten und Dienstleistern erfolgt stets auf der Grundlage nachvollziehbarer, sachlicher Kriterien. Vorrangiges Ziel von GHC ist eine gute, lang w\u00e4hrende Zusammenarbeit mit Kunden und Lieferanten.<br><br>Unsere Gesch\u00e4ftsbeziehungen fundieren auf rechtlichen Vorschriften und werden durch interne Richtlinien erg\u00e4nzt. Zur Wahrung der gesch\u00e4ftlichen Integrit\u00e4t bekennt sich GHC zur strikten Trennung von Gesch\u00e4ftsbeziehungen und privaten Interessen. Die Mitarbeiter von GHC unterlassen Aktivit\u00e4ten oder Bet\u00e4tigungen, die sie in einen Interessenskonflikt bringen oder die Erf\u00fcllung der dienstlichen Aufgaben behindern k\u00f6nnten.<\/p><\/div><\/div><div class=\"wp-block-uagb-faq-child uagb-faq-child__outer-wrap uagb-faq-item uagb-block-d95c6cd8 \" role=\"tab\" tabindex=\"0\"><div class=\"uagb-faq-questions-button uagb-faq-questions\">\t\t\t<span class=\"uagb-icon uagb-faq-icon-wrap\">\n\t\t\t\t\t\t\t\t<svg xmlns=\"https:\/\/www.w3.org\/2000\/svg\" viewBox= \"0 0 384 512\"><path d=\"M192 384c-8.188 0-16.38-3.125-22.62-9.375l-160-160c-12.5-12.5-12.5-32.75 0-45.25s32.75-12.5 45.25 0L192 306.8l137.4-137.4c12.5-12.5 32.75-12.5 45.25 0s12.5 32.75 0 45.25l-160 160C208.4 380.9 200.2 384 192 384z\"><\/path><\/svg>\n\t\t\t\t\t\t\t<\/span>\n\t\t\t\t\t\t<span class=\"uagb-icon-active uagb-faq-icon-wrap\">\n\t\t\t\t\t\t\t\t<svg xmlns=\"https:\/\/www.w3.org\/2000\/svg\" viewBox= \"0 0 384 512\"><path d=\"M352 352c-8.188 0-16.38-3.125-22.62-9.375L192 205.3l-137.4 137.4c-12.5 12.5-32.75 12.5-45.25 0s-12.5-32.75 0-45.25l160-160c12.5-12.5 32.75-12.5 45.25 0l160 160c12.5 12.5 12.5 32.75 0 45.25C368.4 348.9 360.2 352 352 352z\"><\/path><\/svg>\n\t\t\t\t\t\t\t<\/span>\n\t\t\t<h2 class=\"uagb-question\">Fairer Wettbewerb<\/h2><\/div><div class=\"uagb-faq-content\"><p>GHC sieht im freien und fairen Wettbewerb die Voraussetzung f\u00fcr Effizienz und wirtschaftliche Entwicklung und damit die Grundlage des Unternehmenserfolgs.<br><br>Wir arbeiten nicht mit Partnern, die rechtswidrig handeln. Preisabsprachen und andere Vereinbarungen, die den Wettbewerb beschr\u00e4nken, lehnen wir ab. Um alle kartellrechtlichen Vorschriften und Wettbewerbsgesetze einzuhalten, hat GHC Handlungsrichtlinien f\u00fcr Mitarbeiter eingef\u00fchrt.<\/p><\/div><\/div><div class=\"wp-block-uagb-faq-child uagb-faq-child__outer-wrap uagb-faq-item uagb-block-e6d4dfc2 \" role=\"tab\" tabindex=\"0\"><div class=\"uagb-faq-questions-button uagb-faq-questions\">\t\t\t<span class=\"uagb-icon uagb-faq-icon-wrap\">\n\t\t\t\t\t\t\t\t<svg xmlns=\"https:\/\/www.w3.org\/2000\/svg\" viewBox= \"0 0 384 512\"><path d=\"M192 384c-8.188 0-16.38-3.125-22.62-9.375l-160-160c-12.5-12.5-12.5-32.75 0-45.25s32.75-12.5 45.25 0L192 306.8l137.4-137.4c12.5-12.5 32.75-12.5 45.25 0s12.5 32.75 0 45.25l-160 160C208.4 380.9 200.2 384 192 384z\"><\/path><\/svg>\n\t\t\t\t\t\t\t<\/span>\n\t\t\t\t\t\t<span class=\"uagb-icon-active uagb-faq-icon-wrap\">\n\t\t\t\t\t\t\t\t<svg xmlns=\"https:\/\/www.w3.org\/2000\/svg\" viewBox= \"0 0 384 512\"><path d=\"M352 352c-8.188 0-16.38-3.125-22.62-9.375L192 205.3l-137.4 137.4c-12.5 12.5-32.75 12.5-45.25 0s-12.5-32.75 0-45.25l160-160c12.5-12.5 32.75-12.5 45.25 0l160 160c12.5 12.5 12.5 32.75 0 45.25C368.4 348.9 360.2 352 352 352z\"><\/path><\/svg>\n\t\t\t\t\t\t\t<\/span>\n\t\t\t<h2 class=\"uagb-question\">Finanzberichtserstattung und Umgang mit Informationen<\/h2><\/div><div class=\"uagb-faq-content\"><p>GHC legt hohen Wert auf die ordnungsgem\u00e4\u00dfe und sorgf\u00e4ltige Durchf\u00fchrung der Rechnungslegung und Finanzberichterstattung. Jeder Mitarbeiter steht in der Verantwortung f\u00fcr die Richtigkeit der schriftlichen Unterlagen und \u00f6ffentlichen Erkl\u00e4rungen.<br><br>Gesch\u00e4ftsgeheimnisse und andere Informationen sind vertraulich zu behandeln und vor der Kenntnisnahme Dritter zu sch\u00fctzen. Gemeinsam sorgen wir f\u00fcr den Schutz unseres geistigen und materiellen Eigentums und das unserer Gesch\u00e4ftspartner.<\/p><\/div><\/div><div class=\"wp-block-uagb-faq-child uagb-faq-child__outer-wrap uagb-faq-item uagb-block-bf135597 \" role=\"tab\" tabindex=\"0\"><div class=\"uagb-faq-questions-button uagb-faq-questions\">\t\t\t<span class=\"uagb-icon uagb-faq-icon-wrap\">\n\t\t\t\t\t\t\t\t<svg xmlns=\"https:\/\/www.w3.org\/2000\/svg\" viewBox= \"0 0 384 512\"><path d=\"M192 384c-8.188 0-16.38-3.125-22.62-9.375l-160-160c-12.5-12.5-12.5-32.75 0-45.25s32.75-12.5 45.25 0L192 306.8l137.4-137.4c12.5-12.5 32.75-12.5 45.25 0s12.5 32.75 0 45.25l-160 160C208.4 380.9 200.2 384 192 384z\"><\/path><\/svg>\n\t\t\t\t\t\t\t<\/span>\n\t\t\t\t\t\t<span class=\"uagb-icon-active uagb-faq-icon-wrap\">\n\t\t\t\t\t\t\t\t<svg xmlns=\"https:\/\/www.w3.org\/2000\/svg\" viewBox= \"0 0 384 512\"><path d=\"M352 352c-8.188 0-16.38-3.125-22.62-9.375L192 205.3l-137.4 137.4c-12.5 12.5-32.75 12.5-45.25 0s-12.5-32.75 0-45.25l160-160c12.5-12.5 32.75-12.5 45.25 0l160 160c12.5 12.5 12.5 32.75 0 45.25C368.4 348.9 360.2 352 352 352z\"><\/path><\/svg>\n\t\t\t\t\t\t\t<\/span>\n\t\t\t<h2 class=\"uagb-question\">Beachtung und Umsetzung der Unternehmensgrunds\u00e4tze<\/h2><\/div><div class=\"uagb-faq-content\"><p>Unsere Unternehmensgrunds\u00e4tze beinhalten Standards, die im unternehmensspezifischen Handbuch, Verfahrens- und Arbeitsanweisungen weiter konkretisiert und erg\u00e4nzt werden. Eine Voraussetzung f\u00fcr den hohen Qualit\u00e4ts- und Sicherheitsstandard von GHC sind qualifizierte Mitarbeiter. Deren Qualifikation wird der fortschreitenden technischen und wirtschaftlichen Entwicklung angepasst und dokumentiert.<br><br>Es wird von jedem Mitarbeiter von GHC erwartet, dass er verantwortungsvoll und gesetzm\u00e4\u00dfig handelt. Die Einhaltung der Grunds\u00e4tze wird \u00fcberpr\u00fcft. Bei Verst\u00f6\u00dfen gegen Gesetze ergreift GHC geeignete Ma\u00dfnahmen in \u00dcbereinstimmung mit geltendem Recht.<br><br>Aus diesen Unternehmensgrunds\u00e4tzen k\u00f6nnen keine Rechtsanspr\u00fcche abgeleitet werden.<\/p><\/div><\/div><\/div>","protected":false},"excerpt":{"rendered":"<p>Corporate Culture For more than 100 years, GHC Gerling, [&hellip;]<\/p>\n","protected":false},"author":3,"featured_media":4998,"parent":4725,"menu_order":0,"comment_status":"closed","ping_status":"closed","template":"","meta":{"_acf_changed":false,"_uag_custom_page_level_css":"","footnotes":""},"class_list":["post-5956","page","type-page","status-publish","has-post-thumbnail","hentry"],"acf":[],"uagb_featured_image_src":{"full":["https:\/\/www.ghc.de\/media\/AdobeStock_303448308-scaled.jpeg",2560,1097,false],"thumbnail":["https:\/\/www.ghc.de\/media\/AdobeStock_303448308-150x150.jpeg",150,150,true],"medium":["https:\/\/www.ghc.de\/media\/AdobeStock_303448308-300x129.jpeg",300,129,true],"medium_large":["https:\/\/www.ghc.de\/media\/AdobeStock_303448308-768x329.jpeg",768,329,true],"large":["https:\/\/www.ghc.de\/media\/AdobeStock_303448308-1024x439.jpeg",1024,439,true],"1536x1536":["https:\/\/www.ghc.de\/media\/AdobeStock_303448308-1536x658.jpeg",1536,658,true],"2048x2048":["https:\/\/www.ghc.de\/media\/AdobeStock_303448308-2048x878.jpeg",2048,878,true],"featured-small":["https:\/\/www.ghc.de\/media\/AdobeStock_303448308-640x200.jpeg",640,200,true],"featured-medium":["https:\/\/www.ghc.de\/media\/AdobeStock_303448308-1280x500.jpeg",1280,500,true],"featured-large":["https:\/\/www.ghc.de\/media\/AdobeStock_303448308-1440x500.jpeg",1440,500,true],"featured-xlarge":["https:\/\/www.ghc.de\/media\/AdobeStock_303448308-1920x500.jpeg",1920,500,true],"fp-small":["https:\/\/www.ghc.de\/media\/AdobeStock_303448308-640x274.jpeg",640,274,true],"fp-medium":["https:\/\/www.ghc.de\/media\/AdobeStock_303448308-1024x439.jpeg",1024,439,true],"fp-large":["https:\/\/www.ghc.de\/media\/AdobeStock_303448308-1200x514.jpeg",1200,514,true],"fp-xlarge":["https:\/\/www.ghc.de\/media\/AdobeStock_303448308-1920x823.jpeg",1920,823,true],"teaser-block":["https:\/\/www.ghc.de\/media\/AdobeStock_303448308-1000x500.jpeg",1000,500,true],"location-small":["https:\/\/www.ghc.de\/media\/AdobeStock_303448308-600x334.jpeg",600,334,true]},"uagb_author_info":{"display_name":"Katja Benz","author_link":"https:\/\/www.ghc.de\/cn\/author\/benz\/"},"uagb_comment_info":0,"uagb_excerpt":"Corporate Culture For more than 100 years, GHC Gerling,&hellip;","_links":{"self":[{"href":"https:\/\/www.ghc.de\/cn\/wp-json\/wp\/v2\/pages\/5956","targetHints":{"allow":["GET"]}}],"collection":[{"href":"https:\/\/www.ghc.de\/cn\/wp-json\/wp\/v2\/pages"}],"about":[{"href":"https:\/\/www.ghc.de\/cn\/wp-json\/wp\/v2\/types\/page"}],"author":[{"embeddable":true,"href":"https:\/\/www.ghc.de\/cn\/wp-json\/wp\/v2\/users\/3"}],"replies":[{"embeddable":true,"href":"https:\/\/www.ghc.de\/cn\/wp-json\/wp\/v2\/comments?post=5956"}],"version-history":[{"count":3,"href":"https:\/\/www.ghc.de\/cn\/wp-json\/wp\/v2\/pages\/5956\/revisions"}],"predecessor-version":[{"id":5959,"href":"https:\/\/www.ghc.de\/cn\/wp-json\/wp\/v2\/pages\/5956\/revisions\/5959"}],"up":[{"embeddable":true,"href":"https:\/\/www.ghc.de\/cn\/wp-json\/wp\/v2\/pages\/4725"}],"wp:featuredmedia":[{"embeddable":true,"href":"https:\/\/www.ghc.de\/cn\/wp-json\/wp\/v2\/media\/4998"}],"wp:attachment":[{"href":"https:\/\/www.ghc.de\/cn\/wp-json\/wp\/v2\/media?parent=5956"}],"curies":[{"name":"wp","href":"https:\/\/api.w.org\/{rel}","templated":true}]}}