{"id":1206,"date":"2020-02-04T18:33:38","date_gmt":"2020-02-04T17:33:38","guid":{"rendered":"https:\/\/83.236.219.254\/?page_id=1206"},"modified":"2020-10-08T13:27:51","modified_gmt":"2020-10-08T11:27:51","slug":"ionenaustauscher","status":"publish","type":"page","link":"https:\/\/www.ghc.de\/de\/produkte\/ionenaustauscher\/","title":{"rendered":"Ionenaustauscher"},"content":{"rendered":"\n<h5 class=\"has-text-align-center wp-block-heading\">Alle Anwendungsgebiete<\/h5>\n\n\n\n<section class=\"wp-block-uagb-section uagb-section__wrap uagb-section__background-undefined uagb-block-1dd8e025\"><div class=\"uagb-section__overlay\"><\/div><div class=\"uagb-section__inner-wrap\">\n<p>Ionenaustauscher liefern wir Ihnen f\u00fcr s\u00e4mtliche Anwendungsgebiete, wie Wasseraufbereitung und industrielle Fertigungen. Wir kooperieren eng mit DuPont Specialty Products GmbH &amp; Co KG, einem der weltweit gr\u00f6\u00dften Lieferanten in diesem Bereich mit Marken wie AmberLite\u2122, AmberTec\u2122 sowie TapTec\u2122. So erhalten Sie das jeweils optimale Ionenaustauscherharz, vielf\u00e4ltige Serviceleistungen und die passende fachliche Beratungskompetenz.<\/p>\n<\/div><\/section>\n\n\n\n<h4 class=\"has-text-align-center wp-block-heading\">Typische Anwendungsgebiete<\/h4>\n\n\n\n<div class=\"wp-block-columns is-layout-flex wp-container-core-columns-is-layout-9d6595d7 wp-block-columns-is-layout-flex\">\n<div class=\"wp-block-column is-layout-flow wp-block-column-is-layout-flow\">\n<i class=\"top fas fa-shower\"><\/i>\n\n\n\n<p class=\"has-text-align-center\">Wasserenth\u00e4rtung in der Industrie <\/p>\n<\/div>\n\n\n\n<div class=\"wp-block-column is-layout-flow wp-block-column-is-layout-flow\">\n<i class=\"top fas fa-bread-slice\"><\/i>\n\n\n\n<p class=\"has-text-align-center\">Wasserenth\u00e4rtung im Lebensmittelsektor <\/p>\n<\/div>\n\n\n\n<div class=\"wp-block-column is-layout-flow wp-block-column-is-layout-flow\">\n<i class=\"top fas fa-tint\"><\/i>\n\n\n\n<p class=\"has-text-align-center\">Vollentsalzung <\/p>\n<\/div>\n\n\n\n<div class=\"wp-block-column is-layout-flow wp-block-column-is-layout-flow\">\n<i class=\"top fas fa-recycle\"><\/i>\n\n\n\n<p class=\"has-text-align-center\">Sp\u00fcl- und Abwasseraufbereitung<\/p>\n<\/div>\n<\/div>\n\n\n\n<div class=\"wp-block-columns is-layout-flex wp-container-core-columns-is-layout-9d6595d7 wp-block-columns-is-layout-flex\">\n<div class=\"wp-block-column is-layout-flow wp-block-column-is-layout-flow\">\n<i class=\"top fas fa-water\"><\/i>\n\n\n\n<p class=\"has-text-align-center\">Prozesswasseraufbereitung <\/p>\n<\/div>\n\n\n\n<div class=\"wp-block-column is-layout-flow wp-block-column-is-layout-flow\">\n<i class=\"top fas fa-medal\"><\/i>\n\n\n\n<p class=\"has-text-align-center\">Metall- und Edelmetallr\u00fcckgewinnung <\/p>\n<\/div>\n\n\n\n<div class=\"wp-block-column is-layout-flow wp-block-column-is-layout-flow\">\n<i class=\"top fas fa-wine-bottle\"><\/i>\n\n\n\n<p class=\"has-text-align-center\">Aufbereitung von Fruchts\u00e4ften und Zuckerl\u00f6sungen <\/p>\n<\/div>\n\n\n\n<div class=\"wp-block-column is-layout-flow wp-block-column-is-layout-flow\">\n<i class=\"top fas fa-truck-pickup\"><\/i>\n\n\n\n<p class=\"has-text-align-center\">Bodensanierungen<\/p>\n<\/div>\n<\/div>\n","protected":false},"excerpt":{"rendered":"<p>Alle Anwendungsgebiete Typische Anwendungsgebiete Wasserenth\u00e4rtung in der Industrie Wasserenth\u00e4rtung im Lebensmittelsektor Vollentsalzung Sp\u00fcl- und Abwasseraufbereitung Prozesswasseraufbereitung Metall- und Edelmetallr\u00fcckgewinnung Aufbereitung von Fruchts\u00e4ften und Zuckerl\u00f6sungen Bodensanierungen<\/p>\n","protected":false},"author":1,"featured_media":1207,"parent":617,"menu_order":0,"comment_status":"closed","ping_status":"closed","template":"","meta":{"_acf_changed":false,"_uag_custom_page_level_css":"","footnotes":""},"class_list":["post-1206","page","type-page","status-publish","has-post-thumbnail","hentry"],"acf":[],"uagb_featured_image_src":{"full":["https:\/\/www.ghc.de\/media\/2020\/02\/AdobeStock_137552293-scaled.jpeg",2560,1440,false],"thumbnail":["https:\/\/www.ghc.de\/media\/2020\/02\/AdobeStock_137552293-150x150.jpeg",150,150,true],"medium":["https:\/\/www.ghc.de\/media\/2020\/02\/AdobeStock_137552293-300x169.jpeg",300,169,true],"medium_large":["https:\/\/www.ghc.de\/media\/2020\/02\/AdobeStock_137552293-768x432.jpeg",768,432,true],"large":["https:\/\/www.ghc.de\/media\/2020\/02\/AdobeStock_137552293-1024x576.jpeg",1024,576,true],"1536x1536":["https:\/\/www.ghc.de\/media\/2020\/02\/AdobeStock_137552293-1536x864.jpeg",1536,864,true],"2048x2048":["https:\/\/www.ghc.de\/media\/2020\/02\/AdobeStock_137552293-2048x1152.jpeg",2048,1152,true],"featured-small":["https:\/\/www.ghc.de\/media\/2020\/02\/AdobeStock_137552293-640x200.jpeg",640,200,true],"featured-medium":["https:\/\/www.ghc.de\/media\/2020\/02\/AdobeStock_137552293-1280x500.jpeg",1280,500,true],"featured-large":["https:\/\/www.ghc.de\/media\/2020\/02\/AdobeStock_137552293-1440x500.jpeg",1440,500,true],"featured-xlarge":["https:\/\/www.ghc.de\/media\/2020\/02\/AdobeStock_137552293-1920x500.jpeg",1920,500,true],"fp-small":["https:\/\/www.ghc.de\/media\/2020\/02\/AdobeStock_137552293-640x360.jpeg",640,360,true],"fp-medium":["https:\/\/www.ghc.de\/media\/2020\/02\/AdobeStock_137552293-1024x576.jpeg",1024,576,true],"fp-large":["https:\/\/www.ghc.de\/media\/2020\/02\/AdobeStock_137552293-1200x675.jpeg",1200,675,true],"fp-xlarge":["https:\/\/www.ghc.de\/media\/2020\/02\/AdobeStock_137552293-1920x1080.jpeg",1920,1080,true],"teaser-block":["https:\/\/www.ghc.de\/media\/2020\/02\/AdobeStock_137552293-1000x500.jpeg",1000,500,true],"location-small":["https:\/\/www.ghc.de\/media\/2020\/02\/AdobeStock_137552293-600x334.jpeg",600,334,true]},"uagb_author_info":{"display_name":"Admin f\u00fcr Andreas Mey","author_link":"https:\/\/www.ghc.de\/de\/author\/radmin\/"},"uagb_comment_info":0,"uagb_excerpt":"Alle Anwendungsgebiete Typische Anwendungsgebiete Wasserenth\u00e4rtung in der Industrie Wasserenth\u00e4rtung im Lebensmittelsektor Vollentsalzung Sp\u00fcl- und Abwasseraufbereitung Prozesswasseraufbereitung Metall- und Edelmetallr\u00fcckgewinnung Aufbereitung von Fruchts\u00e4ften und Zuckerl\u00f6sungen Bodensanierungen","_links":{"self":[{"href":"https:\/\/www.ghc.de\/de\/wp-json\/wp\/v2\/pages\/1206","targetHints":{"allow":["GET"]}}],"collection":[{"href":"https:\/\/www.ghc.de\/de\/wp-json\/wp\/v2\/pages"}],"about":[{"href":"https:\/\/www.ghc.de\/de\/wp-json\/wp\/v2\/types\/page"}],"author":[{"embeddable":true,"href":"https:\/\/www.ghc.de\/de\/wp-json\/wp\/v2\/users\/1"}],"replies":[{"embeddable":true,"href":"https:\/\/www.ghc.de\/de\/wp-json\/wp\/v2\/comments?post=1206"}],"version-history":[{"count":6,"href":"https:\/\/www.ghc.de\/de\/wp-json\/wp\/v2\/pages\/1206\/revisions"}],"predecessor-version":[{"id":5119,"href":"https:\/\/www.ghc.de\/de\/wp-json\/wp\/v2\/pages\/1206\/revisions\/5119"}],"up":[{"embeddable":true,"href":"https:\/\/www.ghc.de\/de\/wp-json\/wp\/v2\/pages\/617"}],"wp:featuredmedia":[{"embeddable":true,"href":"https:\/\/www.ghc.de\/de\/wp-json\/wp\/v2\/media\/1207"}],"wp:attachment":[{"href":"https:\/\/www.ghc.de\/de\/wp-json\/wp\/v2\/media?parent=1206"}],"curies":[{"name":"wp","href":"https:\/\/api.w.org\/{rel}","templated":true}]}}