{"id":2044,"date":"2020-05-06T17:19:04","date_gmt":"2020-05-06T15:19:04","guid":{"rendered":"https:\/\/83.236.219.254\/?page_id=2044"},"modified":"2025-06-16T11:42:14","modified_gmt":"2025-06-16T09:42:14","slug":"home","status":"publish","type":"page","link":"https:\/\/www.ghc.de\/de\/","title":{"rendered":"Willkommen bei GHC!"},"content":{"rendered":"\n<div class=\"wp-block-columns is-layout-flex wp-container-core-columns-is-layout-9d6595d7 wp-block-columns-is-layout-flex\">\n<div class=\"wp-block-column is-layout-flow wp-block-column-is-layout-flow\">\n<p>Unser Unternehmen, gegr\u00fcndet 1904, ist der Spezialist f\u00fcr Spezialgase. Ob Industrie, Medizin oder Handwerk: Unsere au\u00dfergew\u00f6hnlich breite Palette an Gasen, K\u00e4ltemitteln und Zubeh\u00f6r steht Gesch\u00e4ftspartnern aus vielen Branchen weltweit zur Verf\u00fcgung.<\/p>\n<\/div>\n\n\n\n<div class=\"wp-block-column is-layout-flow wp-block-column-is-layout-flow\">\n<p>Als Gas- und K\u00e4ltemittelspezialist ist unser integriertes Qualit\u00e4ts- und Umweltmanagementsystem <a href=\"https:\/\/www.ghc.de\/unternehmen\/qualitaet\/\" data-type=\"URL\" data-id=\"https:\/\/www.ghc.de\/unternehmen\/qualitaet\/\">nach DIN EN ISO 9001 und 14001 zertifiziert<\/a>. Damit garantieren wir Ihnen eine hohe Qualit\u00e4t unserer Produkte und einen hohen Standard im Umweltschutz.<\/p>\n<\/div>\n\n\n\n<div class=\"wp-block-column is-layout-flow wp-block-column-is-layout-flow\">\n<p>Mit unserer Expertise sind wir als Partner jederzeit f\u00fcr Sie da \u2013 mit dem kurzen Draht, von Mensch zu Mensch.<\/p>\n<\/div>\n<\/div>\n\n\n\n<hr class=\"wp-block-separator has-css-opacity\"\/>\n\n\n\n<div class=\"wp-block-columns is-layout-flex wp-container-core-columns-is-layout-9d6595d7 wp-block-columns-is-layout-flex\">\n<div class=\"wp-block-column is-layout-flow wp-block-column-is-layout-flow\">\n<figure class=\"wp-block-image size-teaser-block\"><a href=\"https:\/\/www.ghc.de\/unternehmen\/\"><img loading=\"lazy\" decoding=\"async\" width=\"1000\" height=\"500\" src=\"https:\/\/www.ghc.de\/media\/DSCF4964_bearbeitet-1000x500.jpg\" alt=\"\" class=\"wp-image-3196\"\/><\/a><\/figure>\n\n\n\n<h2 class=\"wp-block-heading has-text-align-center\"><a href=\"https:\/\/www.ghc.de\/unternehmen\/\">Unternehmen<\/a><\/h2>\n\n\n\n<h6 class=\"wp-block-heading has-text-align-center\"><a href=\"GHC: Ihr Experte f\u00fcr Spezialgase\">Ihr Experte f\u00fcr Spezialgase<\/a><\/h6>\n<\/div>\n\n\n\n<div class=\"wp-block-column is-layout-flow wp-block-column-is-layout-flow\">\n<figure class=\"wp-block-image size-teaser-block\"><a href=\"https:\/\/www.ghc.de\/produkte\/\"><img loading=\"lazy\" decoding=\"async\" width=\"1000\" height=\"500\" src=\"https:\/\/www.ghc.de\/media\/2020\/01\/AdobeStock_109325549-1000x500.jpeg\" alt=\"\" class=\"wp-image-732\"\/><\/a><\/figure>\n\n\n\n<h2 class=\"wp-block-heading has-text-align-center\"><a href=\"https:\/\/www.ghc.de\/produkte\/\">Produkte<\/a><\/h2>\n\n\n\n<h6 class=\"wp-block-heading has-text-align-center\"><a href=\"https:\/\/www.ghc.de\/produkte\/\">Breite Palette, vielseitige Anwendung<\/a><\/h6>\n<\/div>\n\n\n\n<div class=\"wp-block-column is-layout-flow wp-block-column-is-layout-flow\">\n<figure class=\"wp-block-image size-teaser-block\"><a href=\"https:\/\/www.ghc.de\/leistungen\/\"><img loading=\"lazy\" decoding=\"async\" width=\"1000\" height=\"500\" src=\"https:\/\/www.ghc.de\/media\/DSCF5051-1000x500.jpg\" alt=\"\" class=\"wp-image-3191\"\/><\/a><\/figure>\n\n\n\n<h2 class=\"wp-block-heading has-text-align-center\"><a href=\"https:\/\/www.ghc.de\/leistungen\/\">Leistungen<\/a><\/h2>\n\n\n\n<h6 class=\"wp-block-heading has-text-align-center\"><a href=\"https:\/\/www.ghc.de\/leistungen\/\">Zuverl\u00e4ssig und Kundenorientiert<\/a><\/h6>\n<\/div>\n<\/div>\n","protected":false},"excerpt":{"rendered":"<p>Unser Unternehmen, gegr\u00fcndet 1904, ist der Spezialist f\u00fcr Spezialgase. Ob Industrie, Medizin oder Handwerk: Unsere au\u00dfergew\u00f6hnlich breite Palette an Gasen, K\u00e4ltemitteln und Zubeh\u00f6r steht Gesch\u00e4ftspartnern aus vielen Branchen weltweit zur Verf\u00fcgung. Als Gas- und K\u00e4ltemittelspezialist ist unser integriertes Qualit\u00e4ts- und Umweltmanagementsystem nach DIN EN ISO 9001 und 14001 zertifiziert. Damit garantieren wir Ihnen eine hohe [&hellip;]<\/p>\n","protected":false},"author":1,"featured_media":7213,"parent":0,"menu_order":0,"comment_status":"closed","ping_status":"closed","template":"page-templates\/front.php","meta":{"_acf_changed":false,"_uag_custom_page_level_css":"","footnotes":""},"class_list":["post-2044","page","type-page","status-publish","has-post-thumbnail","hentry"],"acf":[],"uagb_featured_image_src":{"full":["https:\/\/www.ghc.de\/media\/Satelit-AdobeStock_1399461346_hp2.jpg",1920,700,false],"thumbnail":["https:\/\/www.ghc.de\/media\/Satelit-AdobeStock_1399461346_hp2-150x150.jpg",150,150,true],"medium":["https:\/\/www.ghc.de\/media\/Satelit-AdobeStock_1399461346_hp2-300x109.jpg",300,109,true],"medium_large":["https:\/\/www.ghc.de\/media\/Satelit-AdobeStock_1399461346_hp2-768x280.jpg",768,280,true],"large":["https:\/\/www.ghc.de\/media\/Satelit-AdobeStock_1399461346_hp2-1024x373.jpg",1024,373,true],"1536x1536":["https:\/\/www.ghc.de\/media\/Satelit-AdobeStock_1399461346_hp2-1536x560.jpg",1536,560,true],"2048x2048":["https:\/\/www.ghc.de\/media\/Satelit-AdobeStock_1399461346_hp2.jpg",1920,700,false],"featured-small":["https:\/\/www.ghc.de\/media\/Satelit-AdobeStock_1399461346_hp2-640x200.jpg",640,200,true],"featured-medium":["https:\/\/www.ghc.de\/media\/Satelit-AdobeStock_1399461346_hp2-1280x500.jpg",1280,500,true],"featured-large":["https:\/\/www.ghc.de\/media\/Satelit-AdobeStock_1399461346_hp2-1440x500.jpg",1440,500,true],"featured-xlarge":["https:\/\/www.ghc.de\/media\/Satelit-AdobeStock_1399461346_hp2-1920x500.jpg",1920,500,true],"fp-small":["https:\/\/www.ghc.de\/media\/Satelit-AdobeStock_1399461346_hp2-640x233.jpg",640,233,true],"fp-medium":["https:\/\/www.ghc.de\/media\/Satelit-AdobeStock_1399461346_hp2-1024x373.jpg",1024,373,true],"fp-large":["https:\/\/www.ghc.de\/media\/Satelit-AdobeStock_1399461346_hp2-1200x438.jpg",1200,438,true],"fp-xlarge":["https:\/\/www.ghc.de\/media\/Satelit-AdobeStock_1399461346_hp2.jpg",1920,700,false],"teaser-block":["https:\/\/www.ghc.de\/media\/Satelit-AdobeStock_1399461346_hp2-1000x500.jpg",1000,500,true],"location-small":["https:\/\/www.ghc.de\/media\/Satelit-AdobeStock_1399461346_hp2-600x334.jpg",600,334,true]},"uagb_author_info":{"display_name":"Admin f\u00fcr Andreas Mey","author_link":"https:\/\/www.ghc.de\/de\/author\/radmin\/"},"uagb_comment_info":0,"uagb_excerpt":"Unser Unternehmen, gegr\u00fcndet 1904, ist der Spezialist f\u00fcr Spezialgase. Ob Industrie, Medizin oder Handwerk: Unsere au\u00dfergew\u00f6hnlich breite Palette an Gasen, K\u00e4ltemitteln und Zubeh\u00f6r steht Gesch\u00e4ftspartnern aus vielen Branchen weltweit zur Verf\u00fcgung. Als Gas- und K\u00e4ltemittelspezialist ist unser integriertes Qualit\u00e4ts- und Umweltmanagementsystem nach DIN EN ISO 9001 und 14001 zertifiziert. Damit garantieren wir Ihnen eine hohe&hellip;","_links":{"self":[{"href":"https:\/\/www.ghc.de\/de\/wp-json\/wp\/v2\/pages\/2044","targetHints":{"allow":["GET"]}}],"collection":[{"href":"https:\/\/www.ghc.de\/de\/wp-json\/wp\/v2\/pages"}],"about":[{"href":"https:\/\/www.ghc.de\/de\/wp-json\/wp\/v2\/types\/page"}],"author":[{"embeddable":true,"href":"https:\/\/www.ghc.de\/de\/wp-json\/wp\/v2\/users\/1"}],"replies":[{"embeddable":true,"href":"https:\/\/www.ghc.de\/de\/wp-json\/wp\/v2\/comments?post=2044"}],"version-history":[{"count":41,"href":"https:\/\/www.ghc.de\/de\/wp-json\/wp\/v2\/pages\/2044\/revisions"}],"predecessor-version":[{"id":6651,"href":"https:\/\/www.ghc.de\/de\/wp-json\/wp\/v2\/pages\/2044\/revisions\/6651"}],"wp:featuredmedia":[{"embeddable":true,"href":"https:\/\/www.ghc.de\/de\/wp-json\/wp\/v2\/media\/7213"}],"wp:attachment":[{"href":"https:\/\/www.ghc.de\/de\/wp-json\/wp\/v2\/media?parent=2044"}],"curies":[{"name":"wp","href":"https:\/\/api.w.org\/{rel}","templated":true}]}}