{"id":223,"date":"2019-06-18T09:01:06","date_gmt":"2019-06-18T07:01:06","guid":{"rendered":"http:\/\/83.236.219.254\/?page_id=223"},"modified":"2023-08-01T07:00:11","modified_gmt":"2023-08-01T05:00:11","slug":"impressum","status":"publish","type":"page","link":"https:\/\/www.ghc.de\/de\/impressum\/","title":{"rendered":"Impressum und rechtliche Hinweise"},"content":{"rendered":"\n<h3 class=\"wp-block-heading\">GHC GERLING, HOLZ &amp; CO. Handels GmbH<\/h3>\n\n\n\n<p>Ruhrstra\u00dfe 113<br>22761 Hamburg<\/p>\n\n\n\n<p>Telefon: 040 \/ 853123-0<br>Telefax: 040 \/ 853123-66<\/p>\n\n\n\n<p>E-Mail: <a href=\"mailto:hamburg@ghc.de\">hamburg(at)ghc(dot)de<\/a><\/p>\n\n\n\n<p>Gesch\u00e4ftsf\u00fchrerin: Marlene Pakull<\/p>\n\n\n\n<p>Sitz: Hamburg<br>Registernummer: HRB Nr. 47642<br>Steuernummer: 41\/724\/02262<\/p>\n\n\n\n<p>Umsatzsteuer-Identifikationsnummer<br>gem\u00e4\u00df \u00a7 27 a Umsatzsteuergesetz: DE 811 138 655<\/p>\n\n\n\n<hr class=\"wp-block-separator has-css-opacity\"\/>\n\n\n\n<h3 class=\"wp-block-heading\">Hinweise zum Urheberrecht <\/h3>\n\n\n\n<p>Die Web-Seiten der Domain www.ghc.de und ihre Inhalte sind \u00a9 Copyright by GHC Gerling, Holz + Co. Alle Rechte sind vorbehalten. <\/p>\n\n\n\n<hr class=\"wp-block-separator has-css-opacity\"\/>\n\n\n\n<h3 class=\"wp-block-heading\">Hinweise zum Haftungsausschluss<\/h3>\n\n\n\n<p>Mit Urteil vom 12. Mai 1998 hat das Landgericht Hamburg entschieden, dass man durch die Ausbringung eines Links die Inhalte der gelinkten Seite ggf. mit zu verantworten hat. Dies kann &#8211; so das LG &#8211; nur dadurch verhindert werden, dass man sich ausdr\u00fccklich von diesen Inhalten distanziert. Wir betonen ausdr\u00fccklich, dass wir keinerlei Einfluss auf die Gestaltung und die Inhalte der verlinkten Seiten haben. Deshalb distanzieren wir uns hiermit ausdr\u00fccklich von allen Inhalten aller verlinkten Seiten und machen uns ihre Inhalte nicht zu eigen. Diese Erkl\u00e4rung gilt f\u00fcr alle auf unseren Seiten angebrachten Links zu fremden Seiten. <\/p>\n","protected":false},"excerpt":{"rendered":"<p>GHC GERLING, HOLZ &amp; CO. Handels GmbH Ruhrstra\u00dfe 11322761 Hamburg Telefon: 040 \/ 853123-0Telefax: 040 \/ 853123-66 E-Mail: hamburg(at)ghc(dot)de Gesch\u00e4ftsf\u00fchrerin: Marlene Pakull Sitz: HamburgRegisternummer: HRB Nr. 47642Steuernummer: 41\/724\/02262 Umsatzsteuer-Identifikationsnummergem\u00e4\u00df \u00a7 27 a Umsatzsteuergesetz: DE 811 138 655 Hinweise zum Urheberrecht Die Web-Seiten der Domain www.ghc.de und ihre Inhalte sind \u00a9 Copyright by GHC Gerling, Holz [&hellip;]<\/p>\n","protected":false},"author":1,"featured_media":0,"parent":0,"menu_order":0,"comment_status":"closed","ping_status":"closed","template":"","meta":{"_acf_changed":false,"_uag_custom_page_level_css":"","footnotes":""},"class_list":["post-223","page","type-page","status-publish","hentry"],"acf":[],"uagb_featured_image_src":{"full":false,"thumbnail":false,"medium":false,"medium_large":false,"large":false,"1536x1536":false,"2048x2048":false,"featured-small":false,"featured-medium":false,"featured-large":false,"featured-xlarge":false,"fp-small":false,"fp-medium":false,"fp-large":false,"fp-xlarge":false,"teaser-block":false,"location-small":false},"uagb_author_info":{"display_name":"Admin f\u00fcr Andreas Mey","author_link":"https:\/\/www.ghc.de\/de\/author\/radmin\/"},"uagb_comment_info":0,"uagb_excerpt":"GHC GERLING, HOLZ &amp; CO. Handels GmbH Ruhrstra\u00dfe 11322761 Hamburg Telefon: 040 \/ 853123-0Telefax: 040 \/ 853123-66 E-Mail: hamburg(at)ghc(dot)de Gesch\u00e4ftsf\u00fchrerin: Marlene Pakull Sitz: HamburgRegisternummer: HRB Nr. 47642Steuernummer: 41\/724\/02262 Umsatzsteuer-Identifikationsnummergem\u00e4\u00df \u00a7 27 a Umsatzsteuergesetz: DE 811 138 655 Hinweise zum Urheberrecht Die Web-Seiten der Domain www.ghc.de und ihre Inhalte sind \u00a9 Copyright by GHC Gerling, Holz&hellip;","_links":{"self":[{"href":"https:\/\/www.ghc.de\/de\/wp-json\/wp\/v2\/pages\/223","targetHints":{"allow":["GET"]}}],"collection":[{"href":"https:\/\/www.ghc.de\/de\/wp-json\/wp\/v2\/pages"}],"about":[{"href":"https:\/\/www.ghc.de\/de\/wp-json\/wp\/v2\/types\/page"}],"author":[{"embeddable":true,"href":"https:\/\/www.ghc.de\/de\/wp-json\/wp\/v2\/users\/1"}],"replies":[{"embeddable":true,"href":"https:\/\/www.ghc.de\/de\/wp-json\/wp\/v2\/comments?post=223"}],"version-history":[{"count":5,"href":"https:\/\/www.ghc.de\/de\/wp-json\/wp\/v2\/pages\/223\/revisions"}],"predecessor-version":[{"id":6641,"href":"https:\/\/www.ghc.de\/de\/wp-json\/wp\/v2\/pages\/223\/revisions\/6641"}],"wp:attachment":[{"href":"https:\/\/www.ghc.de\/de\/wp-json\/wp\/v2\/media?parent=223"}],"curies":[{"name":"wp","href":"https:\/\/api.w.org\/{rel}","templated":true}]}}