{"id":3357,"date":"2020-06-17T11:13:39","date_gmt":"2020-06-17T09:13:39","guid":{"rendered":"https:\/\/83.236.219.254\/?page_id=3357"},"modified":"2026-01-16T13:00:28","modified_gmt":"2026-01-16T12:00:28","slug":"downloads","status":"publish","type":"page","link":"https:\/\/www.ghc.de\/de\/leistungen\/fortbildung\/downloads\/","title":{"rendered":"Downloads"},"content":{"rendered":"\n<h5 class=\"wp-block-heading has-text-align-center\">Kurs-Unterlagen<\/h5>\n\n\n\n<section class=\"wp-block-uagb-section uagb-section__wrap uagb-section__background-undefined uagb-block-78be2609 downloads\"><div class=\"uagb-section__overlay\"><\/div><div class=\"uagb-section__inner-wrap\">\n<p>Sie m\u00f6chten das Wissen aus unseren Schulungen auffrischen oder vertiefen? Im Download-Bereich haben wir die Referate unserer Experten f\u00fcr Sie zusammengestellt.<\/p>\n\n\n\n<h2 class=\"wp-block-heading\"><strong>2025<\/strong><\/h2>\n\n\n\n<p class=\"has-medium-font-size\"><strong> Referate zur Schwimmmeisterschulung 2025<\/strong>:<\/p>\n\n\n\n<div class=\"wp-block-file\"><a id=\"wp-block-file--media-3e29d352-5be2-4690-8bf9-ebd37583d4c0\" href=\"https:\/\/www.ghc.de\/media\/Vom-Planungshimmel-zur-Realitaetshoelle-Dr.-Huelshorst.pdf\"><strong>Vom Planungshimmel zur Realit\u00e4tsh\u00f6lle &#8211; Dr. H\u00fclshorst<\/strong><\/a><a href=\"https:\/\/www.ghc.de\/media\/Vom-Planungshimmel-zur-Realitaetshoelle-Dr.-Huelshorst.pdf\" class=\"wp-block-file__button wp-element-button\" download aria-describedby=\"wp-block-file--media-3e29d352-5be2-4690-8bf9-ebd37583d4c0\">Herunterladen<\/a><\/div>\n\n\n\n<div style=\"height:42px\" aria-hidden=\"true\" class=\"wp-block-spacer\"><\/div>\n\n\n\n<div class=\"wp-block-file\"><a id=\"wp-block-file--media-e64350d9-8bab-4845-b05c-a33ae21aecd2\" href=\"https:\/\/www.ghc.de\/media\/Moderne-MSR-Technik-im-Einsatz-xylem-Evoqua.pdf\"><strong>Moderne MSR-Technik im Einsatz &#8211; xylem (Evoqua)<\/strong><\/a><a href=\"https:\/\/www.ghc.de\/media\/Moderne-MSR-Technik-im-Einsatz-xylem-Evoqua.pdf\" class=\"wp-block-file__button wp-element-button\" download aria-describedby=\"wp-block-file--media-e64350d9-8bab-4845-b05c-a33ae21aecd2\">Herunterladen<\/a><\/div>\n\n\n\n<div style=\"height:29px\" aria-hidden=\"true\" class=\"wp-block-spacer\"><\/div>\n\n\n\n<div class=\"wp-block-file\"><a id=\"wp-block-file--media-2a44e96f-f996-4490-a8c7-af415df3a8a5\" href=\"https:\/\/www.ghc.de\/media\/Filterspuelung-Einsparpotentiale-Praxistipps-Arnim-Beyer-KWS-Berlin.pdf\"><strong>Filtersp\u00fclung Einsparpotentiale Praxistipps &#8211; Arnim Beyer &#8211; KWS Berlin<\/strong><\/a><a href=\"https:\/\/www.ghc.de\/media\/Filterspuelung-Einsparpotentiale-Praxistipps-Arnim-Beyer-KWS-Berlin.pdf\" class=\"wp-block-file__button wp-element-button\" download aria-describedby=\"wp-block-file--media-2a44e96f-f996-4490-a8c7-af415df3a8a5\">Herunterladen<\/a><\/div>\n\n\n\n<div style=\"height:29px\" aria-hidden=\"true\" class=\"wp-block-spacer\"><\/div>\n\n\n\n<div class=\"wp-block-file\"><a id=\"wp-block-file--media-f8348df9-6eb3-4946-a0df-e4486ec0bd06\" href=\"https:\/\/www.ghc.de\/media\/Desinfektion-von-Wasser-Frueher-und-Heute-Thomas-Beutel-Lutz-Jesco.pdf\"><strong>Desinfektion von Wasser &#8211; Fr\u00fcher und Heute &#8211; Thomas Beutel &#8211; Lutz-Jesco<\/strong><\/a><a href=\"https:\/\/www.ghc.de\/media\/Desinfektion-von-Wasser-Frueher-und-Heute-Thomas-Beutel-Lutz-Jesco.pdf\" class=\"wp-block-file__button wp-element-button\" download aria-describedby=\"wp-block-file--media-f8348df9-6eb3-4946-a0df-e4486ec0bd06\">Herunterladen<\/a><\/div>\n\n\n\n<div style=\"height:29px\" aria-hidden=\"true\" class=\"wp-block-spacer\"><\/div>\n\n\n\n<div class=\"wp-block-file\"><a id=\"wp-block-file--media-0ff37488-35bd-4c30-97b7-8aeff7822822\" href=\"https:\/\/www.ghc.de\/media\/Chlorgasanlagen-in-der-Praxis-Frank-Przepiora-Tricura.pdf\"><strong>Chlorgasanlagen in der Praxis &#8211; Frank Przepiora &#8211; Tricura<\/strong><\/a><a href=\"https:\/\/www.ghc.de\/media\/Chlorgasanlagen-in-der-Praxis-Frank-Przepiora-Tricura.pdf\" class=\"wp-block-file__button wp-element-button\" download aria-describedby=\"wp-block-file--media-0ff37488-35bd-4c30-97b7-8aeff7822822\">Herunterladen<\/a><\/div>\n\n\n\n<p><\/p>\n\n\n\n<h2 class=\"wp-block-heading\">2<a href=\"https:\/\/www.ghc.de\/media\/Vom-Planungshimmel-zur-Realitaetshoelle-Dr.-Huelshorst.pdf\">0<\/a>24<\/h2>\n\n\n\n<div class=\"wp-block-file\"><a id=\"wp-block-file--media-29a29a15-230e-47ee-8a79-a3d4d44de8ab\" href=\"https:\/\/www.ghc.de\/media\/Sicherer-Umgang-mit-Chlorgas-Update-2024-Frank-Przepiora-Tricura-1.pdf\"><strong>Sicherer Umgang mit Chlorgas &#8211; Update 2024 &#8211; Frank Przepiora &#8211; Tricura <\/strong><br>Referat zur Schwimmmeisterschulung 2024<\/a><a href=\"https:\/\/www.ghc.de\/media\/Sicherer-Umgang-mit-Chlorgas-Update-2024-Frank-Przepiora-Tricura-1.pdf\" class=\"wp-block-file__button wp-element-button\" download aria-describedby=\"wp-block-file--media-29a29a15-230e-47ee-8a79-a3d4d44de8ab\">Herunterladen<\/a><\/div>\n\n\n\n<div style=\"height:29px\" aria-hidden=\"true\" class=\"wp-block-spacer\"><\/div>\n\n\n\n<div style=\"height:0px\" aria-hidden=\"true\" class=\"wp-block-spacer\"><\/div>\n\n\n\n<div class=\"wp-block-file\"><a id=\"wp-block-file--media-33269999-3f5a-4f2b-a0e5-48116785ca60\" href=\"https:\/\/www.ghc.de\/media\/Atemschutzgeraete-PSA-Dr.-Frank-Huelshorst-1.pdf\"><strong>Atemschutzger\u00e4te + PSA &#8211; Dr. Frank H\u00fclshorst<\/strong><br>Referat zur Schwimmmeisterschulung 2024<\/a><a href=\"https:\/\/www.ghc.de\/media\/Atemschutzgeraete-PSA-Dr.-Frank-Huelshorst-1.pdf\" class=\"wp-block-file__button wp-element-button\" download aria-describedby=\"wp-block-file--media-33269999-3f5a-4f2b-a0e5-48116785ca60\">Herunterladen<\/a><\/div>\n\n\n\n<div style=\"height:27px\" aria-hidden=\"true\" class=\"wp-block-spacer\"><\/div>\n\n\n\n<div class=\"wp-block-file\"><a id=\"wp-block-file--media-2f42e893-e237-4046-8fe6-604c7d9e54ac\" href=\"https:\/\/www.ghc.de\/media\/Gefahrguttransporte-Verladerpflichten-Marco-Schlapkohl-GHC-Gerling-Holz-Co-1.pdf\"><strong>Gefahrguttransporte (Verladerpflichten) &#8211; Marco Schlapkohl &#8211; GHC Gerling, Holz &amp; Co<\/strong><br>Referat zur Schwimmmeisterschulung 2024.<\/a><a href=\"https:\/\/www.ghc.de\/media\/Gefahrguttransporte-Verladerpflichten-Marco-Schlapkohl-GHC-Gerling-Holz-Co-1.pdf\" class=\"wp-block-file__button wp-element-button\" download aria-describedby=\"wp-block-file--media-2f42e893-e237-4046-8fe6-604c7d9e54ac\">Herunterladen<\/a><\/div>\n\n\n\n<div style=\"height:29px\" aria-hidden=\"true\" class=\"wp-block-spacer\"><\/div>\n\n\n\n<div class=\"wp-block-file\"><a id=\"wp-block-file--media-d7ee06e9-9cee-46df-922a-87eab61c36d8\" href=\"https:\/\/www.ghc.de\/media\/Renaissance-des-Anschwemmfilters-xylem-Evoqua.pdf\"><strong>Renaissance des Anschwemmfilters &#8211; xylem (Evoqua)<\/strong><br>Referat zur Schwimmmeisterschulung 2024<\/a><a href=\"https:\/\/www.ghc.de\/media\/Renaissance-des-Anschwemmfilters-xylem-Evoqua.pdf\" class=\"wp-block-file__button wp-element-button\" download aria-describedby=\"wp-block-file--media-d7ee06e9-9cee-46df-922a-87eab61c36d8\">Herunterladen<\/a><\/div>\n\n\n\n<div style=\"height:29px\" aria-hidden=\"true\" class=\"wp-block-spacer\"><\/div>\n\n\n\n<div class=\"wp-block-file\"><a id=\"wp-block-file--media-06b47f0b-2040-4c25-9025-082f2dd7086d\" href=\"https:\/\/www.ghc.de\/media\/Probleme-und-Fehler-in-der-Schwimmbeckenwasseraufbereitung-Arnim-Beyer-KWS-Berlin-1.pdf\"><strong>Probleme und Fehler in der Schwimmbeckenwasseraufbereitung &#8211; Arnim Beyer &#8211; KWS Berlin <\/strong><br>Referat zur Schwimmmeisterschulung 2024<\/a><a href=\"https:\/\/www.ghc.de\/media\/Probleme-und-Fehler-in-der-Schwimmbeckenwasseraufbereitung-Arnim-Beyer-KWS-Berlin-1.pdf\" class=\"wp-block-file__button wp-element-button\" download aria-describedby=\"wp-block-file--media-06b47f0b-2040-4c25-9025-082f2dd7086d\">Herunterladen<\/a><\/div>\n\n\n\n<div style=\"height:71px\" aria-hidden=\"true\" class=\"wp-block-spacer\"><\/div>\n\n\n\n<h2 class=\"wp-block-heading has-text-align-left\">2023<\/h2>\n\n\n\n<div class=\"wp-block-file\"><a id=\"wp-block-file--media-7a366bf1-f248-43c7-91b7-0fbcc7aa6d3b\" href=\"https:\/\/www.ghc.de\/media\/So-geht\u00b4s-GB-Flaschenwechsel-Dr.-Frank-Huelshorst-2023.pdf\" target=\"_blank\" rel=\"noreferrer noopener\"><strong>Dr. Frank H\u00fclshorst &#8211; So-geht\u00b4s! GB Flaschenwechsel in der Praxis<\/strong><br>Referat zur Schwimmmeisterschulung 2023<\/a><a href=\"https:\/\/www.ghc.de\/media\/So-geht\u00b4s-GB-Flaschenwechsel-Dr.-Frank-Huelshorst-2023.pdf\" class=\"wp-block-file__button wp-element-button\" download aria-describedby=\"wp-block-file--media-7a366bf1-f248-43c7-91b7-0fbcc7aa6d3b\">Herunterladen<\/a><\/div>\n\n\n\n<div style=\"height:10px\" aria-hidden=\"true\" class=\"wp-block-spacer\"><\/div>\n\n\n\n<div class=\"wp-block-file\"><a id=\"wp-block-file--media-3f6b6c9b-2165-4e79-a995-79eb3b3fa792\" href=\"https:\/\/www.ghc.de\/media\/Sicherheitssysteme-fuer-den-sicheren-Betrieb-mit-Druckbehaeltern-Evoqua.pdf\" target=\"_blank\" rel=\"noreferrer noopener\"><strong>Michael Melzer, Evoqua Water Technologies GmbH &#8211; Restdrucksicherung und Notabschaltsystem ESD<\/strong><br>Referat zur Schwimmmeisterschulung 2023<\/a><a href=\"https:\/\/www.ghc.de\/media\/Sicherheitssysteme-fuer-den-sicheren-Betrieb-mit-Druckbehaeltern-Evoqua.pdf\" class=\"wp-block-file__button wp-element-button\" download aria-describedby=\"wp-block-file--media-3f6b6c9b-2165-4e79-a995-79eb3b3fa792\">Herunterladen<\/a><\/div>\n\n\n\n<div style=\"height:10px\" aria-hidden=\"true\" class=\"wp-block-spacer\"><\/div>\n\n\n\n<div class=\"wp-block-file\"><a id=\"wp-block-file--media-70e10dd6-2e9f-4ac2-828b-cc6f6f5253c8\" href=\"https:\/\/www.ghc.de\/media\/Sicherer-Umgang-mit-Chlorgas-Update-2023-Frank-Przepiora-Tricura.pdf\" target=\"_blank\" rel=\"noreferrer noopener\"><strong>Frank Przepiora, Tricura &#8211; Sicherer Umgang mit Chlorgas, Update 2023<\/strong><br>Referat zur Schwimmmeisterschulung 2023<\/a><a href=\"https:\/\/www.ghc.de\/media\/Sicherer-Umgang-mit-Chlorgas-Update-2023-Frank-Przepiora-Tricura.pdf\" class=\"wp-block-file__button wp-element-button\" download aria-describedby=\"wp-block-file--media-70e10dd6-2e9f-4ac2-828b-cc6f6f5253c8\">Herunterladen<\/a><\/div>\n\n\n\n<div style=\"height:10px\" aria-hidden=\"true\" class=\"wp-block-spacer\"><\/div>\n\n\n\n<div class=\"wp-block-file\"><a id=\"wp-block-file--media-7413e269-284a-42b7-883d-e5f7f79a624d\" href=\"https:\/\/www.ghc.de\/media\/Filtervergleich-Arnim-Beyer-KWS-Berlin.pdf\" target=\"_blank\" rel=\"noreferrer noopener\"><strong>Dipl.-Ing. Arnim Beyer, KWS Technische Dienstleistungen e.K. &#8211; Filtervergleich<\/strong><br>Referat zur Schwimmmeisterschulung 2023<\/a><a href=\"https:\/\/www.ghc.de\/media\/Filtervergleich-Arnim-Beyer-KWS-Berlin.pdf\" class=\"wp-block-file__button wp-element-button\" download aria-describedby=\"wp-block-file--media-7413e269-284a-42b7-883d-e5f7f79a624d\">Herunterladen<\/a><\/div>\n\n\n\n<div style=\"height:10px\" aria-hidden=\"true\" class=\"wp-block-spacer\"><\/div>\n\n\n\n<div class=\"wp-block-file\"><a id=\"wp-block-file--media-65304c92-ce3f-4b87-b0b0-d5a8cd96d925\" href=\"https:\/\/www.ghc.de\/media\/Biozid-Zulassung-und-Sackunde-PFAS-Verbot-Gerling-Holz-Co.pdf\" target=\"_blank\" rel=\"noreferrer noopener\"><strong>Gerling Holz &amp; Co &#8211; Biozid-Zulassung und -Sachkunde, PFAS-Verbot<\/strong><br>Referat zur Schwimmmeisterschulung 2023<\/a><a href=\"https:\/\/www.ghc.de\/media\/Biozid-Zulassung-und-Sackunde-PFAS-Verbot-Gerling-Holz-Co.pdf\" class=\"wp-block-file__button wp-element-button\" download aria-describedby=\"wp-block-file--media-65304c92-ce3f-4b87-b0b0-d5a8cd96d925\">Herunterladen<\/a><\/div>\n\n\n\n<div style=\"height:64px\" aria-hidden=\"true\" class=\"wp-block-spacer\"><\/div>\n\n\n\n<h2 class=\"wp-block-heading\">2022<\/h2>\n\n\n\n<div style=\"height:10px\" aria-hidden=\"true\" class=\"wp-block-spacer\"><\/div>\n\n\n\n<div class=\"wp-block-file\"><a id=\"wp-block-file--media-29e80470-969a-468a-8f03-36ea3a801b55\" href=\"https:\/\/www.ghc.de\/media\/Dr.-Frank-Huelshorst-Der-sichere-Betrieb-von-Chlorgasanlagen-gem.-GefStoffV-AwSV-und-DIN-19606-SBF-09-2022.pdf\" target=\"_blank\" rel=\"noreferrer noopener\"><strong>Dr. Frank H\u00fclshorst &#8211; Der sichere Betrieb von Chlorgasanlagen gem. GefStoffV, AwSV und DIN 19606<\/strong><br>Referat zur Schwimmmeisterschulung 2022<\/a><a href=\"https:\/\/www.ghc.de\/media\/Dr.-Frank-Huelshorst-Der-sichere-Betrieb-von-Chlorgasanlagen-gem.-GefStoffV-AwSV-und-DIN-19606-SBF-09-2022.pdf\" class=\"wp-block-file__button wp-element-button\" download aria-describedby=\"wp-block-file--media-29e80470-969a-468a-8f03-36ea3a801b55\">Herunterladen<\/a><\/div>\n\n\n\n<div style=\"height:10px\" aria-hidden=\"true\" class=\"wp-block-spacer\"><\/div>\n\n\n\n<div class=\"wp-block-file\"><a id=\"wp-block-file--media-29e80470-969a-468a-8f03-36ea3a801b55\" href=\"https:\/\/www.ghc.de\/media\/Dipl.-Ing.-Georg-Csontos-Das-Gefahrenpotential-der-im-Schwimmbad-eingesetzten-Desinfektionsmittel-SBF-09-2022.pdf\" target=\"_blank\" rel=\"noreferrer noopener\"><strong>Dipl. Ing. Georg Csontos &#8211; Das Gefahrenpotential der im Schwimmbad eingesetzten Desinfektionsmittel<\/strong><br>Referat zur Schwimmmeisterschulung 2022<\/a><a href=\"https:\/\/www.ghc.de\/media\/Dipl.-Ing.-Georg-Csontos-Das-Gefahrenpotential-der-im-Schwimmbad-eingesetzten-Desinfektionsmittel-SBF-09-2022.pdf\" class=\"wp-block-file__button wp-element-button\" download aria-describedby=\"wp-block-file--media-29e80470-969a-468a-8f03-36ea3a801b55\">Herunterladen<\/a><\/div>\n\n\n\n<div style=\"height:10px\" aria-hidden=\"true\" class=\"wp-block-spacer\"><\/div>\n\n\n\n<div class=\"wp-block-file\"><a id=\"wp-block-file--media-29e80470-969a-468a-8f03-36ea3a801b55\" href=\"https:\/\/www.ghc.de\/media\/Frank-Przepiora-Chlorgasdosieranlagen-SBF-09-2022.pdf\" target=\"_blank\" rel=\"noreferrer noopener\"><strong>Frank Przepiora &#8211; Chlorgasdosieranlagen<\/strong><br>Referat zur Schwimmmeisterschulung 2022<\/a><a href=\"https:\/\/www.ghc.de\/media\/Frank-Przepiora-Chlorgasdosieranlagen-SBF-09-2022.pdf\" class=\"wp-block-file__button wp-element-button\" download aria-describedby=\"wp-block-file--media-29e80470-969a-468a-8f03-36ea3a801b55\">Herunterladen<\/a><\/div>\n\n\n\n<div style=\"height:10px\" aria-hidden=\"true\" class=\"wp-block-spacer\"><\/div>\n\n\n\n<div class=\"wp-block-file\"><a id=\"wp-block-file--media-d9dd9680-b8d6-4018-b975-7c2ef6c3c902\" href=\"https:\/\/www.ghc.de\/media\/Ulrich-Klatte-und-Dr.-Frank-Huelshorst-Sicherheitshinweise-zur-Vermeidung-von-Chlorgasfreisetzung.pdf\" target=\"_blank\" rel=\"noreferrer noopener\"><strong>Ulrich Klatte\/Dr. Frank H\u00fclshorst &#8211; Sicherheitshinweise zur Vermeidung von Chlorgasfreisetzung<\/strong><br>Referat zur Schwimmmeisterschulung 2022<\/a><a href=\"https:\/\/www.ghc.de\/media\/Ulrich-Klatte-und-Dr.-Frank-Huelshorst-Sicherheitshinweise-zur-Vermeidung-von-Chlorgasfreisetzung.pdf\" class=\"wp-block-file__button wp-element-button\" download aria-describedby=\"wp-block-file--media-d9dd9680-b8d6-4018-b975-7c2ef6c3c902\">Herunterladen<\/a><\/div>\n\n\n\n<h2 class=\"wp-block-heading\"><\/h2>\n\n\n\n<div style=\"height:10px\" aria-hidden=\"true\" class=\"wp-block-spacer\"><\/div>\n\n\n\n<div style=\"height:10px\" aria-hidden=\"true\" class=\"wp-block-spacer\"><\/div>\n\n\n\n<div style=\"height:10px\" aria-hidden=\"true\" class=\"wp-block-spacer\"><\/div>\n\n\n\n<div style=\"height:10px\" aria-hidden=\"true\" class=\"wp-block-spacer\"><\/div>\n\n\n\n<div style=\"height:64px\" aria-hidden=\"true\" class=\"wp-block-spacer\"><\/div>\n\n\n\n<h2 class=\"wp-block-heading\"><\/h2>\n\n\n\n<div style=\"height:10px\" aria-hidden=\"true\" class=\"wp-block-spacer\"><\/div>\n\n\n\n<div style=\"height:10px\" aria-hidden=\"true\" class=\"wp-block-spacer\"><\/div>\n\n\n\n<div style=\"height:10px\" aria-hidden=\"true\" class=\"wp-block-spacer\"><\/div>\n<\/div><\/section>\n\n\n\n<p><\/p>\n","protected":false},"excerpt":{"rendered":"<p>Kurs-Unterlagen<\/p>\n","protected":false},"author":1,"featured_media":3136,"parent":1016,"menu_order":0,"comment_status":"closed","ping_status":"closed","template":"","meta":{"_acf_changed":false,"_uag_custom_page_level_css":"","footnotes":""},"class_list":["post-3357","page","type-page","status-publish","has-post-thumbnail","hentry"],"acf":[],"uagb_featured_image_src":{"full":["https:\/\/www.ghc.de\/media\/AdobeStock_224521180-scaled.jpeg",2560,1548,false],"thumbnail":["https:\/\/www.ghc.de\/media\/AdobeStock_224521180-150x150.jpeg",150,150,true],"medium":["https:\/\/www.ghc.de\/media\/AdobeStock_224521180-300x181.jpeg",300,181,true],"medium_large":["https:\/\/www.ghc.de\/media\/AdobeStock_224521180-768x465.jpeg",768,465,true],"large":["https:\/\/www.ghc.de\/media\/AdobeStock_224521180-1024x619.jpeg",1024,619,true],"1536x1536":["https:\/\/www.ghc.de\/media\/AdobeStock_224521180-1536x929.jpeg",1536,929,true],"2048x2048":["https:\/\/www.ghc.de\/media\/AdobeStock_224521180-2048x1239.jpeg",2048,1239,true],"featured-small":["https:\/\/www.ghc.de\/media\/AdobeStock_224521180-640x200.jpeg",640,200,true],"featured-medium":["https:\/\/www.ghc.de\/media\/AdobeStock_224521180-1280x500.jpeg",1280,500,true],"featured-large":["https:\/\/www.ghc.de\/media\/AdobeStock_224521180-1440x500.jpeg",1440,500,true],"featured-xlarge":["https:\/\/www.ghc.de\/media\/AdobeStock_224521180-1920x500.jpeg",1920,500,true],"fp-small":["https:\/\/www.ghc.de\/media\/AdobeStock_224521180-640x387.jpeg",640,387,true],"fp-medium":["https:\/\/www.ghc.de\/media\/AdobeStock_224521180-1024x619.jpeg",1024,619,true],"fp-large":["https:\/\/www.ghc.de\/media\/AdobeStock_224521180-1200x726.jpeg",1200,726,true],"fp-xlarge":["https:\/\/www.ghc.de\/media\/AdobeStock_224521180-1920x1161.jpeg",1920,1161,true],"teaser-block":["https:\/\/www.ghc.de\/media\/AdobeStock_224521180-1000x500.jpeg",1000,500,true],"location-small":["https:\/\/www.ghc.de\/media\/AdobeStock_224521180-600x334.jpeg",600,334,true]},"uagb_author_info":{"display_name":"Admin f\u00fcr Andreas Mey","author_link":"https:\/\/www.ghc.de\/de\/author\/radmin\/"},"uagb_comment_info":0,"uagb_excerpt":"Kurs-Unterlagen","_links":{"self":[{"href":"https:\/\/www.ghc.de\/de\/wp-json\/wp\/v2\/pages\/3357","targetHints":{"allow":["GET"]}}],"collection":[{"href":"https:\/\/www.ghc.de\/de\/wp-json\/wp\/v2\/pages"}],"about":[{"href":"https:\/\/www.ghc.de\/de\/wp-json\/wp\/v2\/types\/page"}],"author":[{"embeddable":true,"href":"https:\/\/www.ghc.de\/de\/wp-json\/wp\/v2\/users\/1"}],"replies":[{"embeddable":true,"href":"https:\/\/www.ghc.de\/de\/wp-json\/wp\/v2\/comments?post=3357"}],"version-history":[{"count":108,"href":"https:\/\/www.ghc.de\/de\/wp-json\/wp\/v2\/pages\/3357\/revisions"}],"predecessor-version":[{"id":7316,"href":"https:\/\/www.ghc.de\/de\/wp-json\/wp\/v2\/pages\/3357\/revisions\/7316"}],"up":[{"embeddable":true,"href":"https:\/\/www.ghc.de\/de\/wp-json\/wp\/v2\/pages\/1016"}],"wp:featuredmedia":[{"embeddable":true,"href":"https:\/\/www.ghc.de\/de\/wp-json\/wp\/v2\/media\/3136"}],"wp:attachment":[{"href":"https:\/\/www.ghc.de\/de\/wp-json\/wp\/v2\/media?parent=3357"}],"curies":[{"name":"wp","href":"https:\/\/api.w.org\/{rel}","templated":true}]}}