{"id":3457,"date":"2020-06-25T11:25:02","date_gmt":"2020-06-25T09:25:02","guid":{"rendered":"https:\/\/83.236.219.254\/?page_id=3457"},"modified":"2025-06-17T12:35:27","modified_gmt":"2025-06-17T10:35:27","slug":"gesellschaftliche-verantwortung","status":"publish","type":"page","link":"https:\/\/www.ghc.de\/de\/unternehmen\/gesellschaftliche-verantwortung\/","title":{"rendered":"Gesellschaftliche Verantwortung leben"},"content":{"rendered":"\n<h5 class=\"wp-block-heading has-text-align-center\">Die Seepferdchen-Stiftung<\/h5>\n\n\n\n<div class=\"wp-block-columns is-layout-flex wp-container-core-columns-is-layout-9d6595d7 wp-block-columns-is-layout-flex\">\n<div class=\"wp-block-column is-layout-flow wp-block-column-is-layout-flow\">\n<p>Soziales und gesellschaftliches Engagement ist ein Kernbestandteil verantwortungsvollen Unternehmertums. Kuno Holz, Komplement\u00e4r der GHC Gerling, Holz &amp; Co. KG, bekennt sich zu dieser Verantwortung. Im Dezember 2015 gr\u00fcndete er die <strong>Seepferdchen-Stiftung<\/strong>.<\/p>\n\n\n\n<p>Diese Stiftung unterst\u00fctzt Kinder und junge Menschen im Bundesland Hamburg, die nicht gen\u00fcgend eigene M\u00f6glichkeiten dazu haben, Schwimmen zu lernen. Sie hat den Status einer rechtsf\u00e4higen Stiftung b\u00fcrgerlichen Rechts mit Sitz in Hamburg. Zweck der Stiftung ist die F\u00f6rderung von Bildung und Erziehung sowie der Jugendhilfe.<\/p>\n<\/div>\n\n\n\n<div class=\"wp-block-column is-layout-flow wp-block-column-is-layout-flow\">\n<p>Gem\u00e4\u00df Satzungszweck leistet die Stiftung finanzielle Unterst\u00fctzung des Schwimmunterrichts f\u00fcr Kinder und Jugendliche bis zum vollendeten 14. Lebensjahr, durchgef\u00fchrt von der DLRG Landesverband Hamburg e.V.<\/p>\n\n\n\n<p>Die Seepferdchen-Stiftung ebnet zudem die Voraussetzungen f\u00fcr diesen Schwimmunterricht \u2013 z.B. durch die Bereitstellung angemessener Einrichtungen wie Schwimmhallen und Schwimmb\u00e4der. Hier \u00fcbernimmt sie z.B. Mietkosten oder Reparaturen.<\/p>\n<\/div>\n<\/div>\n\n\n\n<section class=\"wp-block-uagb-section uagb-section__wrap uagb-section__background-image alignfull uagb-block-a9e12b61\"><div class=\"uagb-section__overlay\"><\/div><div class=\"uagb-section__inner-wrap\">\n<p class=\"has-white-color has-text-color\">Seit 2015 f\u00f6rdert die Seepferdchen-Stiftung viele Anf\u00e4ngerschwimmkurse.<\/p>\n<\/div><\/section>\n\n\n\n<p>Quelle Bilder: DLRG <\/p>\n\n\n\n<p><\/p>\n","protected":false},"excerpt":{"rendered":"<p>Die Seepferdchen-Stiftung Soziales und gesellschaftliches Engagement ist ein Kernbestandteil verantwortungsvollen Unternehmertums. Kuno Holz, Komplement\u00e4r der GHC Gerling, Holz &amp; Co. KG, bekennt sich zu dieser Verantwortung. Im Dezember 2015 gr\u00fcndete er die Seepferdchen-Stiftung. Diese Stiftung unterst\u00fctzt Kinder und junge Menschen im Bundesland Hamburg, die nicht gen\u00fcgend eigene M\u00f6glichkeiten dazu haben, Schwimmen zu lernen. Sie hat [&hellip;]<\/p>\n","protected":false},"author":1,"featured_media":3463,"parent":615,"menu_order":0,"comment_status":"closed","ping_status":"closed","template":"","meta":{"_acf_changed":false,"_uag_custom_page_level_css":"","footnotes":""},"class_list":["post-3457","page","type-page","status-publish","has-post-thumbnail","hentry"],"acf":[],"uagb_featured_image_src":{"full":["https:\/\/www.ghc.de\/media\/dlrg-presse-ausbildung-i.jpg",2000,1338,false],"thumbnail":["https:\/\/www.ghc.de\/media\/dlrg-presse-ausbildung-i-150x150.jpg",150,150,true],"medium":["https:\/\/www.ghc.de\/media\/dlrg-presse-ausbildung-i-300x201.jpg",300,201,true],"medium_large":["https:\/\/www.ghc.de\/media\/dlrg-presse-ausbildung-i-768x514.jpg",768,514,true],"large":["https:\/\/www.ghc.de\/media\/dlrg-presse-ausbildung-i-1024x685.jpg",1024,685,true],"1536x1536":["https:\/\/www.ghc.de\/media\/dlrg-presse-ausbildung-i-1536x1028.jpg",1536,1028,true],"2048x2048":["https:\/\/www.ghc.de\/media\/dlrg-presse-ausbildung-i.jpg",2000,1338,false],"featured-small":["https:\/\/www.ghc.de\/media\/dlrg-presse-ausbildung-i-640x200.jpg",640,200,true],"featured-medium":["https:\/\/www.ghc.de\/media\/dlrg-presse-ausbildung-i-1280x500.jpg",1280,500,true],"featured-large":["https:\/\/www.ghc.de\/media\/dlrg-presse-ausbildung-i-1440x500.jpg",1440,500,true],"featured-xlarge":["https:\/\/www.ghc.de\/media\/dlrg-presse-ausbildung-i-1920x500.jpg",1920,500,true],"fp-small":["https:\/\/www.ghc.de\/media\/dlrg-presse-ausbildung-i-640x428.jpg",640,428,true],"fp-medium":["https:\/\/www.ghc.de\/media\/dlrg-presse-ausbildung-i-1024x685.jpg",1024,685,true],"fp-large":["https:\/\/www.ghc.de\/media\/dlrg-presse-ausbildung-i-1200x803.jpg",1200,803,true],"fp-xlarge":["https:\/\/www.ghc.de\/media\/dlrg-presse-ausbildung-i-1920x1284.jpg",1920,1284,true],"teaser-block":["https:\/\/www.ghc.de\/media\/dlrg-presse-ausbildung-i-1000x500.jpg",1000,500,true],"location-small":["https:\/\/www.ghc.de\/media\/dlrg-presse-ausbildung-i-600x334.jpg",600,334,true]},"uagb_author_info":{"display_name":"Admin f\u00fcr Andreas Mey","author_link":"https:\/\/www.ghc.de\/de\/author\/radmin\/"},"uagb_comment_info":0,"uagb_excerpt":"Die Seepferdchen-Stiftung Soziales und gesellschaftliches Engagement ist ein Kernbestandteil verantwortungsvollen Unternehmertums. Kuno Holz, Komplement\u00e4r der GHC Gerling, Holz &amp; Co. KG, bekennt sich zu dieser Verantwortung. Im Dezember 2015 gr\u00fcndete er die Seepferdchen-Stiftung. Diese Stiftung unterst\u00fctzt Kinder und junge Menschen im Bundesland Hamburg, die nicht gen\u00fcgend eigene M\u00f6glichkeiten dazu haben, Schwimmen zu lernen. Sie hat&hellip;","_links":{"self":[{"href":"https:\/\/www.ghc.de\/de\/wp-json\/wp\/v2\/pages\/3457","targetHints":{"allow":["GET"]}}],"collection":[{"href":"https:\/\/www.ghc.de\/de\/wp-json\/wp\/v2\/pages"}],"about":[{"href":"https:\/\/www.ghc.de\/de\/wp-json\/wp\/v2\/types\/page"}],"author":[{"embeddable":true,"href":"https:\/\/www.ghc.de\/de\/wp-json\/wp\/v2\/users\/1"}],"replies":[{"embeddable":true,"href":"https:\/\/www.ghc.de\/de\/wp-json\/wp\/v2\/comments?post=3457"}],"version-history":[{"count":34,"href":"https:\/\/www.ghc.de\/de\/wp-json\/wp\/v2\/pages\/3457\/revisions"}],"predecessor-version":[{"id":7222,"href":"https:\/\/www.ghc.de\/de\/wp-json\/wp\/v2\/pages\/3457\/revisions\/7222"}],"up":[{"embeddable":true,"href":"https:\/\/www.ghc.de\/de\/wp-json\/wp\/v2\/pages\/615"}],"wp:featuredmedia":[{"embeddable":true,"href":"https:\/\/www.ghc.de\/de\/wp-json\/wp\/v2\/media\/3463"}],"wp:attachment":[{"href":"https:\/\/www.ghc.de\/de\/wp-json\/wp\/v2\/media?parent=3457"}],"curies":[{"name":"wp","href":"https:\/\/api.w.org\/{rel}","templated":true}]}}