{"id":615,"date":"2020-01-22T17:12:01","date_gmt":"2020-01-22T16:12:01","guid":{"rendered":"https:\/\/83.236.219.254\/?page_id=615"},"modified":"2024-11-04T12:13:35","modified_gmt":"2024-11-04T11:13:35","slug":"unternehmen","status":"publish","type":"page","link":"https:\/\/www.ghc.de\/de\/unternehmen\/","title":{"rendered":"Unternehmen"},"content":{"rendered":"\n<h5 class=\"wp-block-heading has-text-align-center\">GHC: Ihr Experte f\u00fcr Spezialgase<\/h5>\n\n\n\n<div class=\"wp-block-columns is-layout-flex wp-container-core-columns-is-layout-9d6595d7 wp-block-columns-is-layout-flex\">\n<div class=\"wp-block-column is-layout-flow wp-block-column-is-layout-flow\" style=\"flex-basis:66.66%\">\n<p>Kompetent, innovativ und zu\u00adver\u00adl\u00e4ssig \u2013 so steht Ihnen GHC Gerling, Holz &amp; Co. zur Seite. Unsere au\u00dfergew\u00f6hnlich breite Palette an Gasen, K\u00e4ltemitteln und Zubeh\u00f6r steht Gesch\u00e4ftspartnern aus vielen Branchen in Industrie, Medizin und Handwerk weltweit zur Verf\u00fcgung.<\/p>\n<\/div>\n\n\n\n<div class=\"wp-block-column is-layout-flow wp-block-column-is-layout-flow\" style=\"flex-basis:33.33%\">\n<p>Verlassen Sie sich auf <strong>schnelle Verf\u00fcgbarkeit und prompte Lieferung \u2013 jederzeit an jeden Ort.<\/strong><\/p>\n<\/div>\n<\/div>\n\n\n\n<hr class=\"wp-block-separator has-css-opacity\"\/>\n\n\n\n<div class=\"wp-block-columns is-layout-flex wp-container-core-columns-is-layout-9d6595d7 wp-block-columns-is-layout-flex\">\n<div class=\"wp-block-column is-layout-flow wp-block-column-is-layout-flow\">\n<figure class=\"wp-block-image size-teaser-block\"><a href=\"https:\/\/www.ghc.de\/unternehmen\/standorte\/\"><img loading=\"lazy\" decoding=\"async\" width=\"1000\" height=\"500\" src=\"https:\/\/www.ghc.de\/media\/0001_hamburg-1000x557-1-1000x500.jpg\" alt=\"\" class=\"wp-image-3638\"\/><\/a><\/figure>\n\n\n\n<h2 class=\"wp-block-heading has-text-align-center\"><a href=\"https:\/\/www.ghc.de\/unternehmen\/standorte\/\">GHC-Standorte<\/a><\/h2>\n\n\n\n<h6 class=\"wp-block-heading has-text-align-center\"><a href=\"https:\/\/www.ghc.de\/unternehmen\/standorte\/\">7 x in Deutschland f\u00fcr Sie da<\/a><\/h6>\n\n\n\n<p>\u00dcber unsere Zentrale in Hamburg, sieben Standorte in Deutschland und weitere Auslieferungslager vertreiben wir unsere Produkte weltweit f\u00fcr industrielle, pharmazeutische und elektronische Anwendungen.<\/p>\n<\/div>\n\n\n\n<div class=\"wp-block-column is-layout-flow wp-block-column-is-layout-flow\">\n<figure class=\"wp-block-image size-teaser-block\"><a href=\"https:\/\/www.ghc.de\/unternehmen\/geschichte\/\"><img loading=\"lazy\" decoding=\"async\" width=\"1000\" height=\"500\" src=\"https:\/\/www.ghc.de\/media\/AdobeStock_103775242-1000x500.jpeg\" alt=\"\" class=\"wp-image-3605\"\/><\/a><\/figure>\n\n\n\n<h2 class=\"wp-block-heading has-text-align-center\"><a href=\"https:\/\/www.ghc.de\/unternehmen\/geschichte\/\">GHC-Meilensteine<\/a><\/h2>\n\n\n\n<h6 class=\"wp-block-heading has-text-align-center\"><a href=\"https:\/\/www.ghc.de\/unternehmen\/geschichte\/\">Erfolgreich seit \u00fcber 120 Jahren<\/a><\/h6>\n\n\n\n<p>Von den Anf\u00e4ngen in Hamburg-Altona bis hin zum facettenreichen Profil unseres Unternehmens in der Gegenwart: Hier erfahren Sie mehr \u00fcber die Meilensteine, die wir seit \u00fcber 115 Jahren kontinuierlich setzen.<\/p>\n<\/div>\n\n\n\n<div class=\"wp-block-column is-layout-flow wp-block-column-is-layout-flow\">\n<figure class=\"wp-block-image size-teaser-block\"><a href=\"https:\/\/www.ghc.de\/unternehmen\/gesellschaftliche-verantwortung\/\"><img loading=\"lazy\" decoding=\"async\" width=\"1000\" height=\"500\" src=\"https:\/\/www.ghc.de\/media\/dlrg-presse-ausbildung-i-1000x500.jpg\" alt=\"\" class=\"wp-image-3463\"\/><\/a><\/figure>\n\n\n\n<h2 class=\"wp-block-heading has-text-align-center\"><a href=\"https:\/\/www.ghc.de\/unternehmen\/gesellschaftliche-verantwortung\/\" data-type=\"page\" data-id=\"3457\">Verantwortung<\/a><\/h2>\n\n\n\n<h6 class=\"wp-block-heading has-text-align-center\"><a href=\"https:\/\/www.ghc.de\/unternehmen\/gesellschaftliche-verantwortung\/\" data-type=\"page\" data-id=\"3457\">Die Seepferdchen-Stiftung<\/a><\/h6>\n\n\n\n<p>Soziales und gesellschaftliches Engagement ist ein Kernbestandteil verantwortungsvollen Unternehmertums. Kuno Holz, Komplement\u00e4r der GHC Gerling, Holz &amp; Co. KG, bekennt sich zu dieser Verantwortung. Im Dezember 2015 gr\u00fcndete er die&nbsp;Seepferdchen-Stiftung.<\/p>\n<\/div>\n<\/div>\n","protected":false},"excerpt":{"rendered":"<p>GHC: Ihr Experte f\u00fcr Spezialgase Kompetent, innovativ und zu\u00adver\u00adl\u00e4ssig \u2013 so steht Ihnen GHC Gerling, Holz &amp; Co. zur Seite. Unsere au\u00dfergew\u00f6hnlich breite Palette an Gasen, K\u00e4ltemitteln und Zubeh\u00f6r steht Gesch\u00e4ftspartnern aus vielen Branchen in Industrie, Medizin und Handwerk weltweit zur Verf\u00fcgung. Verlassen Sie sich auf schnelle Verf\u00fcgbarkeit und prompte Lieferung \u2013 jederzeit an jeden [&hellip;]<\/p>\n","protected":false},"author":1,"featured_media":3196,"parent":0,"menu_order":0,"comment_status":"closed","ping_status":"closed","template":"","meta":{"_acf_changed":false,"_uag_custom_page_level_css":"","footnotes":""},"class_list":["post-615","page","type-page","status-publish","has-post-thumbnail","hentry"],"acf":[],"uagb_featured_image_src":{"full":["https:\/\/www.ghc.de\/media\/DSCF4964_bearbeitet-scaled.jpg",2560,1446,false],"thumbnail":["https:\/\/www.ghc.de\/media\/DSCF4964_bearbeitet-150x150.jpg",150,150,true],"medium":["https:\/\/www.ghc.de\/media\/DSCF4964_bearbeitet-300x169.jpg",300,169,true],"medium_large":["https:\/\/www.ghc.de\/media\/DSCF4964_bearbeitet-768x434.jpg",768,434,true],"large":["https:\/\/www.ghc.de\/media\/DSCF4964_bearbeitet-1024x578.jpg",1024,578,true],"1536x1536":["https:\/\/www.ghc.de\/media\/DSCF4964_bearbeitet-1536x868.jpg",1536,868,true],"2048x2048":["https:\/\/www.ghc.de\/media\/DSCF4964_bearbeitet-2048x1157.jpg",2048,1157,true],"featured-small":["https:\/\/www.ghc.de\/media\/DSCF4964_bearbeitet-640x200.jpg",640,200,true],"featured-medium":["https:\/\/www.ghc.de\/media\/DSCF4964_bearbeitet-1280x500.jpg",1280,500,true],"featured-large":["https:\/\/www.ghc.de\/media\/DSCF4964_bearbeitet-1440x500.jpg",1440,500,true],"featured-xlarge":["https:\/\/www.ghc.de\/media\/DSCF4964_bearbeitet-1920x500.jpg",1920,500,true],"fp-small":["https:\/\/www.ghc.de\/media\/DSCF4964_bearbeitet-640x362.jpg",640,362,true],"fp-medium":["https:\/\/www.ghc.de\/media\/DSCF4964_bearbeitet-1024x578.jpg",1024,578,true],"fp-large":["https:\/\/www.ghc.de\/media\/DSCF4964_bearbeitet-1200x678.jpg",1200,678,true],"fp-xlarge":["https:\/\/www.ghc.de\/media\/DSCF4964_bearbeitet-1920x1085.jpg",1920,1085,true],"teaser-block":["https:\/\/www.ghc.de\/media\/DSCF4964_bearbeitet-1000x500.jpg",1000,500,true],"location-small":["https:\/\/www.ghc.de\/media\/DSCF4964_bearbeitet-600x334.jpg",600,334,true]},"uagb_author_info":{"display_name":"Admin f\u00fcr Andreas Mey","author_link":"https:\/\/www.ghc.de\/de\/author\/radmin\/"},"uagb_comment_info":0,"uagb_excerpt":"GHC: Ihr Experte f\u00fcr Spezialgase Kompetent, innovativ und zu\u00adver\u00adl\u00e4ssig \u2013 so steht Ihnen GHC Gerling, Holz &amp; Co. zur Seite. Unsere au\u00dfergew\u00f6hnlich breite Palette an Gasen, K\u00e4ltemitteln und Zubeh\u00f6r steht Gesch\u00e4ftspartnern aus vielen Branchen in Industrie, Medizin und Handwerk weltweit zur Verf\u00fcgung. Verlassen Sie sich auf schnelle Verf\u00fcgbarkeit und prompte Lieferung \u2013 jederzeit an jeden&hellip;","_links":{"self":[{"href":"https:\/\/www.ghc.de\/de\/wp-json\/wp\/v2\/pages\/615","targetHints":{"allow":["GET"]}}],"collection":[{"href":"https:\/\/www.ghc.de\/de\/wp-json\/wp\/v2\/pages"}],"about":[{"href":"https:\/\/www.ghc.de\/de\/wp-json\/wp\/v2\/types\/page"}],"author":[{"embeddable":true,"href":"https:\/\/www.ghc.de\/de\/wp-json\/wp\/v2\/users\/1"}],"replies":[{"embeddable":true,"href":"https:\/\/www.ghc.de\/de\/wp-json\/wp\/v2\/comments?post=615"}],"version-history":[{"count":51,"href":"https:\/\/www.ghc.de\/de\/wp-json\/wp\/v2\/pages\/615\/revisions"}],"predecessor-version":[{"id":7003,"href":"https:\/\/www.ghc.de\/de\/wp-json\/wp\/v2\/pages\/615\/revisions\/7003"}],"wp:featuredmedia":[{"embeddable":true,"href":"https:\/\/www.ghc.de\/de\/wp-json\/wp\/v2\/media\/3196"}],"wp:attachment":[{"href":"https:\/\/www.ghc.de\/de\/wp-json\/wp\/v2\/media?parent=615"}],"curies":[{"name":"wp","href":"https:\/\/api.w.org\/{rel}","templated":true}]}}