{"id":617,"date":"2020-01-22T17:12:19","date_gmt":"2020-01-22T16:12:19","guid":{"rendered":"https:\/\/83.236.219.254\/?page_id=617"},"modified":"2021-09-17T14:18:02","modified_gmt":"2021-09-17T12:18:02","slug":"produkte","status":"publish","type":"page","link":"https:\/\/www.ghc.de\/de\/produkte\/","title":{"rendered":"Produkte"},"content":{"rendered":"\n<h5 class=\"has-text-align-center wp-block-heading\">Breite Palette, vielseitige Anwendung<\/h5>\n\n\n\n<div class=\"wp-block-columns is-layout-flex wp-container-core-columns-is-layout-9d6595d7 wp-block-columns-is-layout-flex\">\n<div class=\"wp-block-column is-layout-flow wp-block-column-is-layout-flow\">\n<p>Deutschlandweit oder international erhalten Sie unsere Produkte f\u00fcr viele spezifische Anwendungsbereiche.<\/p>\n<\/div>\n\n\n\n<div class=\"wp-block-column is-layout-flow wp-block-column-is-layout-flow\">\n<p>Unsere K\u00e4ltemittel und Spezialgase kommen als Rohstoffe, Betriebsstoffe oder Zusatzstoffe so vielf\u00e4ltig zum Einsatz, dass sie f\u00fcr unser t\u00e4gliches Leben unverzichtbar geworden sind.<\/p>\n<\/div>\n<\/div>\n\n\n\n<hr class=\"wp-block-separator\"\/>\n\n\n\n<div class=\"wp-block-columns is-layout-flex wp-container-core-columns-is-layout-9d6595d7 wp-block-columns-is-layout-flex\">\n<div class=\"wp-block-column is-layout-flow wp-block-column-is-layout-flow\">\n<figure class=\"wp-block-image size-teaser-block\"><a href=\"\/de\/produkt-kategorie\/industrie-und-spezialgase\/\"><img loading=\"lazy\" decoding=\"async\" width=\"1000\" height=\"500\" src=\"https:\/\/www.ghc.de\/media\/2020\/01\/AdobeStock_109325549-1000x500.jpeg\" alt=\"\" class=\"wp-image-732\"\/><\/a><\/figure>\n\n\n\n<h2 class=\"has-text-align-center wp-block-heading\"><a href=\"\/de\/produkt-kategorie\/industrie-und-spezialgase\/\" data-type=\"URL\" data-id=\"\/de\/produkt-kategorie\/industrie-und-spezialgase\/\">Industrie- und Spezialgase<\/a><\/h2>\n\n\n\n<h6 class=\"has-text-align-center wp-block-heading\"><a href=\"\/de\/produkt-kategorie\/industrie-und-spezialgase\/\" data-type=\"URL\" data-id=\"\/de\/produkt-kategorie\/industrie-und-spezialgase\/\">f\u00fcr verschiedene Anwendungsbereiche<\/a><\/h6>\n<\/div>\n\n\n\n<div class=\"wp-block-column is-layout-flow wp-block-column-is-layout-flow\">\n<figure class=\"wp-block-image size-teaser-block\"><a href=\"\/de\/produkt-kategorie\/kaeltemittel\/\"><img loading=\"lazy\" decoding=\"async\" width=\"1000\" height=\"500\" src=\"https:\/\/www.ghc.de\/media\/AdobeStock_167410904-1000x500.jpeg\" alt=\"\" class=\"wp-image-3124\"\/><\/a><\/figure>\n\n\n\n<h2 class=\"has-text-align-center wp-block-heading\"><a href=\"\/de\/produkt-kategorie\/kaeltemittel\/\" data-type=\"URL\" data-id=\"\/de\/produkt-kategorie\/kaeltemittel\/\">K\u00e4ltemittel <\/a><\/h2>\n\n\n\n<h6 class=\"has-text-align-center wp-block-heading\"><a href=\"\/de\/produkt-kategorie\/kaeltemittel\/\" data-type=\"URL\" data-id=\"\/de\/produkt-kategorie\/kaeltemittel\/\">vielseitig und nachhaltig einsetzbar<\/a><\/h6>\n<\/div>\n\n\n\n<div class=\"wp-block-column is-layout-flow wp-block-column-is-layout-flow\">\n<figure class=\"wp-block-image size-teaser-block\"><a href=\"https:\/\/www.ghc.de\/produkte\/satellitentreibstoffe\/\"><img loading=\"lazy\" decoding=\"async\" width=\"1000\" height=\"500\" src=\"https:\/\/www.ghc.de\/media\/Entwickelt-2622_korr2_wide-1000x500.jpg\" alt=\"\" class=\"wp-image-3492\"\/><\/a><\/figure>\n\n\n\n<h2 class=\"has-text-align-center wp-block-heading\"><a href=\"https:\/\/www.ghc.de\/produkte\/satellitentreibstoffe\/\" data-type=\"page\" data-id=\"1201\">Satelliten-Treibstoffe<\/a><\/h2>\n\n\n\n<h6 class=\"has-text-align-center wp-block-heading\"><a href=\"https:\/\/www.ghc.de\/produkte\/satellitentreibstoffe\/\" data-type=\"page\" data-id=\"1201\">Steuerung und Antrieb von Satelliten<\/a><\/h6>\n<\/div>\n<\/div>\n\n\n\n<div class=\"wp-block-columns is-layout-flex wp-container-core-columns-is-layout-9d6595d7 wp-block-columns-is-layout-flex\">\n<div class=\"wp-block-column is-layout-flow wp-block-column-is-layout-flow\">\n<figure class=\"wp-block-image size-teaser-block\"><a href=\"\/de\/produkt-kategorie\/schwimmbadchemikalien-und-notfallausruestung\/\"><img loading=\"lazy\" decoding=\"async\" width=\"1000\" height=\"500\" src=\"https:\/\/www.ghc.de\/media\/2020\/02\/AdobeStock_83866376-1000x500.jpeg\" alt=\"\" class=\"wp-image-1300\"\/><\/a><\/figure>\n\n\n\n<h2 class=\"has-text-align-center wp-block-heading\"><a href=\"\/de\/produkt-kategorie\/schwimmbadchemikalien-und-notfallausruestung\/\" data-type=\"URL\" data-id=\"\/de\/produkt-kategorie\/schwimmbadchemikalien-und-notfallausruestung\/\">Schwimmbad-Chemikalien<\/a><\/h2>\n\n\n\n<h6 class=\"has-text-align-center wp-block-heading\"><a href=\"\/de\/produkt-kategorie\/schwimmbadchemikalien-und-notfallausruestung\/\" data-type=\"URL\" data-id=\"\/de\/produkt-kategorie\/schwimmbadchemikalien-und-notfallausruestung\/\">und Notfallausr\u00fcstung<\/a><\/h6>\n<\/div>\n\n\n\n<div class=\"wp-block-column is-layout-flow wp-block-column-is-layout-flow\">\n<figure class=\"wp-block-image size-teaser-block\"><a href=\"\/de\/produkt-kategorie\/kuehlsolen\/\"><img loading=\"lazy\" decoding=\"async\" width=\"1000\" height=\"500\" src=\"https:\/\/www.ghc.de\/media\/AdobeStock_256251271-wide-1000x500.jpg\" alt=\"\" class=\"wp-image-3173\"\/><\/a><\/figure>\n\n\n\n<h2 class=\"has-text-align-center wp-block-heading\"><a href=\"\/de\/produkt-kategorie\/kuehlsolen\/\" data-type=\"URL\" data-id=\"\/de\/produkt-kategorie\/kuehlsolen\/\">K\u00fchlsolen<\/a><\/h2>\n\n\n\n<h6 class=\"has-text-align-center wp-block-heading\"><a href=\"\/de\/produkt-kategorie\/kuehlsolen\/\" data-type=\"URL\" data-id=\"\/de\/produkt-kategorie\/kuehlsolen\/\">W\u00e4rmetr\u00e4gerfl\u00fcssigkeiten<\/a><\/h6>\n<\/div>\n\n\n\n<div class=\"wp-block-column is-layout-flow wp-block-column-is-layout-flow\">\n<figure class=\"wp-block-image size-teaser-block\"><a href=\"https:\/\/www.ghc.de\/produkte\/ionenaustauscher\/\"><img loading=\"lazy\" decoding=\"async\" width=\"1000\" height=\"500\" src=\"https:\/\/www.ghc.de\/media\/2020\/02\/AdobeStock_137552293-1000x500.jpeg\" alt=\"\" class=\"wp-image-1207\"\/><\/a><\/figure>\n\n\n\n<h2 class=\"has-text-align-center wp-block-heading\"><a href=\"https:\/\/www.ghc.de\/produkte\/ionenaustauscher\/\" data-type=\"page\" data-id=\"1206\">Ionen-Austauscher<\/a><\/h2>\n\n\n\n<h6 class=\"has-text-align-center wp-block-heading\"><a href=\"https:\/\/www.ghc.de\/produkte\/ionenaustauscher\/\" data-type=\"page\" data-id=\"1206\">Alle Anwendungsgebiete<\/a><\/h6>\n<\/div>\n<\/div>\n\n\n\n<p><\/p>\n","protected":false},"excerpt":{"rendered":"<p>Breite Palette, vielseitige Anwendung Deutschlandweit oder international erhalten Sie unsere Produkte f\u00fcr viele spezifische Anwendungsbereiche. Unsere K\u00e4ltemittel und Spezialgase kommen als Rohstoffe, Betriebsstoffe oder Zusatzstoffe so vielf\u00e4ltig zum Einsatz, dass sie f\u00fcr unser t\u00e4gliches Leben unverzichtbar geworden sind. Industrie- und Spezialgase f\u00fcr verschiedene Anwendungsbereiche K\u00e4ltemittel vielseitig und nachhaltig einsetzbar Satelliten-Treibstoffe Steuerung und Antrieb von Satelliten [&hellip;]<\/p>\n","protected":false},"author":1,"featured_media":751,"parent":0,"menu_order":0,"comment_status":"closed","ping_status":"closed","template":"","meta":{"_acf_changed":false,"_uag_custom_page_level_css":"","footnotes":""},"class_list":["post-617","page","type-page","status-publish","has-post-thumbnail","hentry"],"acf":[],"uagb_featured_image_src":{"full":["https:\/\/www.ghc.de\/media\/2020\/01\/000008_wide.jpg",1471,671,false],"thumbnail":["https:\/\/www.ghc.de\/media\/2020\/01\/000008_wide-150x150.jpg",150,150,true],"medium":["https:\/\/www.ghc.de\/media\/2020\/01\/000008_wide-300x137.jpg",300,137,true],"medium_large":["https:\/\/www.ghc.de\/media\/2020\/01\/000008_wide-768x350.jpg",768,350,true],"large":["https:\/\/www.ghc.de\/media\/2020\/01\/000008_wide-1024x467.jpg",1024,467,true],"1536x1536":["https:\/\/www.ghc.de\/media\/2020\/01\/000008_wide.jpg",1471,671,false],"2048x2048":["https:\/\/www.ghc.de\/media\/2020\/01\/000008_wide.jpg",1471,671,false],"featured-small":["https:\/\/www.ghc.de\/media\/2020\/01\/000008_wide-640x200.jpg",640,200,true],"featured-medium":["https:\/\/www.ghc.de\/media\/2020\/01\/000008_wide-1280x500.jpg",1280,500,true],"featured-large":["https:\/\/www.ghc.de\/media\/2020\/01\/000008_wide-1440x500.jpg",1440,500,true],"featured-xlarge":["https:\/\/www.ghc.de\/media\/2020\/01\/000008_wide-1471x500.jpg",1471,500,true],"fp-small":["https:\/\/www.ghc.de\/media\/2020\/01\/000008_wide-640x292.jpg",640,292,true],"fp-medium":["https:\/\/www.ghc.de\/media\/2020\/01\/000008_wide-1024x467.jpg",1024,467,true],"fp-large":["https:\/\/www.ghc.de\/media\/2020\/01\/000008_wide-1200x547.jpg",1200,547,true],"fp-xlarge":["https:\/\/www.ghc.de\/media\/2020\/01\/000008_wide.jpg",1471,671,false],"teaser-block":["https:\/\/www.ghc.de\/media\/2020\/01\/000008_wide-1000x500.jpg",1000,500,true],"location-small":["https:\/\/www.ghc.de\/media\/2020\/01\/000008_wide-600x334.jpg",600,334,true]},"uagb_author_info":{"display_name":"Admin f\u00fcr Andreas Mey","author_link":"https:\/\/www.ghc.de\/de\/author\/radmin\/"},"uagb_comment_info":0,"uagb_excerpt":"Breite Palette, vielseitige Anwendung Deutschlandweit oder international erhalten Sie unsere Produkte f\u00fcr viele spezifische Anwendungsbereiche. Unsere K\u00e4ltemittel und Spezialgase kommen als Rohstoffe, Betriebsstoffe oder Zusatzstoffe so vielf\u00e4ltig zum Einsatz, dass sie f\u00fcr unser t\u00e4gliches Leben unverzichtbar geworden sind. Industrie- und Spezialgase f\u00fcr verschiedene Anwendungsbereiche K\u00e4ltemittel vielseitig und nachhaltig einsetzbar Satelliten-Treibstoffe Steuerung und Antrieb von Satelliten&hellip;","_links":{"self":[{"href":"https:\/\/www.ghc.de\/de\/wp-json\/wp\/v2\/pages\/617","targetHints":{"allow":["GET"]}}],"collection":[{"href":"https:\/\/www.ghc.de\/de\/wp-json\/wp\/v2\/pages"}],"about":[{"href":"https:\/\/www.ghc.de\/de\/wp-json\/wp\/v2\/types\/page"}],"author":[{"embeddable":true,"href":"https:\/\/www.ghc.de\/de\/wp-json\/wp\/v2\/users\/1"}],"replies":[{"embeddable":true,"href":"https:\/\/www.ghc.de\/de\/wp-json\/wp\/v2\/comments?post=617"}],"version-history":[{"count":34,"href":"https:\/\/www.ghc.de\/de\/wp-json\/wp\/v2\/pages\/617\/revisions"}],"predecessor-version":[{"id":6030,"href":"https:\/\/www.ghc.de\/de\/wp-json\/wp\/v2\/pages\/617\/revisions\/6030"}],"wp:featuredmedia":[{"embeddable":true,"href":"https:\/\/www.ghc.de\/de\/wp-json\/wp\/v2\/media\/751"}],"wp:attachment":[{"href":"https:\/\/www.ghc.de\/de\/wp-json\/wp\/v2\/media?parent=617"}],"curies":[{"name":"wp","href":"https:\/\/api.w.org\/{rel}","templated":true}]}}