{"id":619,"date":"2020-01-22T17:12:37","date_gmt":"2020-01-22T16:12:37","guid":{"rendered":"https:\/\/83.236.219.254\/?page_id=619"},"modified":"2021-09-17T14:16:08","modified_gmt":"2021-09-17T12:16:08","slug":"leistungen","status":"publish","type":"page","link":"https:\/\/www.ghc.de\/de\/leistungen\/","title":{"rendered":"Leistungen"},"content":{"rendered":"\n<h5 class=\"has-text-align-center wp-block-heading\">Zuverl\u00e4ssig, kundenorientiert, individuell<\/h5>\n\n\n\n<div class=\"wp-block-columns is-layout-flex wp-container-core-columns-is-layout-9d6595d7 wp-block-columns-is-layout-flex\">\n<div class=\"wp-block-column is-layout-flow wp-block-column-is-layout-flow\">\n<p>Mit unseren Kunden pflegen wir einen aktiven Dialog. Dies macht es uns m\u00f6glich, Ihre W\u00fcnsche individuell umzusetzen und Probleme mit Know-how und innovativen Ideen zu l\u00f6sen. Wenn eine Expertenmeinung, Beratung oder Entsorgung gefragt sind, stehen wir Ihnen mit unserem Service als verl\u00e4sslicher Partner zur Seite.<\/p>\n<\/div>\n\n\n\n<div class=\"wp-block-column is-layout-flow wp-block-column-is-layout-flow\">\n<p>Die GHC-Expertise umfasst viele Bereiche: Technischer Einsatz, Entwicklung, Bau und Einsatz von Spezialequipment, Probleml\u00f6sungen, Lieferservice und Recyclingservice f\u00fcr K\u00e4ltemittel und Gase, f\u00fcr W\u00e4rmetr\u00e4gerfl\u00fcssigkeiten und f\u00fcr Ionenaustauscher.<\/p>\n\n\n\n<p>Wir k\u00f6nnen viel f\u00fcr Sie tun. Nehmen Sie uns beim Wort.<\/p>\n<\/div>\n<\/div>\n\n\n\n<hr class=\"wp-block-separator\"\/>\n\n\n\n<div class=\"wp-block-columns is-layout-flex wp-container-core-columns-is-layout-9d6595d7 wp-block-columns-is-layout-flex\">\n<div class=\"wp-block-column is-layout-flow wp-block-column-is-layout-flow\">\n<figure class=\"wp-block-image size-teaser-block\"><a href=\"https:\/\/www.ghc.de\/leistungen\/servicestationen\/\"><img loading=\"lazy\" decoding=\"async\" width=\"1000\" height=\"500\" src=\"https:\/\/www.ghc.de\/media\/2020\/01\/000008_wide-1000x500.jpg\" alt=\"\" class=\"wp-image-751\"\/><\/a><\/figure>\n\n\n\n<h2 class=\"has-text-align-center wp-block-heading\"><a href=\"https:\/\/www.ghc.de\/leistungen\/servicestationen\/\">Lagerhaltung<\/a><\/h2>\n\n\n\n<h6 class=\"has-text-align-center wp-block-heading\"><a href=\"https:\/\/www.ghc.de\/leistungen\/servicestationen\/\">Wo erhalten Sie K\u00e4ltemittel in Ihrer N\u00e4he?<\/a><\/h6>\n\n\n\n<p class=\"has-text-align-center\">Suchen Sie Ihre Stadt oder eine Stadt in Ihrer N\u00e4he.<\/p>\n<\/div>\n\n\n\n<div class=\"wp-block-column is-layout-flow wp-block-column-is-layout-flow\">\n<figure class=\"wp-block-image size-teaser-block\"><a href=\"https:\/\/www.ghc.de\/leistungen\/behaelter\/\"><img loading=\"lazy\" decoding=\"async\" width=\"1000\" height=\"500\" src=\"https:\/\/www.ghc.de\/media\/2020\/01\/000033-1000x500.jpg\" alt=\"\" class=\"wp-image-998\"\/><\/a><\/figure>\n\n\n\n<h2 class=\"has-text-align-center wp-block-heading\"><a href=\"https:\/\/www.ghc.de\/leistungen\/behaelter\/\">Beh\u00e4lter<\/a><\/h2>\n\n\n\n<h6 class=\"has-text-align-center wp-block-heading\"><a href=\"https:\/\/www.ghc.de\/leistungen\/behaelter\/\">Wir haben alle Gr\u00f6\u00dfen.<\/a><\/h6>\n\n\n\n<p class=\"has-text-align-center\">Bitte sprechen Sie uns auf Ihren konkreten Bedarf an.<\/p>\n<\/div>\n<\/div>\n\n\n\n<div class=\"wp-block-columns is-layout-flex wp-container-core-columns-is-layout-9d6595d7 wp-block-columns-is-layout-flex\">\n<div class=\"wp-block-column is-layout-flow wp-block-column-is-layout-flow\">\n<figure class=\"wp-block-image size-teaser-block\"><a href=\"https:\/\/www.ghc.de\/leistungen\/anlagenbau\/\"><img loading=\"lazy\" decoding=\"async\" width=\"1000\" height=\"500\" src=\"https:\/\/www.ghc.de\/media\/2020\/01\/000106_wide-1000x500.jpg\" alt=\"\" class=\"wp-image-825\"\/><\/a><\/figure>\n\n\n\n<h2 class=\"has-text-align-center wp-block-heading\"><a href=\"https:\/\/www.ghc.de\/leistungen\/anlagenbau\/\">Anlagenbau<\/a><\/h2>\n\n\n\n<h6 class=\"has-text-align-center wp-block-heading\"><a href=\"https:\/\/www.ghc.de\/leistungen\/anlagenbau\/\">Full Service von der Planung bis zur Wartung<\/a><\/h6>\n\n\n\n<p>Durch die jahrzehntelange Versorgung des Marktes mit druckverfl\u00fcssigten Gasen haben wir ein Know-how entwickelt, das uns jetzt einen weiteren Schritt vorw\u00e4rts f\u00fchrt.<\/p>\n<\/div>\n\n\n\n<div class=\"wp-block-column is-layout-flow wp-block-column-is-layout-flow\">\n<figure class=\"wp-block-image size-teaser-block\"><a href=\"https:\/\/www.ghc.de\/leistungen\/service\/\"><img loading=\"lazy\" decoding=\"async\" width=\"1000\" height=\"500\" src=\"https:\/\/www.ghc.de\/media\/2020\/01\/000077_cropped-1000x500.jpg\" alt=\"\" class=\"wp-image-996\"\/><\/a><\/figure>\n\n\n\n<h2 class=\"has-text-align-center wp-block-heading\"><a href=\"https:\/\/www.ghc.de\/leistungen\/service\/\">Service<\/a><\/h2>\n\n\n\n<h6 class=\"has-text-align-center wp-block-heading\"><a href=\"https:\/\/www.ghc.de\/leistungen\/service\/\">Deutschlandweit und international pr\u00e4sent<\/a><\/h6>\n\n\n\n<p>In allen Regionen Deutschlands und international garantieren wir die kurzfristige Verf\u00fcgbarkeit unserer Produkte und Leistungen.<\/p>\n<\/div>\n<\/div>\n","protected":false},"excerpt":{"rendered":"<p>Zuverl\u00e4ssig, kundenorientiert, individuell Mit unseren Kunden pflegen wir einen aktiven Dialog. Dies macht es uns m\u00f6glich, Ihre W\u00fcnsche individuell umzusetzen und Probleme mit Know-how und innovativen Ideen zu l\u00f6sen. Wenn eine Expertenmeinung, Beratung oder Entsorgung gefragt sind, stehen wir Ihnen mit unserem Service als verl\u00e4sslicher Partner zur Seite. Die GHC-Expertise umfasst viele Bereiche: Technischer Einsatz, [&hellip;]<\/p>\n","protected":false},"author":1,"featured_media":3516,"parent":0,"menu_order":0,"comment_status":"closed","ping_status":"closed","template":"","meta":{"_acf_changed":false,"_uag_custom_page_level_css":"","footnotes":""},"class_list":["post-619","page","type-page","status-publish","has-post-thumbnail","hentry"],"acf":[],"uagb_featured_image_src":{"full":["https:\/\/www.ghc.de\/media\/DSCF4856-scaled.jpg",2560,1707,false],"thumbnail":["https:\/\/www.ghc.de\/media\/DSCF4856-150x150.jpg",150,150,true],"medium":["https:\/\/www.ghc.de\/media\/DSCF4856-300x200.jpg",300,200,true],"medium_large":["https:\/\/www.ghc.de\/media\/DSCF4856-768x512.jpg",768,512,true],"large":["https:\/\/www.ghc.de\/media\/DSCF4856-1024x683.jpg",1024,683,true],"1536x1536":["https:\/\/www.ghc.de\/media\/DSCF4856-1536x1024.jpg",1536,1024,true],"2048x2048":["https:\/\/www.ghc.de\/media\/DSCF4856-2048x1365.jpg",2048,1365,true],"featured-small":["https:\/\/www.ghc.de\/media\/DSCF4856-640x200.jpg",640,200,true],"featured-medium":["https:\/\/www.ghc.de\/media\/DSCF4856-1280x500.jpg",1280,500,true],"featured-large":["https:\/\/www.ghc.de\/media\/DSCF4856-1440x500.jpg",1440,500,true],"featured-xlarge":["https:\/\/www.ghc.de\/media\/DSCF4856-1920x500.jpg",1920,500,true],"fp-small":["https:\/\/www.ghc.de\/media\/DSCF4856-640x427.jpg",640,427,true],"fp-medium":["https:\/\/www.ghc.de\/media\/DSCF4856-1024x683.jpg",1024,683,true],"fp-large":["https:\/\/www.ghc.de\/media\/DSCF4856-1200x800.jpg",1200,800,true],"fp-xlarge":["https:\/\/www.ghc.de\/media\/DSCF4856-1920x1280.jpg",1920,1280,true],"teaser-block":["https:\/\/www.ghc.de\/media\/DSCF4856-1000x500.jpg",1000,500,true],"location-small":["https:\/\/www.ghc.de\/media\/DSCF4856-600x334.jpg",600,334,true]},"uagb_author_info":{"display_name":"Admin f\u00fcr Andreas Mey","author_link":"https:\/\/www.ghc.de\/de\/author\/radmin\/"},"uagb_comment_info":0,"uagb_excerpt":"Zuverl\u00e4ssig, kundenorientiert, individuell Mit unseren Kunden pflegen wir einen aktiven Dialog. Dies macht es uns m\u00f6glich, Ihre W\u00fcnsche individuell umzusetzen und Probleme mit Know-how und innovativen Ideen zu l\u00f6sen. Wenn eine Expertenmeinung, Beratung oder Entsorgung gefragt sind, stehen wir Ihnen mit unserem Service als verl\u00e4sslicher Partner zur Seite. Die GHC-Expertise umfasst viele Bereiche: Technischer Einsatz,&hellip;","_links":{"self":[{"href":"https:\/\/www.ghc.de\/de\/wp-json\/wp\/v2\/pages\/619","targetHints":{"allow":["GET"]}}],"collection":[{"href":"https:\/\/www.ghc.de\/de\/wp-json\/wp\/v2\/pages"}],"about":[{"href":"https:\/\/www.ghc.de\/de\/wp-json\/wp\/v2\/types\/page"}],"author":[{"embeddable":true,"href":"https:\/\/www.ghc.de\/de\/wp-json\/wp\/v2\/users\/1"}],"replies":[{"embeddable":true,"href":"https:\/\/www.ghc.de\/de\/wp-json\/wp\/v2\/comments?post=619"}],"version-history":[{"count":25,"href":"https:\/\/www.ghc.de\/de\/wp-json\/wp\/v2\/pages\/619\/revisions"}],"predecessor-version":[{"id":6029,"href":"https:\/\/www.ghc.de\/de\/wp-json\/wp\/v2\/pages\/619\/revisions\/6029"}],"wp:featuredmedia":[{"embeddable":true,"href":"https:\/\/www.ghc.de\/de\/wp-json\/wp\/v2\/media\/3516"}],"wp:attachment":[{"href":"https:\/\/www.ghc.de\/de\/wp-json\/wp\/v2\/media?parent=619"}],"curies":[{"name":"wp","href":"https:\/\/api.w.org\/{rel}","templated":true}]}}