{"id":6964,"date":"2024-11-04T13:11:22","date_gmt":"2024-11-04T12:11:22","guid":{"rendered":"https:\/\/www.ghc.de\/?page_id=6964"},"modified":"2024-11-04T15:23:04","modified_gmt":"2024-11-04T14:23:04","slug":"wer-wir-sind","status":"publish","type":"page","link":"https:\/\/www.ghc.de\/de\/wer-wir-sind\/","title":{"rendered":"Wer wir sind"},"content":{"rendered":"\n<h5 class=\"wp-block-heading has-text-align-center\">EIN HAMBURGER FAMILIENUNTERNEHMEN MIT TRADITION UND PERSPEKTIVE<\/h5>\n\n\n\n<div class=\"wp-block-columns is-layout-flex wp-container-core-columns-is-layout-9d6595d7 wp-block-columns-is-layout-flex\">\n<div class=\"wp-block-column is-layout-flow wp-block-column-is-layout-flow\">\n<p>Gerling, Holz &amp; Co. wurde 1904 in Hamburg gegr\u00fcndet und ist ein mittelst\u00e4ndisches, weltweit t\u00e4tiges Unternehmen auf dem Gebiet der Spezialgase sowie im Anlagenbau. \u00dcber unsere Zentrale in Hamburg, sieben Standorte in Deutschland und weitere Auslieferungslager vertreiben wir unsere Produkte weltweit f\u00fcr industrielle, pharmazeutische und elektronische Anwendungen.<\/p>\n<\/div>\n\n\n\n<div class=\"wp-block-column is-layout-flow wp-block-column-is-layout-flow\">\n<p>Gemeinsam in einem Team von 250 Kollegen setzen wir unseren Weg konsequent weiter fort. Qualifizierte und motivierte Mitarbeiter&nbsp;sind dabei die Basis unseres gesch\u00e4ftlichen Erfolgs. Entdecken Sie Ihre Karrierem\u00f6glichkeiten bei uns.<\/p>\n\n\n\n<p class=\"has-text-align-left\">Mehr zu unserem Unternehmen finden Sie <a href=\"https:\/\/www.ghc.de\/de\/unternehmen\/\">hier<\/a>.<\/p>\n<\/div>\n<\/div>\n\n\n\n<hr class=\"wp-block-separator has-alpha-channel-opacity is-style-default\"\/>\n\n\n\n<h2 class=\"wp-block-heading has-text-align-center\">Gute Gr\u00fcnde bei uns zu arbeiten<\/h2>\n\n\n\n<h5 class=\"wp-block-heading has-text-align-center\">Wir haben viel f\u00fcr Sie zu bieten<\/h5>\n\n\n\n<p>Seit mehr als 120 Jahren wird die GHC Gerling, Holz &amp; Co. Handels GmbH, kurz \u201eGHC\u201c genannt, als mittelst\u00e4ndisches Familienunternehmen gem\u00e4\u00df den Grunds\u00e4tzen des ehrbaren hanseatischen Kaufmanns gef\u00fchrt. Aufbauend auf dieser Tradition stehen Verl\u00e4sslichkeit und Fairness im Umgang mit allen Mitarbeitern, Gesch\u00e4ftspartnern und der \u00d6ffentlichkeit im Zentrum unseres Handelns. Wir f\u00fchlen uns verpflichtet, das Unternehmen nachhaltig f\u00fcr k\u00fcnftige Generationen zu erhalten und zu entwickeln.<\/p>\n\n\n\n<div class=\"wp-block-columns is-layout-flex wp-container-core-columns-is-layout-9d6595d7 wp-block-columns-is-layout-flex\">\n<div class=\"wp-block-column is-layout-flow wp-block-column-is-layout-flow\">\n<i class=\"top fas fa-anchor\"><\/i>\n\n\n\n<h4 class=\"wp-block-heading has-text-align-center\">Mittelst\u00e4ndisches<br>Familienunternehmen<\/h4>\n\n\n\n<p>Als ein seit vielen Generation eigent\u00fcmergef\u00fchrtes und weiter wachsendes Unternehmen sind wir dennoch bodenst\u00e4ndig geblieben. Unsere traditionellen Werte spiegeln sich im gemeinsamen Miteinander wider. Wir pflegen dabei eine offene Feedback-Kultur und kommunizieren auf Augenh\u00f6he. Motivierte Teams erhalten f\u00fcr ihre Aufgabengebiete und Projekte umfassende Freir\u00e4ume und \u00fcbernehmen die Verantwortung.<\/p>\n<\/div>\n\n\n\n<div class=\"wp-block-column is-layout-flow wp-block-column-is-layout-flow\">\n<i class=\"top fas fa-apple-alt\"><\/i>\n\n\n\n<h4 class=\"wp-block-heading has-text-align-center\">Gesundes<br>Betriebsklima<\/h4>\n\n\n\n<p>Hilfsbereitschaft und Unterst\u00fctzung untereinander sowie gegenseitige Anerkennung und Wertsch\u00e4tzung sind unser Fundament. Wir bieten Ihnen ein angenehmes Arbeitsklima mit viel Teamgeist und Gestaltungsspielr\u00e4umen. Hieraus ergeben sich sehr gute Aufstiegschancen aber auch die M\u00f6glichkeit zur langfristigen Teambildung.<\/p>\n<\/div>\n\n\n\n<div class=\"wp-block-column is-layout-flow wp-block-column-is-layout-flow\">\n<i class=\"top fas fa-balance-scale\"><\/i>\n\n\n\n<h4 class=\"wp-block-heading has-text-align-center\">Angemessene<br>Arbeitszeiten<\/h4>\n\n\n\n<p>Das Thema Vereinbarkeit von beruflichem und privatem Leben ist uns sehr wichtig. Abteilungs\u00fcbergreifend werden individuelle Arbeitszeitmodelle, Gleitzeit und M\u00f6glichkeiten zu Home-Office angeboten.<\/p>\n<\/div>\n<\/div>\n\n\n\n<hr class=\"wp-block-separator has-alpha-channel-opacity\"\/>\n\n\n\n<h2 class=\"wp-block-heading has-text-align-center\">Ganz sch\u00f6n attraktiv<\/h2>\n\n\n\n<h5 class=\"wp-block-heading has-text-align-center\">Diese wertvollen Benefits sind bei uns selbstverst\u00e4ndlich.<\/h5>\n\n\n\n<div class=\"wp-block-columns are-vertically-aligned-center has-medium-font-size is-layout-flex wp-container-core-columns-is-layout-9d6595d7 wp-block-columns-is-layout-flex\">\n<div class=\"wp-block-column is-vertically-aligned-center is-layout-flow wp-block-column-is-layout-flow\">\n<div class=\"wp-block-columns are-vertically-aligned-center is-not-stacked-on-mobile is-layout-flex wp-container-core-columns-is-layout-9d6595d7 wp-block-columns-is-layout-flex\">\n<div class=\"wp-block-column is-vertically-aligned-center is-layout-flow wp-block-column-is-layout-flow\" style=\"flex-basis:40px\">\n<i class=\"fas fa-life-ring has-x-large-font-size\"><\/i>\n<\/div>\n\n\n\n<div class=\"wp-block-column is-vertically-aligned-center is-layout-flow wp-block-column-is-layout-flow\" style=\"flex-basis:100%\">\nGruppenunfallversicherung\n<\/div>\n<\/div>\n<\/div>\n\n\n\n<div class=\"wp-block-column is-vertically-aligned-center is-layout-flow wp-block-column-is-layout-flow\">\n<div class=\"wp-block-columns are-vertically-aligned-center is-not-stacked-on-mobile is-layout-flex wp-container-core-columns-is-layout-9d6595d7 wp-block-columns-is-layout-flex\">\n<div class=\"wp-block-column is-vertically-aligned-center is-layout-flow wp-block-column-is-layout-flow\" style=\"flex-basis:40px\">\n<i class=\"fas fa-piggy-bank has-x-large-font-size\"><\/i>\n<\/div>\n\n\n\n<div class=\"wp-block-column is-vertically-aligned-center is-layout-flow wp-block-column-is-layout-flow\" style=\"flex-basis:100%\">\nverm\u00f6genswirksame Leistungen\n<\/div>\n<\/div>\n<\/div>\n\n\n\n<div class=\"wp-block-column is-vertically-aligned-center is-layout-flow wp-block-column-is-layout-flow\">\n<div class=\"wp-block-columns are-vertically-aligned-center is-not-stacked-on-mobile is-layout-flex wp-container-core-columns-is-layout-9d6595d7 wp-block-columns-is-layout-flex\">\n<div class=\"wp-block-column is-vertically-aligned-center is-layout-flow wp-block-column-is-layout-flow\" style=\"flex-basis:40px\">\n<i class=\"fas fa-glass-cheers has-x-large-font-size\"><\/i>\n<\/div>\n\n\n\n<div class=\"wp-block-column is-vertically-aligned-center is-layout-flow wp-block-column-is-layout-flow\" style=\"flex-basis:100%\">\nMitarbeiterevents\n<\/div>\n<\/div>\n<\/div>\n<\/div>\n\n\n\n<div style=\"height:30px\" aria-hidden=\"true\" class=\"wp-block-spacer\"><\/div>\n\n\n\n<div class=\"wp-block-columns are-vertically-aligned-center has-medium-font-size is-layout-flex wp-container-core-columns-is-layout-9d6595d7 wp-block-columns-is-layout-flex\">\n<div class=\"wp-block-column is-vertically-aligned-center is-layout-flow wp-block-column-is-layout-flow\">\n<div class=\"wp-block-columns are-vertically-aligned-center is-not-stacked-on-mobile is-layout-flex wp-container-core-columns-is-layout-9d6595d7 wp-block-columns-is-layout-flex\">\n<div class=\"wp-block-column is-vertically-aligned-center is-layout-flow wp-block-column-is-layout-flow\" style=\"flex-basis:40px\">\n<i class=\"fas fa-utensils has-x-large-font-size\"><\/i>\n<\/div>\n\n\n\n<div class=\"wp-block-column is-vertically-aligned-center is-layout-flow wp-block-column-is-layout-flow\" style=\"flex-basis:100%\">\nAngebot an Verpflegung\n<\/div>\n<\/div>\n<\/div>\n\n\n\n<div class=\"wp-block-column is-vertically-aligned-center is-layout-flow wp-block-column-is-layout-flow\">\n<div class=\"wp-block-columns are-vertically-aligned-center is-not-stacked-on-mobile is-layout-flex wp-container-core-columns-is-layout-9d6595d7 wp-block-columns-is-layout-flex\">\n<div class=\"wp-block-column is-vertically-aligned-center is-layout-flow wp-block-column-is-layout-flow\" style=\"flex-basis:40px\">\n<i class=\"fas fa-subway has-x-large-font-size has-text-align-right\"><\/i>\n<\/div>\n\n\n\n<div class=\"wp-block-column is-vertically-aligned-center is-layout-flow wp-block-column-is-layout-flow\" style=\"flex-basis:100%\">\ngute Verkehrsanbindung\n<\/div>\n<\/div>\n<\/div>\n\n\n\n<div class=\"wp-block-column is-vertically-aligned-center is-layout-flow wp-block-column-is-layout-flow\">\n<div class=\"wp-block-columns are-vertically-aligned-center is-not-stacked-on-mobile is-layout-flex wp-container-core-columns-is-layout-9d6595d7 wp-block-columns-is-layout-flex\">\n<div class=\"wp-block-column is-vertically-aligned-center is-layout-flow wp-block-column-is-layout-flow\" style=\"flex-basis:40px\">\n<i class=\"fas fa-heartbeat has-x-large-font-size\"><\/i>\n<\/div>\n\n\n\n<div class=\"wp-block-column is-vertically-aligned-center is-layout-flow wp-block-column-is-layout-flow\" style=\"flex-basis:100%\">\nGesundheitsmanagement\n<\/div>\n<\/div>\n<\/div>\n<\/div>\n\n\n\n<div style=\"height:30px\" aria-hidden=\"true\" class=\"wp-block-spacer\"><\/div>\n\n\n\n<div class=\"wp-block-columns are-vertically-aligned-center has-medium-font-size is-layout-flex wp-container-core-columns-is-layout-9d6595d7 wp-block-columns-is-layout-flex\">\n<div class=\"wp-block-column is-vertically-aligned-center is-layout-flow wp-block-column-is-layout-flow\">\n<div class=\"wp-block-columns are-vertically-aligned-center is-not-stacked-on-mobile is-layout-flex wp-container-core-columns-is-layout-9d6595d7 wp-block-columns-is-layout-flex\">\n<div class=\"wp-block-column is-vertically-aligned-center is-layout-flow wp-block-column-is-layout-flow\" style=\"flex-basis:40px\">\n<i class=\"fas fa-bicycle has-x-large-font-size\"><\/i>\n<\/div>\n\n\n\n<div class=\"wp-block-column is-vertically-aligned-center is-layout-flow wp-block-column-is-layout-flow\" style=\"flex-basis:100%\">\nFahrrad-Leasing\n<\/div>\n<\/div>\n<\/div>\n\n\n\n<div class=\"wp-block-column is-vertically-aligned-center is-layout-flow wp-block-column-is-layout-flow\">\n<div class=\"wp-block-columns are-vertically-aligned-center is-not-stacked-on-mobile is-layout-flex wp-container-core-columns-is-layout-9d6595d7 wp-block-columns-is-layout-flex\">\n<div class=\"wp-block-column is-vertically-aligned-center is-layout-flow wp-block-column-is-layout-flow\" style=\"flex-basis:40px\">\n<i class=\"fas fa-euro-sign has-x-large-font-size\"><\/i>\n<\/div>\n\n\n\n<div class=\"wp-block-column is-vertically-aligned-center is-layout-flow wp-block-column-is-layout-flow\" style=\"flex-basis:100%\">\nSonderzuwendungen\n<\/div>\n<\/div>\n<\/div>\n\n\n\n<div class=\"wp-block-column is-vertically-aligned-center is-layout-flow wp-block-column-is-layout-flow\">\n<div class=\"wp-block-columns are-vertically-aligned-center is-not-stacked-on-mobile is-layout-flex wp-container-core-columns-is-layout-9d6595d7 wp-block-columns-is-layout-flex\">\n<div class=\"wp-block-column is-vertically-aligned-center is-layout-flow wp-block-column-is-layout-flow\" style=\"flex-basis:40px\">\n<i class=\"fas fa-user-graduate has-x-large-font-size\"><\/i>\n<\/div>\n\n\n\n<div class=\"wp-block-column is-vertically-aligned-center is-layout-flow wp-block-column-is-layout-flow\" style=\"flex-basis:100%\">\nIndividuelle Weiterbildung\n<\/div>\n<\/div>\n<\/div>\n<\/div>\n\n\n\n<p><\/p>\n","protected":false},"excerpt":{"rendered":"<p>EIN HAMBURGER FAMILIENUNTERNEHMEN MIT TRADITION UND PERSPEKTIVE Gerling, Holz &amp; Co. wurde 1904 in Hamburg gegr\u00fcndet und ist ein mittelst\u00e4ndisches, weltweit t\u00e4tiges Unternehmen auf dem Gebiet der Spezialgase sowie im Anlagenbau. \u00dcber unsere Zentrale in Hamburg, sieben Standorte in Deutschland und weitere Auslieferungslager vertreiben wir unsere Produkte weltweit f\u00fcr industrielle, pharmazeutische und elektronische Anwendungen. Gemeinsam [&hellip;]<\/p>\n","protected":false},"author":1,"featured_media":7030,"parent":0,"menu_order":0,"comment_status":"closed","ping_status":"closed","template":"","meta":{"_acf_changed":false,"_uag_custom_page_level_css":"","footnotes":""},"class_list":["post-6964","page","type-page","status-publish","has-post-thumbnail","hentry"],"acf":[],"uagb_featured_image_src":{"full":["https:\/\/www.ghc.de\/media\/DSCF4859-scaled-1.jpg",2560,1707,false],"thumbnail":["https:\/\/www.ghc.de\/media\/DSCF4859-scaled-1-150x150.jpg",150,150,true],"medium":["https:\/\/www.ghc.de\/media\/DSCF4859-scaled-1-300x200.jpg",300,200,true],"medium_large":["https:\/\/www.ghc.de\/media\/DSCF4859-scaled-1-768x512.jpg",768,512,true],"large":["https:\/\/www.ghc.de\/media\/DSCF4859-scaled-1-1024x683.jpg",1024,683,true],"1536x1536":["https:\/\/www.ghc.de\/media\/DSCF4859-scaled-1-1536x1024.jpg",1536,1024,true],"2048x2048":["https:\/\/www.ghc.de\/media\/DSCF4859-scaled-1-2048x1366.jpg",2048,1366,true],"featured-small":["https:\/\/www.ghc.de\/media\/DSCF4859-scaled-1-640x200.jpg",640,200,true],"featured-medium":["https:\/\/www.ghc.de\/media\/DSCF4859-scaled-1-1280x500.jpg",1280,500,true],"featured-large":["https:\/\/www.ghc.de\/media\/DSCF4859-scaled-1-1440x500.jpg",1440,500,true],"featured-xlarge":["https:\/\/www.ghc.de\/media\/DSCF4859-scaled-1-1920x500.jpg",1920,500,true],"fp-small":["https:\/\/www.ghc.de\/media\/DSCF4859-scaled-1-640x427.jpg",640,427,true],"fp-medium":["https:\/\/www.ghc.de\/media\/DSCF4859-scaled-1-1024x683.jpg",1024,683,true],"fp-large":["https:\/\/www.ghc.de\/media\/DSCF4859-scaled-1-1200x800.jpg",1200,800,true],"fp-xlarge":["https:\/\/www.ghc.de\/media\/DSCF4859-scaled-1-1920x1280.jpg",1920,1280,true],"teaser-block":["https:\/\/www.ghc.de\/media\/DSCF4859-scaled-1-1000x500.jpg",1000,500,true],"location-small":["https:\/\/www.ghc.de\/media\/DSCF4859-scaled-1-600x334.jpg",600,334,true]},"uagb_author_info":{"display_name":"Admin f\u00fcr Andreas Mey","author_link":"https:\/\/www.ghc.de\/de\/author\/radmin\/"},"uagb_comment_info":0,"uagb_excerpt":"EIN HAMBURGER FAMILIENUNTERNEHMEN MIT TRADITION UND PERSPEKTIVE Gerling, Holz &amp; Co. wurde 1904 in Hamburg gegr\u00fcndet und ist ein mittelst\u00e4ndisches, weltweit t\u00e4tiges Unternehmen auf dem Gebiet der Spezialgase sowie im Anlagenbau. \u00dcber unsere Zentrale in Hamburg, sieben Standorte in Deutschland und weitere Auslieferungslager vertreiben wir unsere Produkte weltweit f\u00fcr industrielle, pharmazeutische und elektronische Anwendungen. Gemeinsam&hellip;","_links":{"self":[{"href":"https:\/\/www.ghc.de\/de\/wp-json\/wp\/v2\/pages\/6964","targetHints":{"allow":["GET"]}}],"collection":[{"href":"https:\/\/www.ghc.de\/de\/wp-json\/wp\/v2\/pages"}],"about":[{"href":"https:\/\/www.ghc.de\/de\/wp-json\/wp\/v2\/types\/page"}],"author":[{"embeddable":true,"href":"https:\/\/www.ghc.de\/de\/wp-json\/wp\/v2\/users\/1"}],"replies":[{"embeddable":true,"href":"https:\/\/www.ghc.de\/de\/wp-json\/wp\/v2\/comments?post=6964"}],"version-history":[{"count":38,"href":"https:\/\/www.ghc.de\/de\/wp-json\/wp\/v2\/pages\/6964\/revisions"}],"predecessor-version":[{"id":7033,"href":"https:\/\/www.ghc.de\/de\/wp-json\/wp\/v2\/pages\/6964\/revisions\/7033"}],"wp:featuredmedia":[{"embeddable":true,"href":"https:\/\/www.ghc.de\/de\/wp-json\/wp\/v2\/media\/7030"}],"wp:attachment":[{"href":"https:\/\/www.ghc.de\/de\/wp-json\/wp\/v2\/media?parent=6964"}],"curies":[{"name":"wp","href":"https:\/\/api.w.org\/{rel}","templated":true}]}}