{"id":698,"date":"2020-01-23T17:31:08","date_gmt":"2020-01-23T16:31:08","guid":{"rendered":"https:\/\/83.236.219.254\/?page_id=698"},"modified":"2025-06-20T10:33:46","modified_gmt":"2025-06-20T08:33:46","slug":"geschichte","status":"publish","type":"page","link":"https:\/\/www.ghc.de\/de\/unternehmen\/geschichte\/","title":{"rendered":"GHC-Meilensteine"},"content":{"rendered":"\n<h5 class=\"wp-block-heading has-text-align-center\">Erfolgreich seit \u00fcber 120 Jahren<\/h5>\n\n\n\n<section class=\"wp-block-uagb-section uagb-section__wrap uagb-section__background-undefined uagb-block-326156ce\"><div class=\"uagb-section__overlay\"><\/div><div class=\"uagb-section__inner-wrap\"><div class=\"wp-block-image\">\n<figure class=\"alignleft size-large is-resized\"><img loading=\"lazy\" decoding=\"async\" width=\"677\" height=\"846\" src=\"https:\/\/www.ghc.de\/media\/2020\/01\/Bild-1_cropped.jpg\" alt=\"\" class=\"wp-image-861\" style=\"width:200px\" srcset=\"https:\/\/www.ghc.de\/media\/2020\/01\/Bild-1_cropped.jpg 677w, https:\/\/www.ghc.de\/media\/2020\/01\/Bild-1_cropped-240x300.jpg 240w, https:\/\/www.ghc.de\/media\/2020\/01\/Bild-1_cropped-640x800.jpg 640w\" sizes=\"auto, (max-width: 639px) 98vw, (max-width: 1199px) 64vw, 677px\" \/><figcaption class=\"wp-element-caption\">Max Holz<\/figcaption><\/figure>\n<\/div>\n\n\n<p class=\"has-medium-font-size\">1904: die Anf\u00e4nge<\/p>\n\n\n\n<p>In Hamburg-Altona bringen Max Holz und die Gebr\u00fcder A. und E. Gerling in Stahlflaschen gef\u00fclltes Gas, z.B. Wasserstoff, auf den Markt. Daf\u00fcr gr\u00fcnden sie am 28. Mai 1904 die Kommanditgesellschaft Gerling, Holz &amp; Co., mit Firmensitz in der K\u00f6nigstra\u00dfe 4. Vereinbarungsgem\u00e4\u00df ziehen sich die Gebr\u00fcder Gerling nach vier Jahren aus dem Unternehmen zur\u00fcck. Der Firmenname \u201eGerling, Holz &amp; Co\u201c bleibt dennoch bestehen.<\/p>\n\n\n\n<hr class=\"wp-block-separator has-css-opacity\"\/>\n\n\n<div class=\"wp-block-image\">\n<figure class=\"alignright size-large is-resized\"><img loading=\"lazy\" decoding=\"async\" width=\"703\" height=\"966\" src=\"https:\/\/www.ghc.de\/media\/2020\/01\/Bild-2_cropped.jpg\" alt=\"\" class=\"wp-image-862\" style=\"width:200px\" srcset=\"https:\/\/www.ghc.de\/media\/2020\/01\/Bild-2_cropped.jpg 703w, https:\/\/www.ghc.de\/media\/2020\/01\/Bild-2_cropped-218x300.jpg 218w, https:\/\/www.ghc.de\/media\/2020\/01\/Bild-2_cropped-640x879.jpg 640w\" sizes=\"auto, (max-width: 639px) 98vw, (max-width: 1199px) 64vw, 703px\" \/><figcaption class=\"wp-element-caption\">Joachim Holz<\/figcaption><\/figure>\n<\/div>\n\n\n<p class=\"has-text-align-left has-medium-font-size\">1936: erste Expansion<\/p>\n\n\n\n<p>Nach dem Tod ihres Vaters Max im Jahr 1938, tritt Joachim Holz als erster in die Fu\u00dfstapfen seines Vaters und \u00fcbernimmt die Leitung des Unternehmens. Kurze Zeit sp\u00e4ter st\u00f6\u00dft auch sein Bruder, Dr. Waldemar Holz, hinzu, um gemeinsam mit Joachim die Geschicke der Firma zu lenken. Trotz der Herausforderungen des Zweiten Weltkriegs, gelingt es den beiden Br\u00fcdern durch umsichtige F\u00fchrung, das Unternehmen sicher durch diese schwierige Zeit zu navigieren.<\/p>\n\n\n\n<p>Mit Weitblick und Unternehmergeist treffen Joachim und Dr. Waldemar Holz bereits kurz nach Kriegsende 1945 die wegweisende Entscheidung, die Pr\u00e4senz des Unternehmens in Deutschland, durch die Gr\u00fcndung von Niederlassungen auszubauen. So entsteht im Herbst desselben Jahres, die heutige GHC-Niederlassung in Hanau, gefolgt von der D\u00fcsseldorfer Niederlassung nur zwei Jahre sp\u00e4ter im Jahr 1947. Dieser mutige Schritt legt den Grundstein f\u00fcr die erfolgreiche Expansion und Weiterentwicklung des Unternehmens in der Nachkriegszeit.<\/p>\n\n\n\n<hr class=\"wp-block-separator has-css-opacity\"\/>\n\n\n<div class=\"wp-block-image\">\n<figure class=\"alignleft size-large is-resized\"><img loading=\"lazy\" decoding=\"async\" width=\"740\" height=\"1024\" src=\"https:\/\/www.ghc.de\/media\/IMG_3818_bearbeitet-740x1024.jpg\" alt=\"\" class=\"wp-image-3180\" style=\"width:200px\" srcset=\"https:\/\/www.ghc.de\/media\/IMG_3818_bearbeitet-740x1024.jpg 740w, https:\/\/www.ghc.de\/media\/IMG_3818_bearbeitet-217x300.jpg 217w, https:\/\/www.ghc.de\/media\/IMG_3818_bearbeitet-768x1063.jpg 768w, https:\/\/www.ghc.de\/media\/IMG_3818_bearbeitet-640x886.jpg 640w, https:\/\/www.ghc.de\/media\/IMG_3818_bearbeitet.jpg 1000w\" sizes=\"auto, (max-width: 639px) 98vw, (max-width: 1199px) 64vw, 740px\" \/><figcaption class=\"wp-element-caption\">Minna Bender-Holz<\/figcaption><\/figure>\n<\/div>\n\n\n<p class=\"has-medium-font-size\">1953: neue F\u00fchrung<\/p>\n\n\n\n<p>Als Joachim Holz im Januar 1953 unerwartet stirbt, tritt seine Witwe, Minna Bender-Holz, in das Unternehmen ein. Gemeinsam mit ihrem Schwager, Dr. Waldemar Holz, f\u00fchrt sie die Geschicke der Firma weiter. Trotz des schmerzlichen Verlusts gelingt es den beiden, das Unternehmen erfolgreich durch diese schwierige Zeit zu leiten und das Lebenswerk der Familie fortzuf\u00fchren.<\/p>\n\n\n\n<hr class=\"wp-block-separator has-css-opacity\"\/>\n\n\n<div class=\"wp-block-image\">\n<figure class=\"alignright size-medium is-resized\"><img loading=\"lazy\" decoding=\"async\" width=\"300\" height=\"225\" src=\"https:\/\/www.ghc.de\/media\/2020\/01\/Bild-4-300x225.jpg\" alt=\"\" class=\"wp-image-632\" style=\"width:400px\" srcset=\"https:\/\/www.ghc.de\/media\/2020\/01\/Bild-4-300x225.jpg 300w, https:\/\/www.ghc.de\/media\/2020\/01\/Bild-4-1024x768.jpg 1024w, https:\/\/www.ghc.de\/media\/2020\/01\/Bild-4-768x576.jpg 768w, https:\/\/www.ghc.de\/media\/2020\/01\/Bild-4-1536x1152.jpg 1536w, https:\/\/www.ghc.de\/media\/2020\/01\/Bild-4-2048x1536.jpg 2048w, https:\/\/www.ghc.de\/media\/2020\/01\/Bild-4-640x480.jpg 640w, https:\/\/www.ghc.de\/media\/2020\/01\/Bild-4-1200x900.jpg 1200w, https:\/\/www.ghc.de\/media\/2020\/01\/Bild-4-1920x1440.jpg 1920w\" sizes=\"auto, (max-width: 639px) 98vw, (max-width: 1199px) 64vw, 300px\" \/><\/figure>\n<\/div>\n\n\n<p class=\"has-text-align-left has-medium-font-size\">ab 1969: Innovation und Wandel<\/p>\n\n\n\n<p>Gerling, Holz &amp; Co. \u00fcbernimmt 1969 die Ammoniak-Verkaufs-Gesellschaft (AVG) Hamburg, ein Jahr sp\u00e4ter die Rohstoff- und Chemikalien GmbH Hannover. Beide Unternehmen waren erfolgreich im Ammoniak-Handel t\u00e4tig. In den 1970er Jahren entstehen an allen Standorten Neubauten, die das Gesicht von Gerling, Holz &amp; Co. auch heute noch pr\u00e4gen: 1971 werden die Gesch\u00e4ftsr\u00e4ume im Kinzigheimer Weg in Hanau bezogen, 1976 folgt die Ruhrstra\u00dfe in Hamburg, 1978 zieht die Niederlassung D\u00fcsseldorf nach Dormagen.<\/p>\n\n\n\n<hr class=\"wp-block-separator has-css-opacity\"\/>\n\n\n<div class=\"wp-block-image\">\n<figure class=\"alignleft size-large is-resized\"><img loading=\"lazy\" decoding=\"async\" width=\"769\" height=\"1000\" src=\"https:\/\/www.ghc.de\/media\/K.Holz-bearb.jpg\" alt=\"\" class=\"wp-image-2050\" style=\"width:200px\" srcset=\"https:\/\/www.ghc.de\/media\/K.Holz-bearb.jpg 769w, https:\/\/www.ghc.de\/media\/K.Holz-bearb-231x300.jpg 231w, https:\/\/www.ghc.de\/media\/K.Holz-bearb-640x832.jpg 640w\" sizes=\"auto, (max-width: 639px) 98vw, (max-width: 1199px) 64vw, 769px\" \/><figcaption class=\"wp-element-caption\">Kuno Holz<\/figcaption><\/figure>\n<\/div>\n\n\n<p class=\"has-medium-font-size\">1974: Nachfolge<\/p>\n\n\n\n<p>Im November 1974 \u00fcbernimmt Kuno Holz, Sohn von Minna Bender-Holz, nach langj\u00e4hriger Mitarbeit im Unternehmen, in das er bereits 1961 eingetreten ist, die verantwortungsvolle Position des pers\u00f6nlich haftenden Gesellschafters (Komplement\u00e4r). Mit diesem bedeutenden Schritt tritt er in die Fu\u00dfstapfen seiner Familie und f\u00fchrt das Unternehmen traditionsbewusst und engagiert in die n\u00e4chste Generation.<\/p>\n\n\n\n<hr class=\"wp-block-separator has-css-opacity\"\/>\n\n\n<div class=\"wp-block-image\">\n<figure class=\"alignright size-large is-resized\"><img loading=\"lazy\" decoding=\"async\" width=\"1024\" height=\"603\" src=\"https:\/\/www.ghc.de\/media\/2020\/01\/Bild-5_cropped-1024x603.jpg\" alt=\"\" class=\"wp-image-860\" style=\"width:400px\" srcset=\"https:\/\/www.ghc.de\/media\/2020\/01\/Bild-5_cropped-1024x603.jpg 1024w, https:\/\/www.ghc.de\/media\/2020\/01\/Bild-5_cropped-300x177.jpg 300w, https:\/\/www.ghc.de\/media\/2020\/01\/Bild-5_cropped-768x452.jpg 768w, https:\/\/www.ghc.de\/media\/2020\/01\/Bild-5_cropped-640x377.jpg 640w, https:\/\/www.ghc.de\/media\/2020\/01\/Bild-5_cropped.jpg 1027w\" sizes=\"auto, (max-width: 639px) 98vw, (max-width: 1199px) 64vw, 770px\" \/><\/figure>\n<\/div>\n\n\n<p class=\"has-text-align-left has-medium-font-size\">1991: Erweiterung und Internationalisierung<\/p>\n\n\n\n<p>Nach dem Mauerfall \u00fcbernimmt GHC einen Teil des ehemaligen DDR-Kombinats \u201eTeGa Leipzig\u201c, der 1991 zur Niederlassung Nauendorf\/Halle wird. Ein Schritt in Richtung Internationalisierung folgt zweieinhalb Jahre sp\u00e4ter: die GHC Invest s.r.o in Prag entsteht. 1992 wird die GHC Gerling, Holz &amp; Co. Handels GmbH gegr\u00fcndet, die mit ihren damals f\u00fcnf Niederlassungen das operative Gasegesch\u00e4ft der Kommanditgesellschaft fortf\u00fchrt.<\/p>\n\n\n\n<hr class=\"wp-block-separator has-css-opacity\"\/>\n\n\n\n<p class=\"has-medium-font-size\">1994: erstes zertifiziertes Gase-Unternehmen<\/p>\n\n\n\n<p>1994 erfolgt die Zertifizierung nach DIN EN ISO 9002, die 2003 durch die Norm EN ISO 9001 abgel\u00f6st wird. GHC ist damit das erste Gase-Unternehmen in Deutschland, das zertifiziert wird.<\/p>\n\n\n\n<hr class=\"wp-block-separator has-css-opacity\"\/>\n\n\n<div class=\"wp-block-image\">\n<figure class=\"alignright size-medium\"><img loading=\"lazy\" decoding=\"async\" width=\"214\" height=\"300\" src=\"https:\/\/www.ghc.de\/media\/IMG_3996_cropped-214x300.png\" alt=\"\" class=\"wp-image-3611\" srcset=\"https:\/\/www.ghc.de\/media\/IMG_3996_cropped-214x300.png 214w, https:\/\/www.ghc.de\/media\/IMG_3996_cropped-640x896.png 640w, https:\/\/www.ghc.de\/media\/IMG_3996_cropped.png 714w\" sizes=\"auto, (max-width: 639px) 98vw, (max-width: 1199px) 64vw, 214px\" \/><figcaption class=\"wp-element-caption\">GHC Gasebuch<\/figcaption><\/figure>\n<\/div>\n\n\n<p class=\"has-medium-font-size\">1996: Publikation \u201eGasebuch\u201c<\/p>\n\n\n\n<p>Unser \u201eGasebuch\u201c, 1959 erstmals publiziert, erscheint in der bereits f\u00fcnften Auflage. Dieses Lexikon enth\u00e4lt viel Wissenswertes \u00fcber Gase, zugeschnitten auf den interessierten Laien. Auch f\u00fcr Techniker und Wissenschaftler sind zahlreiche Details enthalten. Die Publikation b\u00fcndelt Informationen \u00fcber die Historie, Herstellung und Verwendung der Gase und ihre physikalischen und chemischen Eigenschaften.<\/p>\n\n\n\n<hr class=\"wp-block-separator has-css-opacity\"\/>\n\n\n<div class=\"wp-block-image\">\n<figure class=\"alignleft size-large is-resized\"><img loading=\"lazy\" decoding=\"async\" width=\"1024\" height=\"525\" src=\"https:\/\/www.ghc.de\/media\/sbf-logo-1024x525.png\" alt=\"\" class=\"wp-image-3101\" style=\"width:400px\" srcset=\"https:\/\/www.ghc.de\/media\/sbf-logo-1024x525.png 1024w, https:\/\/www.ghc.de\/media\/sbf-logo-300x154.png 300w, https:\/\/www.ghc.de\/media\/sbf-logo-768x394.png 768w, https:\/\/www.ghc.de\/media\/sbf-logo-1536x788.png 1536w, https:\/\/www.ghc.de\/media\/sbf-logo-2048x1050.png 2048w, https:\/\/www.ghc.de\/media\/sbf-logo-640x328.png 640w, https:\/\/www.ghc.de\/media\/sbf-logo-1200x615.png 1200w, https:\/\/www.ghc.de\/media\/sbf-logo-1920x985.png 1920w\" sizes=\"auto, (max-width: 639px) 98vw, (max-width: 1199px) 64vw, 770px\" \/><\/figure>\n<\/div>\n\n\n<p class=\"has-medium-font-size\">1999: Marktf\u00fchrerschaft<\/p>\n\n\n\n<p>Im Oktober 1999 \u00fcbernimmt GHC die SBF, eine Tochter der Preussag AG. GHC wird damit in Deutschland mit gro\u00dfem Abstand Marktf\u00fchrer im Vertrieb von Chlor in Stahlflaschen und F\u00e4ssern. Zur zeit- und ortsnahen Belieferung der Kunden insbesondere f\u00fcr K\u00e4ltemittel steht bundesweit ein fl\u00e4chendeckendes Netz von Lagerhaltern bereit.<\/p>\n\n\n\n<hr class=\"wp-block-separator has-css-opacity\"\/>\n\n\n<div class=\"wp-block-image\">\n<figure class=\"alignright size-large is-resized\"><img loading=\"lazy\" decoding=\"async\" width=\"732\" height=\"901\" src=\"https:\/\/www.ghc.de\/media\/877_bearbeitet.jpg\" alt=\"\" class=\"wp-image-3203\" style=\"width:200px\" srcset=\"https:\/\/www.ghc.de\/media\/877_bearbeitet.jpg 732w, https:\/\/www.ghc.de\/media\/877_bearbeitet-244x300.jpg 244w, https:\/\/www.ghc.de\/media\/877_bearbeitet-640x788.jpg 640w\" sizes=\"auto, (max-width: 639px) 98vw, (max-width: 1199px) 64vw, 732px\" \/><figcaption class=\"wp-element-caption\">Joachim Holz<\/figcaption><\/figure>\n<\/div>\n\n\n<p class=\"has-text-align-left has-medium-font-size\">1996: die vierte Generation<\/p>\n\n\n\n<p>Im Jahr 1996 tritt Joachim Holz, Urenkel des Firmengr\u00fcnders, in die Gesch\u00e4ftsf\u00fchrung ein und \u00fcbernimmt die Verantwortung f\u00fcr das operative Gasgesch\u00e4ft. Kuno Holz, der bis dahin die Geschicke der Firma lenkte, zieht sich im Jahr 2001 aus der aktiven Gesch\u00e4ftsf\u00fchrung zur\u00fcck und wechselt in die Rolle des Gesellschafters, in der er dem Unternehmen weiterhin beratend zur Seite steht.<\/p>\n\n\n\n<hr class=\"wp-block-separator has-css-opacity\"\/>\n\n\n\n<p class=\"has-medium-font-size\">2002: GHC Breitenau startet Kleingebinde-Abf\u00fcllung<\/p>\n\n\n\n<p>Die Niederlassung Breitenau startet 2002 mit dem Aufbau und der Inbetriebnahme der Kleingebinde-Abf\u00fcllung f\u00fcr die Produktgruppe W\u00e4rmetr\u00e4gerfl\u00fcssigkeiten Antifrogen\u00ae von Clariant f\u00fcr die gesamte GHC Gruppe.<\/p>\n\n\n\n<hr class=\"wp-block-separator has-css-opacity\"\/>\n\n\n\n<p class=\"has-medium-font-size\">2004: 100 Jahre GHC!<\/p>\n\n\n\n<figure class=\"wp-block-image size-teaser-block\"><img loading=\"lazy\" decoding=\"async\" width=\"1000\" height=\"500\" src=\"https:\/\/www.ghc.de\/media\/2020\/01\/Bild-6_wide-1000x500.jpg\" alt=\"\" class=\"wp-image-833\"\/><\/figure>\n\n\n\n<p>Zum 100-j\u00e4hrigen Bestehen im Jahr 2004 hat sich GHC vom H\u00e4ndler und Kommissionierer zum Gesamtanbieter im Segment der druckverfl\u00fcssigten Gase entwickelt. Der Bereich Anlagenbau kam neu hinzu. Hier werden Entnahmeanlagen f\u00fcr druckverfl\u00fcssigte Gase kundenindividuell entwickelt und realisiert.<\/p>\n\n\n\n<p>Die Gerling, Holz &amp; Co. KG agiert mittlerweile als Holding, die Beteiligungen und Tochterunternehmen b\u00fcndelt.<\/p>\n\n\n\n<p>Die GHC Gerling, Holz &amp; Co. Handels GmbH deckt dabei den operativen Bereich Gase ab und besch\u00e4ftigt in ihren sieben Betrieben 250 Mitarbeiter.<\/p>\n\n\n\n<hr class=\"wp-block-separator has-css-opacity\"\/>\n\n\n\n<p class=\"has-medium-font-size\">2005: GHC Dormagen und AKZO: neue Impulse im Markt<\/p>\n\n\n\n<p>AKZO Base Chemicals erarbeitet 2005 mit den niederl\u00e4ndischen Beh\u00f6rden ein Infrastruktur- und Versorgungskonzept f\u00fcr Chlor. GHC \u00fcbernimmt im Rahmen dieser Restrukturierung die Abf\u00fcllung von Chlorgebinden und die Versorgung der niederl\u00e4ndischen und skandinavischen Kunden der AKZO vom Standort Hengelo.<\/p>\n\n\n\n<hr class=\"wp-block-separator has-css-opacity\"\/>\n\n\n\n<p class=\"has-medium-font-size\">2007 GHC Breitenau erweitert Portfolio<\/p>\n\n\n\n<p>Unsere Niederlassung Breitenau \u00fcbernimmt das Chlor-Gesch\u00e4ft der Firma Schiessl f\u00fcr gro\u00dfe Teile Bayerns.<\/p>\n\n\n\n<hr class=\"wp-block-separator has-css-opacity\"\/>\n\n\n\n<p class=\"has-text-align-left has-medium-font-size\">2009: Spezialgebiet Satellitenantriebs- und Steuerungstreibstoff<\/p>\n\n\n\n<figure class=\"wp-block-image size-large is-resized\"><img loading=\"lazy\" decoding=\"async\" width=\"1024\" height=\"320\" src=\"https:\/\/www.ghc.de\/media\/2019\/08\/slider-start-3-1024x320.jpg\" alt=\"\" class=\"wp-image-452\" style=\"width:1024px;height:320px\" srcset=\"https:\/\/www.ghc.de\/media\/2019\/08\/slider-start-3-1024x320.jpg 1024w, https:\/\/www.ghc.de\/media\/2019\/08\/slider-start-3-300x94.jpg 300w, https:\/\/www.ghc.de\/media\/2019\/08\/slider-start-3-768x240.jpg 768w, https:\/\/www.ghc.de\/media\/2019\/08\/slider-start-3-1536x480.jpg 1536w, https:\/\/www.ghc.de\/media\/2019\/08\/slider-start-3-640x200.jpg 640w, https:\/\/www.ghc.de\/media\/2019\/08\/slider-start-3-1200x375.jpg 1200w, https:\/\/www.ghc.de\/media\/2019\/08\/slider-start-3.jpg 1600w\" sizes=\"auto, (max-width: 639px) 98vw, (max-width: 1199px) 64vw, 770px\" \/><\/figure>\n\n\n\n<p>Inspiriert durch franz\u00f6sische Kunden und britische Partner, befasst sich GHC mit der Herstellung, der Abf\u00fcllung und dem Vertrieb von Satellitenantriebs- und Steuerungstreibstoffen. Die \u00fcber hundertj\u00e4hrige Erfahrung im Umgang mit derart anspruchsvollen Produkten hat GHC f\u00fcr das Spezialgebiet pr\u00e4destiniert. Ein Alleinstellungsmerkmal und unverzichtbarer Faktor f\u00fcr die hochkomplexe Materie ist neben dem Produkt-Know-how die spezifische Verpackungs- und Anlagenbauexpertise von GHC.<\/p>\n\n\n\n<p>Diese Kompetenz, verbunden mit der nachhaltigen Strategie eines eigent\u00fcmergef\u00fchrten Familienunternehmens, hat GHC eine f\u00fchrende Position im internationalen Markt f\u00fcr zivile Satellitentreibstoffe gesichert.<\/p>\n\n\n\n<p>Hierzu z\u00e4hlen zum einen die kundenindividuelle Produktion und Konfektionierung in den GHC-Betrieben. Zum anderen die Lieferung an alle Weltraumbahnh\u00f6fe, die Vor-Ort-Betreuung mit eigenem Fachpersonal sowie die fachspezifische Beratung und Lieferung von Ausr\u00fcstung und Anlagentechnik. Damit hat GHC einen weiteren Integrationsschritt im hochspezialisierten Markt f\u00fcr druckverfl\u00fcssigten Gase vollzogen.<\/p>\n\n\n\n<hr class=\"wp-block-separator has-css-opacity\"\/>\n\n\n\n<p class=\"has-text-align-left has-medium-font-size\">2009: Schwefelwasserstoff-Anlage am Standort Leuna<\/p>\n\n\n\n<p>Seit 2009 reinigt und vertreibt GHC unter Druck verfl\u00fcssigten Schwefelwasserstoff verschiedener Reinheiten am Chemiestandort Leuna. In dem geschlossenen Industriegebiet in der dynamischen Wirtschaftsregion Leipzig-Halle betreibt GHC Anlagen zum Reinigen, Abf\u00fcllen und Lagern von Schwefelwasserstoff. Das Produkt kommt z.B. in der Halbleiterherstellung, zur Oberfl\u00e4chen\u00adbehandlung von Metallen oder zur Veredelung von Mineral\u00f6len zum Einsatz.<\/p>\n\n\n\n<p>Das umfassende Dienstleistungsangebot von GHC wird durch einen st\u00e4ndigen Not- und Servicedienst erg\u00e4nzt. Dieser unterst\u00fctzt Kunden und Beh\u00f6rden jederzeit mit Fachpersonal und Ger\u00e4t. Die R\u00fccknahme und das Recycling druckverfl\u00fcssigter Gase sowie auch die Gew\u00e4hrleistung fachgerechter Entsorgung geh\u00f6ren ebenfalls zum Leistungsspektrum von GHC.<\/p>\n\n\n\n<hr class=\"wp-block-separator has-css-opacity\"\/>\n\n\n\n<p class=\"has-medium-font-size\">2011: Vollbetrieb in Leuna<\/p>\n\n\n\n<p>Die Schwefelwasserstoff-Destillations- und Verfl\u00fcssigungsanlage in Leuna nimmt den Vollbetrieb auf.<\/p>\n\n\n\n<hr class=\"wp-block-separator has-css-opacity\"\/>\n\n\n\n<p class=\"has-medium-font-size\">2014: Neue M\u00e4rkte in Asien<\/p>\n\n\n\n<p>Im Jahr 2014 startet die Vermarktung von HCl Electronic Grade (99.9995% Reinheit) in Asien.<\/p>\n\n\n\n<hr class=\"wp-block-separator has-css-opacity\"\/>\n\n\n\n<p class=\"has-medium-font-size\">2015: Festes GHC-Standbein in China<\/p>\n\n\n\n<figure class=\"wp-block-image size-teaser-block\"><img loading=\"lazy\" decoding=\"async\" width=\"1000\" height=\"500\" src=\"https:\/\/www.ghc.de\/media\/AdobeStock_316746116-1000x500.jpeg\" alt=\"\" class=\"wp-image-3544\"\/><\/figure>\n\n\n\n<p>Seit 2015 sind wir f\u00fcr unsere asiatischen Kunden direkt vor Ort: Wir er\u00f6ffnen unser Sales Office Asien in Ningbo!<\/p>\n\n\n\n<hr class=\"wp-block-separator has-css-opacity\"\/>\n\n\n\n<p class=\"has-medium-font-size\">seit 2018: Impulse f\u00fcr die Sicherheitstechnik<\/p>\n\n\n\n<p>Sicherheit ist ein wichtiger Bestandteil unseres Gesch\u00e4ftskonzepts. So haben wir zwischen 2018 und 2020 unser Prozess-Leitsystem erneuert und die Sicherheitstechnik der Entnahme- und F\u00fcllanlagen optimiert.<\/p>\n\n\n\n<hr class=\"wp-block-separator has-css-opacity\"\/>\n\n\n\n<p class=\"has-medium-font-size\">2021: Jonathan Holz wird Gesellschafter <\/p>\n\n\n\n<p>Nach dem viel zu fr\u00fchen Tod von Joachim Holz, im Jahr 2021, tritt sein Sohn Jonathan Holz als Gesellschafter in die Firma ein. Gemeinsam mit Kuno Holz \u00fcberwacht er nun die Gesch\u00e4fte des Unternehmens. Trotz des schweren Verlusts bleiben die Werte und die Vision der Familie Holz weiterhin die treibende Kraft f\u00fcr das Unternehmen.<\/p>\n\n\n\n<hr class=\"wp-block-separator has-css-opacity\"\/>\n\n\n\n<p class=\"has-medium-font-size\">2023: Marlene Pakull neue Gesch\u00e4ftsf\u00fchrerin und Zertifizierung des Umweltmanagementsystems<\/p>\n\n\n\n<p>Zum 1. August 2023 \u00fcbernimmt Marlene Pakull die Gesch\u00e4ftsf\u00fchrung. <\/p>\n\n\n\n<p>Im Jahr 2023 wird ein Umweltmanagementsystem eingef\u00fchrt und erfolgreich nach dem internationalen Normstandard DIN EN ISO 14001 zertifiziert.<\/p>\n<\/div><\/section>\n\n\n\n<p><\/p>\n","protected":false},"excerpt":{"rendered":"<p>Erfolgreich seit \u00fcber 120 Jahren<\/p>\n","protected":false},"author":1,"featured_media":3605,"parent":615,"menu_order":0,"comment_status":"closed","ping_status":"closed","template":"","meta":{"_acf_changed":false,"_uag_custom_page_level_css":"","footnotes":""},"class_list":["post-698","page","type-page","status-publish","has-post-thumbnail","hentry"],"acf":[],"uagb_featured_image_src":{"full":["https:\/\/www.ghc.de\/media\/AdobeStock_103775242-scaled.jpeg",2560,1680,false],"thumbnail":["https:\/\/www.ghc.de\/media\/AdobeStock_103775242-150x150.jpeg",150,150,true],"medium":["https:\/\/www.ghc.de\/media\/AdobeStock_103775242-300x197.jpeg",300,197,true],"medium_large":["https:\/\/www.ghc.de\/media\/AdobeStock_103775242-768x504.jpeg",768,504,true],"large":["https:\/\/www.ghc.de\/media\/AdobeStock_103775242-1024x672.jpeg",1024,672,true],"1536x1536":["https:\/\/www.ghc.de\/media\/AdobeStock_103775242-1536x1008.jpeg",1536,1008,true],"2048x2048":["https:\/\/www.ghc.de\/media\/AdobeStock_103775242-2048x1344.jpeg",2048,1344,true],"featured-small":["https:\/\/www.ghc.de\/media\/AdobeStock_103775242-640x200.jpeg",640,200,true],"featured-medium":["https:\/\/www.ghc.de\/media\/AdobeStock_103775242-1280x500.jpeg",1280,500,true],"featured-large":["https:\/\/www.ghc.de\/media\/AdobeStock_103775242-1440x500.jpeg",1440,500,true],"featured-xlarge":["https:\/\/www.ghc.de\/media\/AdobeStock_103775242-1920x500.jpeg",1920,500,true],"fp-small":["https:\/\/www.ghc.de\/media\/AdobeStock_103775242-640x420.jpeg",640,420,true],"fp-medium":["https:\/\/www.ghc.de\/media\/AdobeStock_103775242-1024x672.jpeg",1024,672,true],"fp-large":["https:\/\/www.ghc.de\/media\/AdobeStock_103775242-1200x788.jpeg",1200,788,true],"fp-xlarge":["https:\/\/www.ghc.de\/media\/AdobeStock_103775242-1920x1260.jpeg",1920,1260,true],"teaser-block":["https:\/\/www.ghc.de\/media\/AdobeStock_103775242-1000x500.jpeg",1000,500,true],"location-small":["https:\/\/www.ghc.de\/media\/AdobeStock_103775242-600x334.jpeg",600,334,true]},"uagb_author_info":{"display_name":"Admin f\u00fcr Andreas Mey","author_link":"https:\/\/www.ghc.de\/de\/author\/radmin\/"},"uagb_comment_info":0,"uagb_excerpt":"Erfolgreich seit \u00fcber 120 Jahren","_links":{"self":[{"href":"https:\/\/www.ghc.de\/de\/wp-json\/wp\/v2\/pages\/698","targetHints":{"allow":["GET"]}}],"collection":[{"href":"https:\/\/www.ghc.de\/de\/wp-json\/wp\/v2\/pages"}],"about":[{"href":"https:\/\/www.ghc.de\/de\/wp-json\/wp\/v2\/types\/page"}],"author":[{"embeddable":true,"href":"https:\/\/www.ghc.de\/de\/wp-json\/wp\/v2\/users\/1"}],"replies":[{"embeddable":true,"href":"https:\/\/www.ghc.de\/de\/wp-json\/wp\/v2\/comments?post=698"}],"version-history":[{"count":115,"href":"https:\/\/www.ghc.de\/de\/wp-json\/wp\/v2\/pages\/698\/revisions"}],"predecessor-version":[{"id":7231,"href":"https:\/\/www.ghc.de\/de\/wp-json\/wp\/v2\/pages\/698\/revisions\/7231"}],"up":[{"embeddable":true,"href":"https:\/\/www.ghc.de\/de\/wp-json\/wp\/v2\/pages\/615"}],"wp:featuredmedia":[{"embeddable":true,"href":"https:\/\/www.ghc.de\/de\/wp-json\/wp\/v2\/media\/3605"}],"wp:attachment":[{"href":"https:\/\/www.ghc.de\/de\/wp-json\/wp\/v2\/media?parent=698"}],"curies":[{"name":"wp","href":"https:\/\/api.w.org\/{rel}","templated":true}]}}