{"id":7020,"date":"2024-11-04T13:11:50","date_gmt":"2024-11-04T12:11:50","guid":{"rendered":"https:\/\/www.ghc.de\/?page_id=7020"},"modified":"2024-11-04T15:24:39","modified_gmt":"2024-11-04T14:24:39","slug":"bewerbung","status":"publish","type":"page","link":"https:\/\/www.ghc.de\/de\/bewerbung\/","title":{"rendered":"Bewerbung"},"content":{"rendered":"\n<h5 class=\"wp-block-heading has-text-align-center\">Sie haben eine interessante Vakanz entdeckt und m\u00f6chten sich gern bei uns bewerben?<\/h5>\n\n\n\n<p>Bitte f\u00fcllen Sie das kurze Bewerberformular unter dem &#8222;BEWERBEN&#8220;-Button der jeweiligen Stellenbeschreibung aus und f\u00fcgen Ihre Bewerbungsunterlagen an.<\/p>\n\n\n\n<p>F\u00fcr eine erfolgreiche Bewerbung haben wir f\u00fcr Sie auf dieser Seite einige Informationen rund um den Bewerbungsprozess zusammengefasst.<\/p>\n\n\n\n<hr class=\"wp-block-separator has-alpha-channel-opacity\"\/>\n\n\n\n<h2 class=\"wp-block-heading has-text-align-center\">Wie k\u00f6nnen Sie mit Ihrer Bewerbung punkten?<\/h2>\n\n\n\n<h5 class=\"wp-block-heading has-text-align-center\">Aussagekr\u00e4ftig, vollst\u00e4ndig und \u00fcbersichtlich gestaltet \u2013 so \u00fcberzeugt Ihre Bewerbung.<\/h5>\n\n\n\n<div class=\"wp-block-columns has-3-columns is-layout-flex wp-container-core-columns-is-layout-9d6595d7 wp-block-columns-is-layout-flex\">\n<div class=\"wp-block-column is-layout-flow wp-block-column-is-layout-flow\">\n<i class=\"top fas fa-pen-nib\"><\/i>\n\n\n\n<h4 class=\"wp-block-heading has-text-align-center\">Anschreiben <\/h4>\n\n\n\n<p>In Ihrem Anschreiben bringen Sie auf den Punkt, welche besonderen F\u00e4higkeiten und Erfahrungen Sie f\u00fcr die gew\u00fcnschte Position qualifizieren. Was sind Ihre pers\u00f6nlichen Ziele und Ihre Motivation mit uns zusammen zu arbeiten? Teilen Sie uns bitte auch Ihre Verf\u00fcgbarkeit und Gehaltsvorstellung mit.<\/p>\n<\/div>\n\n\n\n<div class=\"wp-block-column is-layout-flow wp-block-column-is-layout-flow\">\n<i class=\"top far fa-id-card\"><\/i>\n\n\n\n<h4 class=\"wp-block-heading has-text-align-center\">Lebenslauf<\/h4>\n\n\n\n<p>Ihr Lebenslauf stellt Ihren bisherigen Werdegang vollst\u00e4ndig und \u00fcbersichtlich dar. Denken Sie bitte an eine lesefreundliche Gestaltung. Eine umgekehrt chronologische Anordnung der einzelnen Punkte ist meist hilfreich.<\/p>\n<\/div>\n\n\n\n<div class=\"wp-block-column is-layout-flow wp-block-column-is-layout-flow\">\n<i class=\"top fas fa-graduation-cap\"><\/i>\n\n\n\n<h4 class=\"wp-block-heading has-text-align-center\">Zeugnisse<\/h4>\n\n\n\n<p>Ihre Ausbildungs- und Arbeitszeugnisse belegen Ihren bisherigen Werdegang \u2013 bitte achten Sie dabei auf eine gute Scan-Qualit\u00e4t. Schauen Sie bitte auch in die Stellenbeschreibung, ob weitere Unterlagen ben\u00f6tigt werden.<\/p>\n<\/div>\n<\/div>\n\n\n\n<hr class=\"wp-block-separator has-alpha-channel-opacity\"\/>\n\n\n\n<h2 class=\"wp-block-heading has-text-align-center\">Wie geht es dann weiter?<\/h2>\n\n\n\n<ul class=\"wp-block-list flags\">\n<li><strong>Bewerbungspr\u00fcfung<\/strong><br>Sobald Ihre Bewerbung bei uns eingegangen ist, pr\u00fcft unsere Personalabteilung sorgf\u00e4ltig Ihre Unterlagen und leitet sie bei entsprechender Eignung an die entsprechende Fachabteilung weiter.<\/li>\n\n\n\n<li><strong>Vorstellungsgespr\u00e4che<\/strong><br>Haben Sie in der Vorauswahl \u00fcberzeugt, laden wir Sie zu einem Vorstellungsgespr\u00e4ch ein, in dem wir Ihnen unser Unternehmen sowie die k\u00fcnftige Position vorstellen. Wir m\u00f6chten Sie dabei n\u00e4her kennenlernen und herausfinden, ob Sie zu uns und wir zu Ihnen passen. Sie haben auch Gelegenheit mehr \u00fcber sich, Ihren Werdegang und Ihre Motivation f\u00fcr die Bewerbung zu sprechen sowie Fragen zu stellen.<\/li>\n\n\n\n<li><strong>Dauer<\/strong><br>In der Regel erhalten Sie von uns innerhalb von 14 bis 21 Tagen eine erste R\u00fcckmeldung auf Ihre Bewerbung.  Zwischen dem Eingang der Bewerbung und dem Abschluss eines Arbeitsvertrages k\u00f6nnen in Abh\u00e4ngigkeit von der Position zwei bis drei Monate vergehen.<br>Sind dann alle Gespr\u00e4che erfolgreich verlaufen und die Details der Vertragsgestaltung besprochen, steht Ihrem Start bei uns nichts mehr im Wege.<\/li>\n\n\n\n<li><strong>Herzlich Willkommen bei GHC ! <\/strong><\/li>\n<\/ul>\n","protected":false},"excerpt":{"rendered":"<p>Sie haben eine interessante Vakanz entdeckt und m\u00f6chten sich gern bei uns bewerben? Bitte f\u00fcllen Sie das kurze Bewerberformular unter dem &#8222;BEWERBEN&#8220;-Button der jeweiligen Stellenbeschreibung aus und f\u00fcgen Ihre Bewerbungsunterlagen an. F\u00fcr eine erfolgreiche Bewerbung haben wir f\u00fcr Sie auf dieser Seite einige Informationen rund um den Bewerbungsprozess zusammengefasst. Wie k\u00f6nnen Sie mit Ihrer Bewerbung [&hellip;]<\/p>\n","protected":false},"author":1,"featured_media":7021,"parent":0,"menu_order":0,"comment_status":"closed","ping_status":"closed","template":"","meta":{"_acf_changed":false,"_uag_custom_page_level_css":"","footnotes":""},"class_list":["post-7020","page","type-page","status-publish","has-post-thumbnail","hentry"],"acf":[],"uagb_featured_image_src":{"full":["https:\/\/www.ghc.de\/media\/slider-bewerbung.jpg",1600,500,false],"thumbnail":["https:\/\/www.ghc.de\/media\/slider-bewerbung-150x150.jpg",150,150,true],"medium":["https:\/\/www.ghc.de\/media\/slider-bewerbung-300x94.jpg",300,94,true],"medium_large":["https:\/\/www.ghc.de\/media\/slider-bewerbung-768x240.jpg",768,240,true],"large":["https:\/\/www.ghc.de\/media\/slider-bewerbung-1024x320.jpg",1024,320,true],"1536x1536":["https:\/\/www.ghc.de\/media\/slider-bewerbung-1536x480.jpg",1536,480,true],"2048x2048":["https:\/\/www.ghc.de\/media\/slider-bewerbung.jpg",1600,500,false],"featured-small":["https:\/\/www.ghc.de\/media\/slider-bewerbung-640x200.jpg",640,200,true],"featured-medium":["https:\/\/www.ghc.de\/media\/slider-bewerbung-1280x500.jpg",1280,500,true],"featured-large":["https:\/\/www.ghc.de\/media\/slider-bewerbung-1440x500.jpg",1440,500,true],"featured-xlarge":["https:\/\/www.ghc.de\/media\/slider-bewerbung.jpg",1600,500,false],"fp-small":["https:\/\/www.ghc.de\/media\/slider-bewerbung-640x200.jpg",640,200,true],"fp-medium":["https:\/\/www.ghc.de\/media\/slider-bewerbung-1024x320.jpg",1024,320,true],"fp-large":["https:\/\/www.ghc.de\/media\/slider-bewerbung-1200x375.jpg",1200,375,true],"fp-xlarge":["https:\/\/www.ghc.de\/media\/slider-bewerbung.jpg",1600,500,false],"teaser-block":["https:\/\/www.ghc.de\/media\/slider-bewerbung-1000x500.jpg",1000,500,true],"location-small":["https:\/\/www.ghc.de\/media\/slider-bewerbung-600x334.jpg",600,334,true]},"uagb_author_info":{"display_name":"Admin f\u00fcr Andreas Mey","author_link":"https:\/\/www.ghc.de\/de\/author\/radmin\/"},"uagb_comment_info":0,"uagb_excerpt":"Sie haben eine interessante Vakanz entdeckt und m\u00f6chten sich gern bei uns bewerben? Bitte f\u00fcllen Sie das kurze Bewerberformular unter dem &#8222;BEWERBEN&#8220;-Button der jeweiligen Stellenbeschreibung aus und f\u00fcgen Ihre Bewerbungsunterlagen an. F\u00fcr eine erfolgreiche Bewerbung haben wir f\u00fcr Sie auf dieser Seite einige Informationen rund um den Bewerbungsprozess zusammengefasst. Wie k\u00f6nnen Sie mit Ihrer Bewerbung&hellip;","_links":{"self":[{"href":"https:\/\/www.ghc.de\/de\/wp-json\/wp\/v2\/pages\/7020","targetHints":{"allow":["GET"]}}],"collection":[{"href":"https:\/\/www.ghc.de\/de\/wp-json\/wp\/v2\/pages"}],"about":[{"href":"https:\/\/www.ghc.de\/de\/wp-json\/wp\/v2\/types\/page"}],"author":[{"embeddable":true,"href":"https:\/\/www.ghc.de\/de\/wp-json\/wp\/v2\/users\/1"}],"replies":[{"embeddable":true,"href":"https:\/\/www.ghc.de\/de\/wp-json\/wp\/v2\/comments?post=7020"}],"version-history":[{"count":3,"href":"https:\/\/www.ghc.de\/de\/wp-json\/wp\/v2\/pages\/7020\/revisions"}],"predecessor-version":[{"id":7035,"href":"https:\/\/www.ghc.de\/de\/wp-json\/wp\/v2\/pages\/7020\/revisions\/7035"}],"wp:featuredmedia":[{"embeddable":true,"href":"https:\/\/www.ghc.de\/de\/wp-json\/wp\/v2\/media\/7021"}],"wp:attachment":[{"href":"https:\/\/www.ghc.de\/de\/wp-json\/wp\/v2\/media?parent=7020"}],"curies":[{"name":"wp","href":"https:\/\/api.w.org\/{rel}","templated":true}]}}