{"id":735,"date":"2020-01-24T11:56:13","date_gmt":"2020-01-24T10:56:13","guid":{"rendered":"https:\/\/83.236.219.254\/?page_id=735"},"modified":"2024-04-19T13:06:11","modified_gmt":"2024-04-19T11:06:11","slug":"qualitaet","status":"publish","type":"page","link":"https:\/\/www.ghc.de\/de\/unternehmen\/qualitaet\/","title":{"rendered":"Qualit\u00e4tS- und Umweltmanagement"},"content":{"rendered":"\n<h5 class=\"wp-block-heading has-text-align-center\">ISO 9001 + ISO 14001<\/h5>\n\n\n\n<div class=\"wp-block-columns is-layout-flex wp-container-core-columns-is-layout-9d6595d7 wp-block-columns-is-layout-flex\">\n<div class=\"wp-block-column is-layout-flow wp-block-column-is-layout-flow\">\n<p>Wir haben das Ziel unseren Kunden die bestm\u00f6gliche Qualit\u00e4t zu bieten. Gleichzeitig sind h\u00f6chste Sicherheits- und Umweltstandards f\u00fcr uns eine Selbstverst\u00e4ndlichkeit. <\/p>\n\n\n\n<p>Die konsequente Einhaltung dieser hohen Anspr\u00fcche an uns selbst lassen wir regelm\u00e4\u00dfig mit der Zertifizierung nach DIN EN ISO 9001 Qualit\u00e4tsmanagementsysteme und DIN EN ISO 14001 Umweltmanagementsysteme durch einen unabh\u00e4ngigen Auditor pr\u00fcfen. <\/p>\n\n\n\n<p>Wir garantieren unseren Kunden eine kontinuierlich verbesserte Qualit\u00e4t unserer Produkte \u2013 \u00fcberpr\u00fcft und dokumentiert nach s\u00e4mtlichen einschl\u00e4gigen technischen und gesetzlichen Vorschriften.<\/p>\n<\/div>\n\n\n\n<div class=\"wp-block-column is-layout-flow wp-block-column-is-layout-flow\">\n<p>Wir bieten Ihnen kompetente Beratung mit professionellen und wirtschaftlich individuell optimierten L\u00f6sungen Ihrer Aufgaben.<\/p>\n\n\n\n<p>Technisches Handling geh\u00f6rt ebenso zu unseren Leistungen wie die R\u00fccknahme und Entsorgung von veralteten oder verunreinigten K\u00e4ltemitteln und Gasen.<\/p>\n\n\n\n<p>Durch die strikte Einhaltung der ma\u00dfgeblichen deutschen, europ\u00e4ischen und internationalen Vorschriften und Normen und aufgrund unserer jahrzehntelangen Erfahrungen beim Umgang mit K\u00e4ltemitteln und Gasen gew\u00e4hrleistet Ihnen GHC h\u00f6chste Sicherheit und Effektivit\u00e4t.<\/p>\n\n\n\n<p>Mit unserem Know-how k\u00f6nnen wir viel f\u00fcr Sie tun. Nehmen Sie uns beim Wort!  <\/p>\n<\/div>\n<\/div>\n\n\n\n<section class=\"wp-block-uagb-section uagb-section__wrap uagb-section__background-color uagb-block-8c0ff319\"><div class=\"uagb-section__overlay\"><\/div><div class=\"uagb-section__inner-wrap\">\n<div class=\"wp-block-uagb-call-to-action uagb-block-20996744 wp-block-button\"><div class=\"uagb-cta__wrap\"><p class=\"uagb-cta__desc\"> <strong>Laden Sie unser aktuelles Zertifikat herunter<\/strong><\/p><\/div><div class=\"uagb-cta__buttons\"><a href=\"https:\/\/www.ghc.de\/media\/GHC-ISO-9001-und-14001-Zertifikat-DE.pdf\" class=\"uagb-cta__button-link-wrapper wp-block-button__link\" target=\"_blank\" rel=\"noopener noreferrer\">Herunterladen<\/a><\/div><\/div>\n<\/div><\/section>\n","protected":false},"excerpt":{"rendered":"<p>ISO 9001 + ISO 14001 Wir haben das Ziel unseren Kunden die bestm\u00f6gliche Qualit\u00e4t zu bieten. Gleichzeitig sind h\u00f6chste Sicherheits- und Umweltstandards f\u00fcr uns eine Selbstverst\u00e4ndlichkeit. Die konsequente Einhaltung dieser hohen Anspr\u00fcche an uns selbst lassen wir regelm\u00e4\u00dfig mit der Zertifizierung nach DIN EN ISO 9001 Qualit\u00e4tsmanagementsysteme und DIN EN ISO 14001 Umweltmanagementsysteme durch einen [&hellip;]<\/p>\n","protected":false},"author":1,"featured_media":3120,"parent":615,"menu_order":0,"comment_status":"closed","ping_status":"closed","template":"","meta":{"_acf_changed":false,"_uag_custom_page_level_css":"","footnotes":""},"class_list":["post-735","page","type-page","status-publish","has-post-thumbnail","hentry"],"acf":[],"uagb_featured_image_src":{"full":["https:\/\/www.ghc.de\/media\/AdobeStock_170004148.jpeg",1280,592,false],"thumbnail":["https:\/\/www.ghc.de\/media\/AdobeStock_170004148-150x150.jpeg",150,150,true],"medium":["https:\/\/www.ghc.de\/media\/AdobeStock_170004148-300x139.jpeg",300,139,true],"medium_large":["https:\/\/www.ghc.de\/media\/AdobeStock_170004148-768x355.jpeg",768,355,true],"large":["https:\/\/www.ghc.de\/media\/AdobeStock_170004148-1024x474.jpeg",1024,474,true],"1536x1536":["https:\/\/www.ghc.de\/media\/AdobeStock_170004148.jpeg",1280,592,false],"2048x2048":["https:\/\/www.ghc.de\/media\/AdobeStock_170004148.jpeg",1280,592,false],"featured-small":["https:\/\/www.ghc.de\/media\/AdobeStock_170004148-640x200.jpeg",640,200,true],"featured-medium":["https:\/\/www.ghc.de\/media\/AdobeStock_170004148-1280x500.jpeg",1280,500,true],"featured-large":["https:\/\/www.ghc.de\/media\/AdobeStock_170004148-1280x500.jpeg",1280,500,true],"featured-xlarge":["https:\/\/www.ghc.de\/media\/AdobeStock_170004148-1280x500.jpeg",1280,500,true],"fp-small":["https:\/\/www.ghc.de\/media\/AdobeStock_170004148-640x296.jpeg",640,296,true],"fp-medium":["https:\/\/www.ghc.de\/media\/AdobeStock_170004148-1024x474.jpeg",1024,474,true],"fp-large":["https:\/\/www.ghc.de\/media\/AdobeStock_170004148-1200x555.jpeg",1200,555,true],"fp-xlarge":["https:\/\/www.ghc.de\/media\/AdobeStock_170004148.jpeg",1280,592,false],"teaser-block":["https:\/\/www.ghc.de\/media\/AdobeStock_170004148-1000x500.jpeg",1000,500,true],"location-small":["https:\/\/www.ghc.de\/media\/AdobeStock_170004148-600x334.jpeg",600,334,true]},"uagb_author_info":{"display_name":"Admin f\u00fcr Andreas Mey","author_link":"https:\/\/www.ghc.de\/de\/author\/radmin\/"},"uagb_comment_info":0,"uagb_excerpt":"ISO 9001 + ISO 14001 Wir haben das Ziel unseren Kunden die bestm\u00f6gliche Qualit\u00e4t zu bieten. Gleichzeitig sind h\u00f6chste Sicherheits- und Umweltstandards f\u00fcr uns eine Selbstverst\u00e4ndlichkeit. Die konsequente Einhaltung dieser hohen Anspr\u00fcche an uns selbst lassen wir regelm\u00e4\u00dfig mit der Zertifizierung nach DIN EN ISO 9001 Qualit\u00e4tsmanagementsysteme und DIN EN ISO 14001 Umweltmanagementsysteme durch einen&hellip;","_links":{"self":[{"href":"https:\/\/www.ghc.de\/de\/wp-json\/wp\/v2\/pages\/735","targetHints":{"allow":["GET"]}}],"collection":[{"href":"https:\/\/www.ghc.de\/de\/wp-json\/wp\/v2\/pages"}],"about":[{"href":"https:\/\/www.ghc.de\/de\/wp-json\/wp\/v2\/types\/page"}],"author":[{"embeddable":true,"href":"https:\/\/www.ghc.de\/de\/wp-json\/wp\/v2\/users\/1"}],"replies":[{"embeddable":true,"href":"https:\/\/www.ghc.de\/de\/wp-json\/wp\/v2\/comments?post=735"}],"version-history":[{"count":20,"href":"https:\/\/www.ghc.de\/de\/wp-json\/wp\/v2\/pages\/735\/revisions"}],"predecessor-version":[{"id":6765,"href":"https:\/\/www.ghc.de\/de\/wp-json\/wp\/v2\/pages\/735\/revisions\/6765"}],"up":[{"embeddable":true,"href":"https:\/\/www.ghc.de\/de\/wp-json\/wp\/v2\/pages\/615"}],"wp:featuredmedia":[{"embeddable":true,"href":"https:\/\/www.ghc.de\/de\/wp-json\/wp\/v2\/media\/3120"}],"wp:attachment":[{"href":"https:\/\/www.ghc.de\/de\/wp-json\/wp\/v2\/media?parent=735"}],"curies":[{"name":"wp","href":"https:\/\/api.w.org\/{rel}","templated":true}]}}