{"id":749,"date":"2020-01-27T12:00:17","date_gmt":"2020-01-27T11:00:17","guid":{"rendered":"https:\/\/83.236.219.254\/?page_id=749"},"modified":"2026-03-30T10:09:59","modified_gmt":"2026-03-30T08:09:59","slug":"servicestationen","status":"publish","type":"page","link":"https:\/\/www.ghc.de\/de\/leistungen\/servicestationen\/","title":{"rendered":"Lagerhaltung"},"content":{"rendered":"\n<h5 class=\"wp-block-heading has-text-align-center\">Wo erhalten Sie K\u00e4ltemittel in Ihrer N\u00e4he?<\/h5>\n\n\n\n<p>Suchen Sie Ihre Stadt oder eine Stadt in Ihrer N\u00e4he. Nach Postleitzahlen sortiert, finden Sie schnell den passenden Lagerhalter.<\/p>\n\n\n\n<hr class=\"wp-block-separator has-css-opacity\"\/>\n\n\n\n<h3 class=\"wp-block-heading has-text-align-center\" id=\"00\">PLZ-Gebiet 00000-09999<\/h3>\n\n\n\n<div class=\"wp-block-columns is-layout-flex wp-container-core-columns-is-layout-9d6595d7 wp-block-columns-is-layout-flex\">\n<div class=\"wp-block-column is-layout-flow wp-block-column-is-layout-flow\">\n<h4 class=\"wp-block-heading\">Frigotechnik Handels-GmbH<\/h4>\n\n\n\n<h6 class=\"wp-block-heading\">Gera<\/h6>\n\n\n\n<p>Windm\u00fchlenstra\u00dfe 4<br>04626 Beerwalde \/ L\u00f6bichau<br>T: +49 (0)36 602 \/ 386 -0<br>F: +49 (0)36 602 \/ 386 -66 <\/p>\n<\/div>\n\n\n\n<div class=\"wp-block-column is-layout-flow wp-block-column-is-layout-flow\">\n<h4 class=\"wp-block-heading\">GHC Gerling, Holz &amp; Co. Handels GmbH<\/h4>\n\n\n\n<h6 class=\"wp-block-heading\">Nauendorf<\/h6>\n\n\n\n<p>L\u00f6bej\u00fcner Stra\u00dfe 21<br>06193 Wettin-L\u00f6bej\u00fcn OT Merbitz<br>T: +49 (0)34 603 \/ 713 -0<br>F: +49 (0) 34 603 \/ 713 -22<br><a href=\"javascript:mdcr('vuZtyxFwifuevlrer','')\">nauendorf@ghc.de<\/a> <\/p>\n<\/div>\n<\/div>\n\n\n\n<div class=\"wp-block-columns is-layout-flex wp-container-core-columns-is-layout-9d6595d7 wp-block-columns-is-layout-flex\">\n<div class=\"wp-block-column is-layout-flow wp-block-column-is-layout-flow\">\n<h4 class=\"wp-block-heading\">Simone Fathke      Technische Gase  <\/h4>\n\n\n\n<h6 class=\"wp-block-heading\">Lagerhalter Dessau<\/h6>\n\n\n\n<p>Industriestra\u00dfe 4<br>06847 Dessau-Ro\u00dflau<br>T: +49 (0)340 \/ 510 421<br>F: +49 (0)340 \/ 571 123 15 <\/p>\n<\/div>\n\n\n\n<div class=\"wp-block-column is-layout-flow wp-block-column-is-layout-flow\">\n<h4 class=\"wp-block-heading\">Kelterborn Schwei\u00dftechnik GbR<\/h4>\n\n\n\n<h6 class=\"wp-block-heading\">Lagerhalter Saalfeld\/Th\u00fcr.<\/h6>\n\n\n\n<p>Am Cr\u00f6stener Weg 15<br>07318 Saalfeld\/Th\u00fcr.<br>T: +49 (0)36 71 \/ 538 80<br>F: +49 (0)36 71 \/ 538 814 <\/p>\n<\/div>\n<\/div>\n\n\n\n<hr class=\"wp-block-separator has-css-opacity\"\/>\n\n\n\n<h3 class=\"wp-block-heading has-text-align-center\" id=\"10\">PLZ-Gebiet 10000-19999<\/h3>\n\n\n\n<div class=\"wp-block-columns is-layout-flex wp-container-core-columns-is-layout-9d6595d7 wp-block-columns-is-layout-flex\">\n<div class=\"wp-block-column is-layout-flow wp-block-column-is-layout-flow\">\n<h4 class=\"wp-block-heading\">Karl F. Opitz Industrieverpackungen<\/h4>\n\n\n\n<h6 class=\"wp-block-heading\">Lagerhalter Berlin<\/h6>\n\n\n\n<p>Inhaber Sven L\u00fcrgen<br>Nobelstra\u00dfe 12<br>12057 Berlin<br>T: +49 (0)30 \/ 685 1085<br>F: +49 (0)30 \/ 684 1333<\/p>\n<\/div>\n\n\n\n<div class=\"wp-block-column is-layout-flow wp-block-column-is-layout-flow\">\n<h4 class=\"wp-block-heading\">Werkzeughandel Holger Marlow<\/h4>\n\n\n\n<h6 class=\"wp-block-heading\">Lagerhalter Neubrandenburg<\/h6>\n\n\n\n<p>Bornm\u00fchlenstra\u00dfe 24<br>17033 Neubrandenburg<br>T: +49 (0)395 \/ 368 68 27<br>F: +49 (0)395 \/ 368 68 27<\/p>\n<\/div>\n<\/div>\n\n\n\n<div class=\"wp-block-columns is-layout-flex wp-container-core-columns-is-layout-9d6595d7 wp-block-columns-is-layout-flex\">\n<div class=\"wp-block-column is-layout-flow wp-block-column-is-layout-flow\">\n<h4 class=\"wp-block-heading\">Frigotechnik Handels-GmbH<\/h4>\n\n\n\n<h6 class=\"wp-block-heading\">Lagerhalter Rostock<\/h6>\n\n\n\n<p>Koppelweg 4<br>18107 Rostock<br>T: +49 (0)381 \/ 77 88 35 &#8211; 0<br>F: +49 (0)381 \/ 77 88 35 &#8211; 14<\/p>\n<\/div>\n\n\n\n<div class=\"wp-block-column is-layout-flow wp-block-column-is-layout-flow\">\n<p><\/p>\n<\/div>\n<\/div>\n\n\n\n<hr class=\"wp-block-separator has-css-opacity\"\/>\n\n\n\n<h3 class=\"wp-block-heading has-text-align-center\" id=\"20\">PLZ-Gebiet 20000-29999<\/h3>\n\n\n\n<div class=\"wp-block-columns is-layout-flex wp-container-core-columns-is-layout-9d6595d7 wp-block-columns-is-layout-flex\">\n<div class=\"wp-block-column is-layout-flow wp-block-column-is-layout-flow\">\n<h4 class=\"wp-block-heading\">GHC Gerling, Holz &amp; Co. Handels GmbH<\/h4>\n\n\n\n<h6 class=\"wp-block-heading\">Hamburg<\/h6>\n\n\n\n<p>Ruhrstra\u00dfe 113<br>22761 Hamburg<br>T: +49 (0)40 \/ 853 123-0<br>F: +49 (0)40 \/ 853 123-66<br><a href=\"mailto:hamburg@ghc.de\">hamburg@ghc.de<\/a><\/p>\n<\/div>\n\n\n\n<div class=\"wp-block-column is-layout-flow wp-block-column-is-layout-flow\">\n<h4 class=\"wp-block-heading\">Travechemie GmbH<\/h4>\n\n\n\n<h6 class=\"wp-block-heading\">Lagerhalter L\u00fcbeck<\/h6>\n\n\n\n<p>Im Gleisdreieck 44<br>23566 L\u00fcbeck<br>T: +49 (0)451 \/ 619 18 21<br>F: +49 (0)451 \/ 619 18 51<\/p>\n<\/div>\n<\/div>\n\n\n\n<div class=\"wp-block-columns is-layout-flex wp-container-core-columns-is-layout-9d6595d7 wp-block-columns-is-layout-flex\">\n<div class=\"wp-block-column is-layout-flow wp-block-column-is-layout-flow\">\n<h4 class=\"wp-block-heading\">Jens Sieben<\/h4>\n\n\n\n<h6 class=\"wp-block-heading\">Lagerhalter Bremerhaven<\/h6>\n\n\n\n<p>Hoebelstra\u00dfe 48<br>27572 Bremerhaven<br>T: +49 (0)471 \/ 732 11<br>F: +49 (0)471 \/ 732 14<\/p>\n<\/div>\n\n\n\n<div class=\"wp-block-column is-layout-flow wp-block-column-is-layout-flow\"><\/div>\n<\/div>\n\n\n\n<div class=\"wp-block-columns is-layout-flex wp-container-core-columns-is-layout-9d6595d7 wp-block-columns-is-layout-flex\"><\/div>\n\n\n\n<hr class=\"wp-block-separator has-css-opacity\"\/>\n\n\n\n<h3 class=\"wp-block-heading has-text-align-center\" id=\"30\">PLZ-Gebiet 30000-39999<\/h3>\n\n\n\n<div class=\"wp-block-columns is-layout-flex wp-container-core-columns-is-layout-9d6595d7 wp-block-columns-is-layout-flex\">\n<div class=\"wp-block-column is-layout-flow wp-block-column-is-layout-flow\">\n<h4 class=\"wp-block-heading\">Kurt Kleinhans<\/h4>\n\n\n\n<h6 class=\"wp-block-heading\">Lagerhalter Goslar<\/h6>\n\n\n\n<p>Wachtelpforte 23<br>38640 Goslar<br>T: +49 (0)53 21 \/ 260 51<br>F: +49 (0)53 21 \/ 260 53<\/p>\n<\/div>\n\n\n\n<div class=\"wp-block-column is-layout-flow wp-block-column-is-layout-flow\">\n<h4 class=\"wp-block-heading\">Gase Center Speditions Kraupatz GmbH<\/h4>\n\n\n\n<h6 class=\"wp-block-heading\">Lagerhalter M\u00fcnzenberg<\/h6>\n\n\n\n<p>Gartenstra\u00dfe 5<br>35516 M\u00fcnzenberg-Gambach<br>T: +49 (0)60 33 \/ 607 00<br>F: +49 (0)60 33 \/ 685 06<br><\/p>\n\n\n\n<p>Mo.-Fr. 07:00-12:00 Uhr 13:00-17:00 Uhr<\/p>\n<\/div>\n<\/div>\n\n\n\n<div class=\"wp-block-columns is-layout-flex wp-container-core-columns-is-layout-9d6595d7 wp-block-columns-is-layout-flex\">\n<div class=\"wp-block-column is-layout-flow wp-block-column-is-layout-flow\">\n<h4 class=\"wp-block-heading\">Ludwig Gase + Technik<\/h4>\n\n\n\n<h6 class=\"wp-block-heading\">Lagerhalter Osterode<\/h6>\n\n\n\n<p>Petersh\u00fctter Allee 53<br>37520 Osterode<br>T: +49 (0)55 22 \/ 999 436<br>F: +49 (0)55 22 \/ 920 896<\/p>\n<\/div>\n\n\n\n<div class=\"wp-block-column is-layout-flow wp-block-column-is-layout-flow\">\n<h4 class=\"wp-block-heading\">Gerrit Plettner              Gase &amp; Schwei\u00dftechnik<\/h4>\n\n\n\n<h6 class=\"wp-block-heading\">Lagerhalter Wernigerode<\/h6>\n\n\n\n<p>Max-Planck-Stra\u00dfe 9<br>38855 Wernigerode<br>T: +49 (0)39 43 \/ 442 20<br>F: +49 (0)39 43 \/ 442 21<\/p>\n<\/div>\n<\/div>\n\n\n\n<div class=\"wp-block-columns is-layout-flex wp-container-core-columns-is-layout-9d6595d7 wp-block-columns-is-layout-flex\">\n<div class=\"wp-block-column is-layout-flow wp-block-column-is-layout-flow\">\n<h4 class=\"wp-block-heading\"><\/h4>\n\n\n\n<h6 class=\"wp-block-heading\"><\/h6>\n\n\n\n<p><\/p>\n<\/div>\n\n\n\n<div class=\"wp-block-column is-layout-flow wp-block-column-is-layout-flow\">\n<div class=\"wp-block-group\"><div class=\"wp-block-group__inner-container is-layout-constrained wp-block-group-is-layout-constrained\"><\/div><\/div>\n<\/div>\n<\/div>\n\n\n\n<div class=\"wp-block-columns is-layout-flex wp-container-core-columns-is-layout-9d6595d7 wp-block-columns-is-layout-flex\">\n<div class=\"wp-block-column is-layout-flow wp-block-column-is-layout-flow\"><\/div>\n<\/div>\n\n\n\n<hr class=\"wp-block-separator has-css-opacity\"\/>\n\n\n\n<h3 class=\"wp-block-heading has-text-align-center\" id=\"40\">PLZ-Gebiet 40000-49999<\/h3>\n\n\n\n<div class=\"wp-block-columns is-layout-flex wp-container-core-columns-is-layout-9d6595d7 wp-block-columns-is-layout-flex\">\n<div class=\"wp-block-column is-layout-flow wp-block-column-is-layout-flow\">\n<h4 class=\"wp-block-heading\">GHC Gerling, Holz &amp; Co. Handels GmbH<\/h4>\n\n\n\n<h6 class=\"wp-block-heading\">Dormagen<\/h6>\n\n\n\n<p>Siemensstra\u00dfe 20<br>41542 Dormagen<br>T: +49 (0)21 33 \/ 27 01-0<br>F: +49 (0)21 33 \/ 27 01-22<br><a href=\"mailto:dormagen@ghc.de\">dormagen@ghc.de<\/a><\/p>\n<\/div>\n\n\n\n<div class=\"wp-block-column is-layout-flow wp-block-column-is-layout-flow\">\n<h4 class=\"wp-block-heading\">Willy L\u00fcning GmbH<\/h4>\n\n\n\n<h6 class=\"wp-block-heading\">Lagerhalter Dorsten<\/h6>\n\n\n\n<p>Buerer Str. 374<br>46282 Dorsten<br>T: +49 (0)23 62 \/ 222 15<br>F: +49 (0)23 62 \/ 439 21<\/p>\n<\/div>\n<\/div>\n\n\n\n<div class=\"wp-block-columns is-layout-flex wp-container-core-columns-is-layout-9d6595d7 wp-block-columns-is-layout-flex\">\n<div class=\"wp-block-column is-layout-flow wp-block-column-is-layout-flow\">\n<h4 class=\"wp-block-heading\"><\/h4>\n\n\n\n<h6 class=\"wp-block-heading\"><\/h6>\n\n\n\n<p><\/p>\n<\/div>\n\n\n\n<div class=\"wp-block-column is-layout-flow wp-block-column-is-layout-flow\"><\/div>\n<\/div>\n\n\n\n<h3 class=\"wp-block-heading has-text-align-center\" id=\"50\"><\/h3>\n\n\n\n<hr class=\"wp-block-separator has-css-opacity\"\/>\n\n\n\n<h3 class=\"wp-block-heading has-text-align-center\" id=\"60\">PLZ-Gebiet 60000-69999<\/h3>\n\n\n\n<div class=\"wp-block-columns is-layout-flex wp-container-core-columns-is-layout-9d6595d7 wp-block-columns-is-layout-flex\">\n<div class=\"wp-block-column is-layout-flow wp-block-column-is-layout-flow\">\n<h4 class=\"wp-block-heading\">GHC Gerling, Holz &amp; Co. Handels GmbH<\/h4>\n\n\n\n<h6 class=\"wp-block-heading\">Hanau<\/h6>\n\n\n\n<p>Kinzigheimer Weg 109<br>63450 Hanau<br>T: +49 (0)61 81 \/ 93 05-0<br>F: +49 (0)61 81 \/ 93 05-11<br><a href=\"mailto:hanau@ghc.de\">hanau@ghc.de<\/a><\/p>\n<\/div>\n<\/div>\n\n\n\n<div class=\"wp-block-columns is-layout-flex wp-container-core-columns-is-layout-9d6595d7 wp-block-columns-is-layout-flex\">\n<div class=\"wp-block-column is-layout-flow wp-block-column-is-layout-flow\">\n<h4 class=\"wp-block-heading\">Reis &amp; Molter GmbH<\/h4>\n\n\n\n<h6 class=\"wp-block-heading\">Lagerhalter Darmstadt<\/h6>\n\n\n\n<p>Otto-R\u00f6hm-Stra\u00dfe 79<br>64293 Darmstadt<br>T: +49 (0)61 51 \/ 500 16 -0<br>F: +49 (0)61 51 \/ 893 870<\/p>\n\n\n\n<p>Mo.-Do. 07:00-17:00 Uhr<br>Fr. 07:00-15:30 Uhr<\/p>\n<\/div>\n\n\n\n<div class=\"wp-block-column is-layout-flow wp-block-column-is-layout-flow\">\n<h4 class=\"wp-block-heading\"><\/h4>\n<\/div>\n<\/div>\n\n\n\n<hr class=\"wp-block-separator has-css-opacity\"\/>\n\n\n\n<h3 class=\"wp-block-heading has-text-align-center\" id=\"70\">PLZ-Gebiet 70000-79999<\/h3>\n\n\n\n<div class=\"wp-block-columns is-layout-flex wp-container-core-columns-is-layout-9d6595d7 wp-block-columns-is-layout-flex\">\n<div class=\"wp-block-column is-layout-flow wp-block-column-is-layout-flow\">\n<h4 class=\"wp-block-heading\">Frigotechnik Handels-GmbH<\/h4>\n\n\n\n<h6 class=\"wp-block-heading\">Lagerhalter Gerlingen<\/h6>\n\n\n\n<p>Schillerstra\u00dfe 49<br>70839 Gerlingen<br>T: +49 (0)71 56 \/ 43 00 -0<br>F: +49 (0)71 56 \/ 43 00 -88<\/p>\n\n\n\n<p>Mo.-Fr. 07:30-17:30 Uhr<\/p>\n<\/div>\n\n\n\n<div class=\"wp-block-column is-layout-flow wp-block-column-is-layout-flow\">\n<h4 class=\"wp-block-heading\">Frigotechnik Handels-GmbH<\/h4>\n\n\n\n<h6 class=\"wp-block-heading\">Lagerhalter Freiburg<\/h6>\n\n\n\n<p>Ziegelhofstr. 37A<br>79110 Freiburg<br>T: +49 (0)7 61 \/ 384 197 -77<br>F: +49 (0)761 \/ 384 197 -88<\/p>\n\n\n\n<p>Mo.-Do. 07:30-16:30 Uhr<br>Fr. 07:30-16:00 Uhr<\/p>\n<\/div>\n<\/div>\n\n\n\n<hr class=\"wp-block-separator has-css-opacity\"\/>\n\n\n\n<h3 class=\"wp-block-heading has-text-align-center\" id=\"80\">PLZ-Gebiet 80000-89999<\/h3>\n\n\n\n<div class=\"wp-block-columns is-layout-flex wp-container-core-columns-is-layout-9d6595d7 wp-block-columns-is-layout-flex\">\n<div class=\"wp-block-column is-layout-flow wp-block-column-is-layout-flow\">\n<h4 class=\"wp-block-heading\">GHC Gerling, Holz &amp; Co. Handels GmbH<\/h4>\n\n\n\n<h6 class=\"wp-block-heading\">Breitenau<\/h6>\n\n\n\n<p>Breitenau 15<br>85232 Bergkirchen<br>T: +49 (0)81 31 \/ 299 33 -0<br>F: +49 (0)81 31 \/ 808 30<br><a href=\"mailto:breitenau@ghc.de\">breitenau@ghc.de<\/a><\/p>\n<\/div>\n\n\n\n<div class=\"wp-block-column is-layout-flow wp-block-column-is-layout-flow\">\n<h4 class=\"wp-block-heading\">Frigotechnik Handels-GmbH<\/h4>\n\n\n\n<h6 class=\"wp-block-heading\">Lagerhalter M\u00fcnchen<\/h6>\n\n\n\n<p>Robert-Bosch-Str. 12<br>85748 Garchung\/b. M\u00fcnchen<br>T: +49 (0)89 \/ 357 134 -0<br>F: +49 (0)89 \/ 351 11 24<\/p>\n<\/div>\n<\/div>\n\n\n\n<div class=\"wp-block-columns is-layout-flex wp-container-core-columns-is-layout-9d6595d7 wp-block-columns-is-layout-flex\">\n<div class=\"wp-block-column is-layout-flow wp-block-column-is-layout-flow\">\n<h4 class=\"wp-block-heading\">Firma Lechler<\/h4>\n\n\n\n<h6 class=\"wp-block-heading\">Lagerhalter Augsburg<\/h6>\n\n\n\n<p>Heinrich-Hertz-Stra\u00dfe 4<br>86179 Augsburg-Haunst.<br>T: +49 (0)8 21 \/ 811 013<br>F: +49 (0)8 21 \/ 834 92<\/p>\n<\/div>\n\n\n\n<div class=\"wp-block-column is-layout-flow wp-block-column-is-layout-flow\"><\/div>\n<\/div>\n\n\n\n<hr class=\"wp-block-separator has-css-opacity\"\/>\n\n\n\n<h3 class=\"wp-block-heading has-text-align-center\" id=\"90\">PLZ-Gebiet 90000-99999<\/h3>\n\n\n\n<div class=\"wp-block-columns is-layout-flex wp-container-core-columns-is-layout-9d6595d7 wp-block-columns-is-layout-flex\">\n<div class=\"wp-block-column is-layout-flow wp-block-column-is-layout-flow\">\n<h4 class=\"wp-block-heading\">Frigotechnik Handels-GmbH<\/h4>\n\n\n\n<h6 class=\"wp-block-heading\">Lagerhalter N\u00fcrnberg<\/h6>\n\n\n\n<p>Sigmundstr. 220<br>90431 N\u00fcrnberg<br>T: +49 (0)9 11 \/ 609 91 -6<br>F: +49 (0)9 11 \/ 609 91 -88<\/p>\n<\/div>\n\n\n\n<div class=\"wp-block-column is-layout-flow wp-block-column-is-layout-flow\">\n<h4 class=\"wp-block-heading\">Gensior Schweisstechnik<\/h4>\n\n\n\n<h6 class=\"wp-block-heading\">Lagerhalter Bergen<\/h6>\n\n\n\n<p>Kaltenbuch 15<br>91790 Bergen<br>T: +49 (0)91 48 \/ 908 27 30<br>F: +49 (0)91 48 \/ 908 27 32<\/p>\n<\/div>\n<\/div>\n\n\n\n<div class=\"wp-block-columns is-layout-flex wp-container-core-columns-is-layout-9d6595d7 wp-block-columns-is-layout-flex\">\n<div class=\"wp-block-column is-layout-flow wp-block-column-is-layout-flow\"><\/div>\n<\/div>\n","protected":false},"excerpt":{"rendered":"<p>Wo erhalten Sie K\u00e4ltemittel in Ihrer N\u00e4he? Suchen Sie Ihre Stadt oder eine Stadt in Ihrer N\u00e4he. Nach Postleitzahlen sortiert, finden Sie schnell den passenden Lagerhalter. PLZ-Gebiet 00000-09999 Frigotechnik Handels-GmbH Gera Windm\u00fchlenstra\u00dfe 404626 Beerwalde \/ L\u00f6bichauT: +49 (0)36 602 \/ 386 -0F: +49 (0)36 602 \/ 386 -66 GHC Gerling, Holz &amp; Co. Handels GmbH [&hellip;]<\/p>\n","protected":false},"author":1,"featured_media":751,"parent":619,"menu_order":0,"comment_status":"closed","ping_status":"closed","template":"page-templates\/page_with_sidebar.php","meta":{"_acf_changed":false,"_uag_custom_page_level_css":"","footnotes":""},"class_list":["post-749","page","type-page","status-publish","has-post-thumbnail","hentry"],"acf":[],"uagb_featured_image_src":{"full":["https:\/\/www.ghc.de\/media\/2020\/01\/000008_wide.jpg",1471,671,false],"thumbnail":["https:\/\/www.ghc.de\/media\/2020\/01\/000008_wide-150x150.jpg",150,150,true],"medium":["https:\/\/www.ghc.de\/media\/2020\/01\/000008_wide-300x137.jpg",300,137,true],"medium_large":["https:\/\/www.ghc.de\/media\/2020\/01\/000008_wide-768x350.jpg",768,350,true],"large":["https:\/\/www.ghc.de\/media\/2020\/01\/000008_wide-1024x467.jpg",1024,467,true],"1536x1536":["https:\/\/www.ghc.de\/media\/2020\/01\/000008_wide.jpg",1471,671,false],"2048x2048":["https:\/\/www.ghc.de\/media\/2020\/01\/000008_wide.jpg",1471,671,false],"featured-small":["https:\/\/www.ghc.de\/media\/2020\/01\/000008_wide-640x200.jpg",640,200,true],"featured-medium":["https:\/\/www.ghc.de\/media\/2020\/01\/000008_wide-1280x500.jpg",1280,500,true],"featured-large":["https:\/\/www.ghc.de\/media\/2020\/01\/000008_wide-1440x500.jpg",1440,500,true],"featured-xlarge":["https:\/\/www.ghc.de\/media\/2020\/01\/000008_wide-1471x500.jpg",1471,500,true],"fp-small":["https:\/\/www.ghc.de\/media\/2020\/01\/000008_wide-640x292.jpg",640,292,true],"fp-medium":["https:\/\/www.ghc.de\/media\/2020\/01\/000008_wide-1024x467.jpg",1024,467,true],"fp-large":["https:\/\/www.ghc.de\/media\/2020\/01\/000008_wide-1200x547.jpg",1200,547,true],"fp-xlarge":["https:\/\/www.ghc.de\/media\/2020\/01\/000008_wide.jpg",1471,671,false],"teaser-block":["https:\/\/www.ghc.de\/media\/2020\/01\/000008_wide-1000x500.jpg",1000,500,true],"location-small":["https:\/\/www.ghc.de\/media\/2020\/01\/000008_wide-600x334.jpg",600,334,true]},"uagb_author_info":{"display_name":"Admin f\u00fcr Andreas Mey","author_link":"https:\/\/www.ghc.de\/de\/author\/radmin\/"},"uagb_comment_info":0,"uagb_excerpt":"Wo erhalten Sie K\u00e4ltemittel in Ihrer N\u00e4he? Suchen Sie Ihre Stadt oder eine Stadt in Ihrer N\u00e4he. Nach Postleitzahlen sortiert, finden Sie schnell den passenden Lagerhalter. PLZ-Gebiet 00000-09999 Frigotechnik Handels-GmbH Gera Windm\u00fchlenstra\u00dfe 404626 Beerwalde \/ L\u00f6bichauT: +49 (0)36 602 \/ 386 -0F: +49 (0)36 602 \/ 386 -66 GHC Gerling, Holz &amp; Co. Handels GmbH&hellip;","_links":{"self":[{"href":"https:\/\/www.ghc.de\/de\/wp-json\/wp\/v2\/pages\/749","targetHints":{"allow":["GET"]}}],"collection":[{"href":"https:\/\/www.ghc.de\/de\/wp-json\/wp\/v2\/pages"}],"about":[{"href":"https:\/\/www.ghc.de\/de\/wp-json\/wp\/v2\/types\/page"}],"author":[{"embeddable":true,"href":"https:\/\/www.ghc.de\/de\/wp-json\/wp\/v2\/users\/1"}],"replies":[{"embeddable":true,"href":"https:\/\/www.ghc.de\/de\/wp-json\/wp\/v2\/comments?post=749"}],"version-history":[{"count":21,"href":"https:\/\/www.ghc.de\/de\/wp-json\/wp\/v2\/pages\/749\/revisions"}],"predecessor-version":[{"id":7330,"href":"https:\/\/www.ghc.de\/de\/wp-json\/wp\/v2\/pages\/749\/revisions\/7330"}],"up":[{"embeddable":true,"href":"https:\/\/www.ghc.de\/de\/wp-json\/wp\/v2\/pages\/619"}],"wp:featuredmedia":[{"embeddable":true,"href":"https:\/\/www.ghc.de\/de\/wp-json\/wp\/v2\/media\/751"}],"wp:attachment":[{"href":"https:\/\/www.ghc.de\/de\/wp-json\/wp\/v2\/media?parent=749"}],"curies":[{"name":"wp","href":"https:\/\/api.w.org\/{rel}","templated":true}]}}