{"id":802,"date":"2020-01-27T19:55:59","date_gmt":"2020-01-27T18:55:59","guid":{"rendered":"https:\/\/83.236.219.254\/?page_id=802"},"modified":"2020-09-25T16:58:04","modified_gmt":"2020-09-25T14:58:04","slug":"behaelter","status":"publish","type":"page","link":"https:\/\/www.ghc.de\/de\/leistungen\/behaelter\/","title":{"rendered":"Beh\u00e4lter"},"content":{"rendered":"\n<h5 class=\"has-text-align-center wp-block-heading\">Alle Gr\u00f6\u00dfen, spezifische Anforderungen<\/h5>\n\n\n\n<section class=\"wp-block-uagb-section uagb-section__wrap uagb-section__background-undefined uagb-block-a752083c\"><div class=\"uagb-section__overlay\"><\/div><div class=\"uagb-section__inner-wrap\">\n<p>Unterschiedliche Produkte stellen hohe Anforderungen an die Gefahrgutbef\u00f6rderung und das Gefahrstoffhandling. Unser gro\u00dfes Sortiment an verschiedensten Druckgasbeh\u00e4ltern wird diesen Anforderungen bestens gerecht \u2013 bei konkretem Bedarf sprechen Sie uns gerne an!<\/p>\n<\/div><\/section>\n\n\n\n<hr class=\"wp-block-separator\"\/>\n\n\n\n<h2 class=\"has-text-align-center wp-block-heading\"><strong>W\u00e4hlen Sie aus unserem Lieferprogramm<\/strong><\/h2>\n\n\n\n<div class=\"wp-block-columns is-layout-flex wp-container-core-columns-is-layout-9d6595d7 wp-block-columns-is-layout-flex\">\n<div class=\"wp-block-column is-layout-flow wp-block-column-is-layout-flow\">\n<h4 class=\"wp-block-heading\">Nahtlose Stahlflaschen<\/h4>\n\n\n\n<h6 class=\"wp-block-heading\">Pr\u00fcfdr\u00fccke bis 300 bar <\/h6>\n\n\n\n<p class=\"has-text-align-left\">Rauminhalt von 0,38 l bis 75 l<\/p>\n<\/div>\n\n\n\n<div class=\"wp-block-column is-layout-flow wp-block-column-is-layout-flow\">\n<h4 class=\"wp-block-heading\">Geschwei\u00dfte Stahlflaschen<\/h4>\n\n\n\n<h6 class=\"wp-block-heading\">Pr\u00fcfdr\u00fccke bis 67,5 bar<\/h6>\n\n\n\n<p class=\"has-text-align-left\">Rauminhalt von 12,5 l bis 127 l<\/p>\n<\/div>\n\n\n\n<div class=\"wp-block-column is-layout-flow wp-block-column-is-layout-flow\">\n<h4 class=\"wp-block-heading\">Geschwei\u00dfte Beh\u00e4lter<\/h4>\n\n\n\n<h6 class=\"wp-block-heading\">Pr\u00fcfdr\u00fccke bis 150 bar<\/h6>\n\n\n\n<p class=\"has-text-align-left\">Rauminhalt von 250 l bis 999 l<\/p>\n<\/div>\n<\/div>\n\n\n\n<hr class=\"wp-block-separator\"\/>\n\n\n\n<div class=\"wp-block-columns is-layout-flex wp-container-core-columns-is-layout-9d6595d7 wp-block-columns-is-layout-flex\">\n<div class=\"wp-block-column is-layout-flow wp-block-column-is-layout-flow\">\n<h3 class=\"has-text-align-left wp-block-heading\">Weitere Beh\u00e4lter<\/h3>\n\n\n\n<ul class=\"wp-block-list\"><li>ISO- Tankcontainer bis 22.500 l und Pr\u00fcfdruck bis 47 bar<\/li><li>Gas-Sph\u00e4ren, UN-Tanks<\/li><\/ul>\n<\/div>\n\n\n\n<div class=\"wp-block-column is-layout-flow wp-block-column-is-layout-flow\">\n<h3 class=\"has-text-align-left wp-block-heading\">M\u00f6gliche Zulassungen sind u.a.<\/h3>\n\n\n\n<ul class=\"wp-block-list\"><li>Nach 2010\/35\/EU (TPED \u2013 ADR\/RID)<\/li><li>IMDG \u2013 Code \/ Seeverkehrszulassung<\/li><li>nach UN-Vorschriften, 49 CFR (Code of Federal Regulations)<\/li><\/ul>\n<\/div>\n\n\n\n<div class=\"wp-block-column is-layout-flow wp-block-column-is-layout-flow\">\n<h3 class=\"has-text-align-left wp-block-heading\">Gro\u00dfe Auswahl an Zubeh\u00f6r<\/h3>\n\n\n\n<ul class=\"wp-block-list\"><li>Fass und Flaschenpaletten<\/li><li>EUR-Gitterboxen<\/li><li>Div. Flaschenb\u00fcndel<\/li><\/ul>\n<\/div>\n<\/div>\n","protected":false},"excerpt":{"rendered":"<p>Alle Gr\u00f6\u00dfen, spezifische Anforderungen W\u00e4hlen Sie aus unserem Lieferprogramm Nahtlose Stahlflaschen Pr\u00fcfdr\u00fccke bis 300 bar Rauminhalt von 0,38 l bis 75 l Geschwei\u00dfte Stahlflaschen Pr\u00fcfdr\u00fccke bis 67,5 bar Rauminhalt von 12,5 l bis 127 l Geschwei\u00dfte Beh\u00e4lter Pr\u00fcfdr\u00fccke bis 150 bar Rauminhalt von 250 l bis 999 l Weitere Beh\u00e4lter ISO- Tankcontainer bis 22.500 l [&hellip;]<\/p>\n","protected":false},"author":1,"featured_media":998,"parent":619,"menu_order":0,"comment_status":"closed","ping_status":"closed","template":"","meta":{"_acf_changed":false,"_uag_custom_page_level_css":"","footnotes":""},"class_list":["post-802","page","type-page","status-publish","has-post-thumbnail","hentry"],"acf":[],"uagb_featured_image_src":{"full":["https:\/\/www.ghc.de\/media\/2020\/01\/000033.jpg",1523,1523,false],"thumbnail":["https:\/\/www.ghc.de\/media\/2020\/01\/000033-150x150.jpg",150,150,true],"medium":["https:\/\/www.ghc.de\/media\/2020\/01\/000033-300x300.jpg",300,300,true],"medium_large":["https:\/\/www.ghc.de\/media\/2020\/01\/000033-768x768.jpg",768,768,true],"large":["https:\/\/www.ghc.de\/media\/2020\/01\/000033-1024x1024.jpg",1024,1024,true],"1536x1536":["https:\/\/www.ghc.de\/media\/2020\/01\/000033.jpg",1523,1523,false],"2048x2048":["https:\/\/www.ghc.de\/media\/2020\/01\/000033.jpg",1523,1523,false],"featured-small":["https:\/\/www.ghc.de\/media\/2020\/01\/000033-640x200.jpg",640,200,true],"featured-medium":["https:\/\/www.ghc.de\/media\/2020\/01\/000033-1280x500.jpg",1280,500,true],"featured-large":["https:\/\/www.ghc.de\/media\/2020\/01\/000033-1440x500.jpg",1440,500,true],"featured-xlarge":["https:\/\/www.ghc.de\/media\/2020\/01\/000033-1523x500.jpg",1523,500,true],"fp-small":["https:\/\/www.ghc.de\/media\/2020\/01\/000033-640x640.jpg",640,640,true],"fp-medium":["https:\/\/www.ghc.de\/media\/2020\/01\/000033-1024x1024.jpg",1024,1024,true],"fp-large":["https:\/\/www.ghc.de\/media\/2020\/01\/000033-1200x1200.jpg",1200,1200,true],"fp-xlarge":["https:\/\/www.ghc.de\/media\/2020\/01\/000033.jpg",1523,1523,false],"teaser-block":["https:\/\/www.ghc.de\/media\/2020\/01\/000033-1000x500.jpg",1000,500,true],"location-small":["https:\/\/www.ghc.de\/media\/2020\/01\/000033-600x334.jpg",600,334,true]},"uagb_author_info":{"display_name":"Admin f\u00fcr Andreas Mey","author_link":"https:\/\/www.ghc.de\/de\/author\/radmin\/"},"uagb_comment_info":0,"uagb_excerpt":"Alle Gr\u00f6\u00dfen, spezifische Anforderungen W\u00e4hlen Sie aus unserem Lieferprogramm Nahtlose Stahlflaschen Pr\u00fcfdr\u00fccke bis 300 bar Rauminhalt von 0,38 l bis 75 l Geschwei\u00dfte Stahlflaschen Pr\u00fcfdr\u00fccke bis 67,5 bar Rauminhalt von 12,5 l bis 127 l Geschwei\u00dfte Beh\u00e4lter Pr\u00fcfdr\u00fccke bis 150 bar Rauminhalt von 250 l bis 999 l Weitere Beh\u00e4lter ISO- Tankcontainer bis 22.500 l&hellip;","_links":{"self":[{"href":"https:\/\/www.ghc.de\/de\/wp-json\/wp\/v2\/pages\/802","targetHints":{"allow":["GET"]}}],"collection":[{"href":"https:\/\/www.ghc.de\/de\/wp-json\/wp\/v2\/pages"}],"about":[{"href":"https:\/\/www.ghc.de\/de\/wp-json\/wp\/v2\/types\/page"}],"author":[{"embeddable":true,"href":"https:\/\/www.ghc.de\/de\/wp-json\/wp\/v2\/users\/1"}],"replies":[{"embeddable":true,"href":"https:\/\/www.ghc.de\/de\/wp-json\/wp\/v2\/comments?post=802"}],"version-history":[{"count":14,"href":"https:\/\/www.ghc.de\/de\/wp-json\/wp\/v2\/pages\/802\/revisions"}],"predecessor-version":[{"id":3696,"href":"https:\/\/www.ghc.de\/de\/wp-json\/wp\/v2\/pages\/802\/revisions\/3696"}],"up":[{"embeddable":true,"href":"https:\/\/www.ghc.de\/de\/wp-json\/wp\/v2\/pages\/619"}],"wp:featuredmedia":[{"embeddable":true,"href":"https:\/\/www.ghc.de\/de\/wp-json\/wp\/v2\/media\/998"}],"wp:attachment":[{"href":"https:\/\/www.ghc.de\/de\/wp-json\/wp\/v2\/media?parent=802"}],"curies":[{"name":"wp","href":"https:\/\/api.w.org\/{rel}","templated":true}]}}