{"id":826,"date":"2020-01-27T20:09:02","date_gmt":"2020-01-27T19:09:02","guid":{"rendered":"https:\/\/83.236.219.254\/?page_id=826"},"modified":"2020-09-25T16:58:25","modified_gmt":"2020-09-25T14:58:25","slug":"anlagenbau","status":"publish","type":"page","link":"https:\/\/www.ghc.de\/de\/leistungen\/anlagenbau\/","title":{"rendered":"Anlagenbau"},"content":{"rendered":"\n<h5 class=\"has-text-align-center wp-block-heading\">Full Service von der Planung bis zur Wartung<\/h5>\n\n\n\n<div class=\"wp-block-columns is-layout-flex wp-container-core-columns-is-layout-9d6595d7 wp-block-columns-is-layout-flex\">\n<div class=\"wp-block-column is-layout-flow wp-block-column-is-layout-flow\">\n<p>Seit Jahrzehnten versorgen wir den Markt mit druckverfl\u00fcssigten Gasen. Dieses Know-how haben wir kontinuierlich zu neuen Leistungen ausgebaut \u2013 dem Anlagenbau. Dies wissen auch die GHC-Kunden zu sch\u00e4tzen, die nicht nur das einfache Molek\u00fcl nachfragen, sondern die kompetente Versorgung bis hin zum \u201epoint of use\u201c.<\/p>\n<\/div>\n\n\n\n<div class=\"wp-block-column is-layout-flow wp-block-column-is-layout-flow\">\n<p>Hierzu geh\u00f6ren der Transport, die Lagerung und die Versorgung der Verbrauchsstellen, die Mess- und Regeltechnik, die Qualit\u00e4tssicherheit und die Sicherheitstechnik. Diese komplexen Fragestellungen beantworten wir nicht nur theoretisch, sondern setzen sie mit unseren Kunden in die Praxis um.<\/p>\n\n\n\n<p>Von der Planung, dem Bau und der Inbetriebnahme der Anlagen \u00fcber die Betreuung und \u00dcberwachung bis zur Wartung w\u00e4hrend des Betriebes stehen wir f\u00fcr Sie mit unseren Entwicklern und Servicemannschaften bereit.<\/p>\n<\/div>\n<\/div>\n","protected":false},"excerpt":{"rendered":"<p>Full Service von der Planung bis zur Wartung Seit Jahrzehnten versorgen wir den Markt mit druckverfl\u00fcssigten Gasen. Dieses Know-how haben wir kontinuierlich zu neuen Leistungen ausgebaut \u2013 dem Anlagenbau. Dies wissen auch die GHC-Kunden zu sch\u00e4tzen, die nicht nur das einfache Molek\u00fcl nachfragen, sondern die kompetente Versorgung bis hin zum \u201epoint of use\u201c. Hierzu geh\u00f6ren [&hellip;]<\/p>\n","protected":false},"author":1,"featured_media":825,"parent":619,"menu_order":0,"comment_status":"closed","ping_status":"closed","template":"","meta":{"_acf_changed":false,"_uag_custom_page_level_css":"","footnotes":""},"class_list":["post-826","page","type-page","status-publish","has-post-thumbnail","hentry"],"acf":[],"uagb_featured_image_src":{"full":["https:\/\/www.ghc.de\/media\/2020\/01\/000106_wide.jpg",1523,677,false],"thumbnail":["https:\/\/www.ghc.de\/media\/2020\/01\/000106_wide-150x150.jpg",150,150,true],"medium":["https:\/\/www.ghc.de\/media\/2020\/01\/000106_wide-300x133.jpg",300,133,true],"medium_large":["https:\/\/www.ghc.de\/media\/2020\/01\/000106_wide-768x341.jpg",768,341,true],"large":["https:\/\/www.ghc.de\/media\/2020\/01\/000106_wide-1024x455.jpg",1024,455,true],"1536x1536":["https:\/\/www.ghc.de\/media\/2020\/01\/000106_wide.jpg",1523,677,false],"2048x2048":["https:\/\/www.ghc.de\/media\/2020\/01\/000106_wide.jpg",1523,677,false],"featured-small":["https:\/\/www.ghc.de\/media\/2020\/01\/000106_wide-640x200.jpg",640,200,true],"featured-medium":["https:\/\/www.ghc.de\/media\/2020\/01\/000106_wide-1280x500.jpg",1280,500,true],"featured-large":["https:\/\/www.ghc.de\/media\/2020\/01\/000106_wide-1440x500.jpg",1440,500,true],"featured-xlarge":["https:\/\/www.ghc.de\/media\/2020\/01\/000106_wide-1523x500.jpg",1523,500,true],"fp-small":["https:\/\/www.ghc.de\/media\/2020\/01\/000106_wide-640x284.jpg",640,284,true],"fp-medium":["https:\/\/www.ghc.de\/media\/2020\/01\/000106_wide-1024x455.jpg",1024,455,true],"fp-large":["https:\/\/www.ghc.de\/media\/2020\/01\/000106_wide-1200x533.jpg",1200,533,true],"fp-xlarge":["https:\/\/www.ghc.de\/media\/2020\/01\/000106_wide.jpg",1523,677,false],"teaser-block":["https:\/\/www.ghc.de\/media\/2020\/01\/000106_wide-1000x500.jpg",1000,500,true],"location-small":["https:\/\/www.ghc.de\/media\/2020\/01\/000106_wide-600x334.jpg",600,334,true]},"uagb_author_info":{"display_name":"Admin f\u00fcr Andreas Mey","author_link":"https:\/\/www.ghc.de\/de\/author\/radmin\/"},"uagb_comment_info":0,"uagb_excerpt":"Full Service von der Planung bis zur Wartung Seit Jahrzehnten versorgen wir den Markt mit druckverfl\u00fcssigten Gasen. Dieses Know-how haben wir kontinuierlich zu neuen Leistungen ausgebaut \u2013 dem Anlagenbau. Dies wissen auch die GHC-Kunden zu sch\u00e4tzen, die nicht nur das einfache Molek\u00fcl nachfragen, sondern die kompetente Versorgung bis hin zum \u201epoint of use\u201c. Hierzu geh\u00f6ren&hellip;","_links":{"self":[{"href":"https:\/\/www.ghc.de\/de\/wp-json\/wp\/v2\/pages\/826","targetHints":{"allow":["GET"]}}],"collection":[{"href":"https:\/\/www.ghc.de\/de\/wp-json\/wp\/v2\/pages"}],"about":[{"href":"https:\/\/www.ghc.de\/de\/wp-json\/wp\/v2\/types\/page"}],"author":[{"embeddable":true,"href":"https:\/\/www.ghc.de\/de\/wp-json\/wp\/v2\/users\/1"}],"replies":[{"embeddable":true,"href":"https:\/\/www.ghc.de\/de\/wp-json\/wp\/v2\/comments?post=826"}],"version-history":[{"count":4,"href":"https:\/\/www.ghc.de\/de\/wp-json\/wp\/v2\/pages\/826\/revisions"}],"predecessor-version":[{"id":4075,"href":"https:\/\/www.ghc.de\/de\/wp-json\/wp\/v2\/pages\/826\/revisions\/4075"}],"up":[{"embeddable":true,"href":"https:\/\/www.ghc.de\/de\/wp-json\/wp\/v2\/pages\/619"}],"wp:featuredmedia":[{"embeddable":true,"href":"https:\/\/www.ghc.de\/de\/wp-json\/wp\/v2\/media\/825"}],"wp:attachment":[{"href":"https:\/\/www.ghc.de\/de\/wp-json\/wp\/v2\/media?parent=826"}],"curies":[{"name":"wp","href":"https:\/\/api.w.org\/{rel}","templated":true}]}}