{"id":905,"date":"2020-01-28T18:12:32","date_gmt":"2020-01-28T17:12:32","guid":{"rendered":"https:\/\/83.236.219.254\/?page_id=905"},"modified":"2020-09-25T17:00:48","modified_gmt":"2020-09-25T15:00:48","slug":"service","status":"publish","type":"page","link":"https:\/\/www.ghc.de\/de\/leistungen\/service\/","title":{"rendered":"Service"},"content":{"rendered":"\n<h5 class=\"has-text-align-center wp-block-heading\">Deutschlandweit und international pr\u00e4sent<\/h5>\n\n\n\n<div class=\"wp-block-columns is-layout-flex wp-container-core-columns-is-layout-9d6595d7 wp-block-columns-is-layout-flex\">\n<div class=\"wp-block-column is-layout-flow wp-block-column-is-layout-flow\">\n<p>In allen Regionen Deutschlands und international garantieren wir die kurzfristige Verf\u00fcgbarkeit unserer Produkte und Leistungen. Dies ist Bestandteil des GHC-typischen Services.<\/p>\n\n\n\n<p>Dort, wo es rechtlich zul\u00e4ssig und gew\u00fcnscht ist, liefern wir beispielsweise per Luftfracht und erm\u00f6glichen so prompte <a href=\"https:\/\/www.ghc.de\/leistungen\/service\/lieferservice\/\">Lieferung an die entferntesten Orte<\/a>.<\/p>\n\n\n\n<p>Unser <a href=\"https:\/\/www.ghc.de\/leistungen\/service\/24h-bereitschaftsdienst\/\">Not- und Servicedienst<\/a> ist Tag und Nacht in Bereitschaft. Eine schnelle und sichere Hilfe bei leckgeschlagenen Beh\u00e4ltern oder Ventilen, abgelaufenem T\u00dcV oder einer dringlichen Entsorgung ist Ihnen jederzeit sicher.<\/p>\n<\/div>\n\n\n\n<div class=\"wp-block-column is-layout-flow wp-block-column-is-layout-flow\">\n<p><a href=\"https:\/\/www.ghc.de\/leistungen\/service\/technischer-service\/\">Technisches Handling<\/a> geh\u00f6rt ebenso zu unseren Leistungen wie die <a href=\"https:\/\/www.ghc.de\/leistungen\/service\/recyclingservice\/\">R\u00fccknahme<\/a> von Gasen, W\u00e4rmetr\u00e4gern und gebrauchter oder verunreinigter K\u00e4ltemittel.<\/p>\n\n\n\n<p>GHC bietet Ihnen individuelle Schulungen zur <a href=\"https:\/\/www.ghc.de\/leistungen\/fortbildung\/\">Fortbildung<\/a> Ihrer Mitarbeiter im Umgang mit chemischen Gasen an. Unser Service-Team stellt nach Absprache die Schulungsinhalte zusammen, die an die individuellen Anforderungen und Anwendungen angepasst werden. Gerne kommen wir auch im Rahmen einer Inhouse-Schulung zu Ihnen.<\/p>\n<\/div>\n<\/div>\n\n\n\n<hr class=\"wp-block-separator\"\/>\n\n\n\n<div class=\"wp-block-columns is-layout-flex wp-container-core-columns-is-layout-9d6595d7 wp-block-columns-is-layout-flex\">\n<div class=\"wp-block-column is-layout-flow wp-block-column-is-layout-flow\">\n<figure class=\"wp-block-image size-teaser-block\"><a href=\"https:\/\/www.ghc.de\/leistungen\/service\/technischer-service\/\"><img loading=\"lazy\" decoding=\"async\" width=\"1000\" height=\"500\" src=\"https:\/\/www.ghc.de\/media\/AdobeStock_150936311-1000x500.jpeg\" alt=\"\" class=\"wp-image-3133\"\/><\/a><\/figure>\n\n\n\n<h2 class=\"has-text-align-center wp-block-heading\"><a href=\"https:\/\/www.ghc.de\/leistungen\/service\/technischer-service\/\">Technischer Service<\/a><\/h2>\n\n\n\n<h6 class=\"has-text-align-center wp-block-heading\"><a href=\"https:\/\/www.ghc.de\/leistungen\/service\/technischer-service\/\">Unterst\u00fctzung und Beratung<\/a><\/h6>\n<\/div>\n\n\n\n<div class=\"wp-block-column is-layout-flow wp-block-column-is-layout-flow\">\n<figure class=\"wp-block-image size-teaser-block\"><a href=\"https:\/\/www.ghc.de\/leistungen\/service\/lieferservice\/\"><img loading=\"lazy\" decoding=\"async\" width=\"1000\" height=\"500\" src=\"https:\/\/www.ghc.de\/media\/AdobeStock_253762757-1000x500.jpeg\" alt=\"\" class=\"wp-image-3127\"\/><\/a><\/figure>\n\n\n\n<h2 class=\"has-text-align-center wp-block-heading\"><a href=\"https:\/\/www.ghc.de\/leistungen\/service\/lieferservice\/\">Lieferservice<\/a><\/h2>\n\n\n\n<h6 class=\"has-text-align-center wp-block-heading\"><a href=\"https:\/\/www.ghc.de\/leistungen\/service\/lieferservice\/\">jederzeit an jeden Ort<\/a><\/h6>\n<\/div>\n\n\n\n<div class=\"wp-block-column is-layout-flow wp-block-column-is-layout-flow\">\n<figure class=\"wp-block-image size-teaser-block\"><a href=\"https:\/\/www.ghc.de\/leistungen\/service\/recyclingservice\/\"><img loading=\"lazy\" decoding=\"async\" width=\"1000\" height=\"500\" src=\"https:\/\/www.ghc.de\/media\/2020\/01\/AdobeStock_176184223-1000x500.jpeg\" alt=\"\" class=\"wp-image-980\"\/><\/a><\/figure>\n\n\n\n<h2 class=\"has-text-align-center wp-block-heading\"><a href=\"https:\/\/www.ghc.de\/leistungen\/service\/recyclingservice\/\">Recyclingservice<\/a><\/h2>\n\n\n\n<h6 class=\"has-text-align-center wp-block-heading\"><a href=\"https:\/\/www.ghc.de\/leistungen\/service\/recyclingservice\/\">der Umwelt zuliebe<\/a><\/h6>\n<\/div>\n<\/div>\n\n\n\n<div class=\"wp-block-columns is-layout-flex wp-container-core-columns-is-layout-9d6595d7 wp-block-columns-is-layout-flex\">\n<div class=\"wp-block-column is-layout-flow wp-block-column-is-layout-flow\">\n<figure class=\"wp-block-image size-teaser-block\"><a href=\"https:\/\/www.ghc.de\/leistungen\/service\/24h-bereitschaftsdienst\/\"><img loading=\"lazy\" decoding=\"async\" width=\"1000\" height=\"500\" src=\"https:\/\/www.ghc.de\/media\/2020\/01\/000069_cropped-1000x500.jpg\" alt=\"\" class=\"wp-image-995\"\/><\/a><\/figure>\n\n\n\n<h2 class=\"has-text-align-center wp-block-heading\"><a href=\"https:\/\/www.ghc.de\/leistungen\/service\/24h-bereitschaftsdienst\/\">24h Bereitschaftsdienst<\/a><\/h2>\n\n\n\n<h6 class=\"has-text-align-center wp-block-heading\"><a href=\"https:\/\/www.ghc.de\/leistungen\/service\/24h-bereitschaftsdienst\/\">Rund um die Uhr f\u00fcr Sie da<\/a><\/h6>\n<\/div>\n\n\n\n<div class=\"wp-block-column is-layout-flow wp-block-column-is-layout-flow\">\n<figure class=\"wp-block-image size-teaser-block\"><a href=\"https:\/\/www.ghc.de\/leistungen\/fortbildung\/\"><img loading=\"lazy\" decoding=\"async\" width=\"1000\" height=\"500\" src=\"https:\/\/www.ghc.de\/media\/AdobeStock_224521180-1000x500.jpeg\" alt=\"\" class=\"wp-image-3136\"\/><\/a><\/figure>\n\n\n\n<h2 class=\"has-text-align-center wp-block-heading\"><a href=\"https:\/\/www.ghc.de\/leistungen\/fortbildung\/\">Fortbildung<\/a><\/h2>\n\n\n\n<h6 class=\"has-text-align-center wp-block-heading\"><a href=\"https:\/\/www.ghc.de\/leistungen\/fortbildung\/\">und Unterweisung<\/a><\/h6>\n<\/div>\n<\/div>\n","protected":false},"excerpt":{"rendered":"<p>Deutschlandweit und international pr\u00e4sent In allen Regionen Deutschlands und international garantieren wir die kurzfristige Verf\u00fcgbarkeit unserer Produkte und Leistungen. Dies ist Bestandteil des GHC-typischen Services. Dort, wo es rechtlich zul\u00e4ssig und gew\u00fcnscht ist, liefern wir beispielsweise per Luftfracht und erm\u00f6glichen so prompte Lieferung an die entferntesten Orte. Unser Not- und Servicedienst ist Tag und Nacht [&hellip;]<\/p>\n","protected":false},"author":1,"featured_media":996,"parent":619,"menu_order":0,"comment_status":"closed","ping_status":"closed","template":"","meta":{"_acf_changed":false,"_uag_custom_page_level_css":"","footnotes":""},"class_list":["post-905","page","type-page","status-publish","has-post-thumbnail","hentry"],"acf":[],"uagb_featured_image_src":{"full":["https:\/\/www.ghc.de\/media\/2020\/01\/000077_cropped.jpg",1523,1201,false],"thumbnail":["https:\/\/www.ghc.de\/media\/2020\/01\/000077_cropped-150x150.jpg",150,150,true],"medium":["https:\/\/www.ghc.de\/media\/2020\/01\/000077_cropped-300x237.jpg",300,237,true],"medium_large":["https:\/\/www.ghc.de\/media\/2020\/01\/000077_cropped-768x606.jpg",768,606,true],"large":["https:\/\/www.ghc.de\/media\/2020\/01\/000077_cropped-1024x808.jpg",1024,808,true],"1536x1536":["https:\/\/www.ghc.de\/media\/2020\/01\/000077_cropped.jpg",1523,1201,false],"2048x2048":["https:\/\/www.ghc.de\/media\/2020\/01\/000077_cropped.jpg",1523,1201,false],"featured-small":["https:\/\/www.ghc.de\/media\/2020\/01\/000077_cropped-640x200.jpg",640,200,true],"featured-medium":["https:\/\/www.ghc.de\/media\/2020\/01\/000077_cropped-1280x500.jpg",1280,500,true],"featured-large":["https:\/\/www.ghc.de\/media\/2020\/01\/000077_cropped-1440x500.jpg",1440,500,true],"featured-xlarge":["https:\/\/www.ghc.de\/media\/2020\/01\/000077_cropped-1523x500.jpg",1523,500,true],"fp-small":["https:\/\/www.ghc.de\/media\/2020\/01\/000077_cropped-640x505.jpg",640,505,true],"fp-medium":["https:\/\/www.ghc.de\/media\/2020\/01\/000077_cropped-1024x808.jpg",1024,808,true],"fp-large":["https:\/\/www.ghc.de\/media\/2020\/01\/000077_cropped-1200x946.jpg",1200,946,true],"fp-xlarge":["https:\/\/www.ghc.de\/media\/2020\/01\/000077_cropped.jpg",1523,1201,false],"teaser-block":["https:\/\/www.ghc.de\/media\/2020\/01\/000077_cropped-1000x500.jpg",1000,500,true],"location-small":["https:\/\/www.ghc.de\/media\/2020\/01\/000077_cropped-600x334.jpg",600,334,true]},"uagb_author_info":{"display_name":"Admin f\u00fcr Andreas Mey","author_link":"https:\/\/www.ghc.de\/de\/author\/radmin\/"},"uagb_comment_info":0,"uagb_excerpt":"Deutschlandweit und international pr\u00e4sent In allen Regionen Deutschlands und international garantieren wir die kurzfristige Verf\u00fcgbarkeit unserer Produkte und Leistungen. Dies ist Bestandteil des GHC-typischen Services. Dort, wo es rechtlich zul\u00e4ssig und gew\u00fcnscht ist, liefern wir beispielsweise per Luftfracht und erm\u00f6glichen so prompte Lieferung an die entferntesten Orte. Unser Not- und Servicedienst ist Tag und Nacht&hellip;","_links":{"self":[{"href":"https:\/\/www.ghc.de\/de\/wp-json\/wp\/v2\/pages\/905","targetHints":{"allow":["GET"]}}],"collection":[{"href":"https:\/\/www.ghc.de\/de\/wp-json\/wp\/v2\/pages"}],"about":[{"href":"https:\/\/www.ghc.de\/de\/wp-json\/wp\/v2\/types\/page"}],"author":[{"embeddable":true,"href":"https:\/\/www.ghc.de\/de\/wp-json\/wp\/v2\/users\/1"}],"replies":[{"embeddable":true,"href":"https:\/\/www.ghc.de\/de\/wp-json\/wp\/v2\/comments?post=905"}],"version-history":[{"count":24,"href":"https:\/\/www.ghc.de\/de\/wp-json\/wp\/v2\/pages\/905\/revisions"}],"predecessor-version":[{"id":3587,"href":"https:\/\/www.ghc.de\/de\/wp-json\/wp\/v2\/pages\/905\/revisions\/3587"}],"up":[{"embeddable":true,"href":"https:\/\/www.ghc.de\/de\/wp-json\/wp\/v2\/pages\/619"}],"wp:featuredmedia":[{"embeddable":true,"href":"https:\/\/www.ghc.de\/de\/wp-json\/wp\/v2\/media\/996"}],"wp:attachment":[{"href":"https:\/\/www.ghc.de\/de\/wp-json\/wp\/v2\/media?parent=905"}],"curies":[{"name":"wp","href":"https:\/\/api.w.org\/{rel}","templated":true}]}}