{"id":914,"date":"2020-01-28T18:20:04","date_gmt":"2020-01-28T17:20:04","guid":{"rendered":"https:\/\/83.236.219.254\/?page_id=914"},"modified":"2020-09-25T17:09:50","modified_gmt":"2020-09-25T15:09:50","slug":"technischer-service","status":"publish","type":"page","link":"https:\/\/www.ghc.de\/de\/leistungen\/service\/technischer-service\/","title":{"rendered":"Technischer Service"},"content":{"rendered":"\n<h5 class=\"has-text-align-center wp-block-heading\">Unterst\u00fctzung und Beratung<\/h5>\n\n\n\n<div class=\"wp-block-columns is-layout-flex wp-container-core-columns-is-layout-9d6595d7 wp-block-columns-is-layout-flex\">\n<div class=\"wp-block-column is-layout-flow wp-block-column-is-layout-flow\">\n<i class=\"top fas fa-phone\"><\/i>\n\n\n\n<h4 class=\"has-text-align-center wp-block-heading\">Support<\/h4>\n\n\n\n<p>Unterst\u00fctzung bei allen Fragen des Handlings, der Logistik und der Lagerung von Gasen, Spezialausr\u00fcstungen, Spezialventile, Druckminderer, Notfallausr\u00fcstungen, Bergungsbeh\u00e4lter und vieles mehr<\/p>\n<\/div>\n\n\n\n<div class=\"wp-block-column is-layout-flow wp-block-column-is-layout-flow\">\n<i class=\"top fas fa-toolbox\"><\/i>\n\n\n\n<h4 class=\"has-text-align-center wp-block-heading\">Materialeinsatz<\/h4>\n\n\n\n<p>Beratung bei der Auswahl von Materialien und Zubeh\u00f6rteilen<\/p>\n<\/div>\n\n\n\n<div class=\"wp-block-column is-layout-flow wp-block-column-is-layout-flow\">\n<i class=\"top fas fa-box\"><\/i>\n\n\n\n<h4 class=\"has-text-align-center wp-block-heading\">Stahlbeh\u00e4lter<\/h4>\n\n\n\n<p>Pr\u00fcfungen gem\u00e4\u00df Druckbeh\u00e4lterverordnung, Reparaturen, Lackierungen und Ausr\u00fcstung von Druckgasbeh\u00e4ltern<\/p>\n<\/div>\n<\/div>\n\n\n\n<p><\/p>\n","protected":false},"excerpt":{"rendered":"<p>Unterst\u00fctzung und Beratung Support Unterst\u00fctzung bei allen Fragen des Handlings, der Logistik und der Lagerung von Gasen, Spezialausr\u00fcstungen, Spezialventile, Druckminderer, Notfallausr\u00fcstungen, Bergungsbeh\u00e4lter und vieles mehr Materialeinsatz Beratung bei der Auswahl von Materialien und Zubeh\u00f6rteilen Stahlbeh\u00e4lter Pr\u00fcfungen gem\u00e4\u00df Druckbeh\u00e4lterverordnung, Reparaturen, Lackierungen und Ausr\u00fcstung von Druckgasbeh\u00e4ltern<\/p>\n","protected":false},"author":1,"featured_media":3133,"parent":905,"menu_order":0,"comment_status":"closed","ping_status":"closed","template":"","meta":{"_acf_changed":false,"_uag_custom_page_level_css":"","footnotes":""},"class_list":["post-914","page","type-page","status-publish","has-post-thumbnail","hentry"],"acf":[],"uagb_featured_image_src":{"full":["https:\/\/www.ghc.de\/media\/AdobeStock_150936311-scaled.jpeg",2560,1709,false],"thumbnail":["https:\/\/www.ghc.de\/media\/AdobeStock_150936311-150x150.jpeg",150,150,true],"medium":["https:\/\/www.ghc.de\/media\/AdobeStock_150936311-300x200.jpeg",300,200,true],"medium_large":["https:\/\/www.ghc.de\/media\/AdobeStock_150936311-768x513.jpeg",768,513,true],"large":["https:\/\/www.ghc.de\/media\/AdobeStock_150936311-1024x684.jpeg",1024,684,true],"1536x1536":["https:\/\/www.ghc.de\/media\/AdobeStock_150936311-1536x1025.jpeg",1536,1025,true],"2048x2048":["https:\/\/www.ghc.de\/media\/AdobeStock_150936311-2048x1367.jpeg",2048,1367,true],"featured-small":["https:\/\/www.ghc.de\/media\/AdobeStock_150936311-640x200.jpeg",640,200,true],"featured-medium":["https:\/\/www.ghc.de\/media\/AdobeStock_150936311-1280x500.jpeg",1280,500,true],"featured-large":["https:\/\/www.ghc.de\/media\/AdobeStock_150936311-1440x500.jpeg",1440,500,true],"featured-xlarge":["https:\/\/www.ghc.de\/media\/AdobeStock_150936311-1920x500.jpeg",1920,500,true],"fp-small":["https:\/\/www.ghc.de\/media\/AdobeStock_150936311-640x427.jpeg",640,427,true],"fp-medium":["https:\/\/www.ghc.de\/media\/AdobeStock_150936311-1024x684.jpeg",1024,684,true],"fp-large":["https:\/\/www.ghc.de\/media\/AdobeStock_150936311-1200x801.jpeg",1200,801,true],"fp-xlarge":["https:\/\/www.ghc.de\/media\/AdobeStock_150936311-1920x1282.jpeg",1920,1282,true],"teaser-block":["https:\/\/www.ghc.de\/media\/AdobeStock_150936311-1000x500.jpeg",1000,500,true],"location-small":["https:\/\/www.ghc.de\/media\/AdobeStock_150936311-600x334.jpeg",600,334,true]},"uagb_author_info":{"display_name":"Admin f\u00fcr Andreas Mey","author_link":"https:\/\/www.ghc.de\/de\/author\/radmin\/"},"uagb_comment_info":0,"uagb_excerpt":"Unterst\u00fctzung und Beratung Support Unterst\u00fctzung bei allen Fragen des Handlings, der Logistik und der Lagerung von Gasen, Spezialausr\u00fcstungen, Spezialventile, Druckminderer, Notfallausr\u00fcstungen, Bergungsbeh\u00e4lter und vieles mehr Materialeinsatz Beratung bei der Auswahl von Materialien und Zubeh\u00f6rteilen Stahlbeh\u00e4lter Pr\u00fcfungen gem\u00e4\u00df Druckbeh\u00e4lterverordnung, Reparaturen, Lackierungen und Ausr\u00fcstung von Druckgasbeh\u00e4ltern","_links":{"self":[{"href":"https:\/\/www.ghc.de\/de\/wp-json\/wp\/v2\/pages\/914","targetHints":{"allow":["GET"]}}],"collection":[{"href":"https:\/\/www.ghc.de\/de\/wp-json\/wp\/v2\/pages"}],"about":[{"href":"https:\/\/www.ghc.de\/de\/wp-json\/wp\/v2\/types\/page"}],"author":[{"embeddable":true,"href":"https:\/\/www.ghc.de\/de\/wp-json\/wp\/v2\/users\/1"}],"replies":[{"embeddable":true,"href":"https:\/\/www.ghc.de\/de\/wp-json\/wp\/v2\/comments?post=914"}],"version-history":[{"count":2,"href":"https:\/\/www.ghc.de\/de\/wp-json\/wp\/v2\/pages\/914\/revisions"}],"predecessor-version":[{"id":3584,"href":"https:\/\/www.ghc.de\/de\/wp-json\/wp\/v2\/pages\/914\/revisions\/3584"}],"up":[{"embeddable":true,"href":"https:\/\/www.ghc.de\/de\/wp-json\/wp\/v2\/pages\/905"}],"wp:featuredmedia":[{"embeddable":true,"href":"https:\/\/www.ghc.de\/de\/wp-json\/wp\/v2\/media\/3133"}],"wp:attachment":[{"href":"https:\/\/www.ghc.de\/de\/wp-json\/wp\/v2\/media?parent=914"}],"curies":[{"name":"wp","href":"https:\/\/api.w.org\/{rel}","templated":true}]}}