{"id":981,"date":"2020-01-29T09:31:15","date_gmt":"2020-01-29T08:31:15","guid":{"rendered":"https:\/\/83.236.219.254\/?page_id=981"},"modified":"2020-09-25T17:39:12","modified_gmt":"2020-09-25T15:39:12","slug":"recyclingservice","status":"publish","type":"page","link":"https:\/\/www.ghc.de\/de\/leistungen\/service\/recyclingservice\/","title":{"rendered":"Recyclingservice"},"content":{"rendered":"\n<h5 class=\"has-text-align-center wp-block-heading\">der Umwelt zuliebe<\/h5>\n\n\n\n<section class=\"wp-block-uagb-section uagb-section__wrap uagb-section__background-undefined uagb-block-746e6f9b\"><div class=\"uagb-section__overlay\"><\/div><div class=\"uagb-section__inner-wrap\">\n<i class=\"top fas fa-recycle\"><\/i>\n\n\n\n<p>Gebrauchte oder verunreinigte K\u00e4ltemittel und Gase nehmen wir gem\u00e4\u00df den gesetzlichen Bestimmungen entgegen und f\u00fchren sie einem Recyclingverfahren oder der Entsorgung zu.<\/p>\n<\/div><\/section>\n","protected":false},"excerpt":{"rendered":"<p>der Umwelt zuliebe<\/p>\n","protected":false},"author":1,"featured_media":980,"parent":905,"menu_order":0,"comment_status":"closed","ping_status":"closed","template":"","meta":{"_acf_changed":false,"_uag_custom_page_level_css":"","footnotes":""},"class_list":["post-981","page","type-page","status-publish","has-post-thumbnail","hentry"],"acf":[],"uagb_featured_image_src":{"full":["https:\/\/www.ghc.de\/media\/2020\/01\/AdobeStock_176184223-scaled.jpeg",2560,915,false],"thumbnail":["https:\/\/www.ghc.de\/media\/2020\/01\/AdobeStock_176184223-150x150.jpeg",150,150,true],"medium":["https:\/\/www.ghc.de\/media\/2020\/01\/AdobeStock_176184223-300x107.jpeg",300,107,true],"medium_large":["https:\/\/www.ghc.de\/media\/2020\/01\/AdobeStock_176184223-768x274.jpeg",768,274,true],"large":["https:\/\/www.ghc.de\/media\/2020\/01\/AdobeStock_176184223-1024x366.jpeg",1024,366,true],"1536x1536":["https:\/\/www.ghc.de\/media\/2020\/01\/AdobeStock_176184223-1536x549.jpeg",1536,549,true],"2048x2048":["https:\/\/www.ghc.de\/media\/2020\/01\/AdobeStock_176184223-2048x732.jpeg",2048,732,true],"featured-small":["https:\/\/www.ghc.de\/media\/2020\/01\/AdobeStock_176184223-640x200.jpeg",640,200,true],"featured-medium":["https:\/\/www.ghc.de\/media\/2020\/01\/AdobeStock_176184223-1280x500.jpeg",1280,500,true],"featured-large":["https:\/\/www.ghc.de\/media\/2020\/01\/AdobeStock_176184223-1440x500.jpeg",1440,500,true],"featured-xlarge":["https:\/\/www.ghc.de\/media\/2020\/01\/AdobeStock_176184223-1920x500.jpeg",1920,500,true],"fp-small":["https:\/\/www.ghc.de\/media\/2020\/01\/AdobeStock_176184223-640x229.jpeg",640,229,true],"fp-medium":["https:\/\/www.ghc.de\/media\/2020\/01\/AdobeStock_176184223-1024x366.jpeg",1024,366,true],"fp-large":["https:\/\/www.ghc.de\/media\/2020\/01\/AdobeStock_176184223-1200x429.jpeg",1200,429,true],"fp-xlarge":["https:\/\/www.ghc.de\/media\/2020\/01\/AdobeStock_176184223-1920x686.jpeg",1920,686,true],"teaser-block":["https:\/\/www.ghc.de\/media\/2020\/01\/AdobeStock_176184223-1000x500.jpeg",1000,500,true],"location-small":["https:\/\/www.ghc.de\/media\/2020\/01\/AdobeStock_176184223-600x334.jpeg",600,334,true]},"uagb_author_info":{"display_name":"Admin f\u00fcr Andreas Mey","author_link":"https:\/\/www.ghc.de\/de\/author\/radmin\/"},"uagb_comment_info":0,"uagb_excerpt":"der Umwelt zuliebe","_links":{"self":[{"href":"https:\/\/www.ghc.de\/de\/wp-json\/wp\/v2\/pages\/981","targetHints":{"allow":["GET"]}}],"collection":[{"href":"https:\/\/www.ghc.de\/de\/wp-json\/wp\/v2\/pages"}],"about":[{"href":"https:\/\/www.ghc.de\/de\/wp-json\/wp\/v2\/types\/page"}],"author":[{"embeddable":true,"href":"https:\/\/www.ghc.de\/de\/wp-json\/wp\/v2\/users\/1"}],"replies":[{"embeddable":true,"href":"https:\/\/www.ghc.de\/de\/wp-json\/wp\/v2\/comments?post=981"}],"version-history":[{"count":4,"href":"https:\/\/www.ghc.de\/de\/wp-json\/wp\/v2\/pages\/981\/revisions"}],"predecessor-version":[{"id":3716,"href":"https:\/\/www.ghc.de\/de\/wp-json\/wp\/v2\/pages\/981\/revisions\/3716"}],"up":[{"embeddable":true,"href":"https:\/\/www.ghc.de\/de\/wp-json\/wp\/v2\/pages\/905"}],"wp:featuredmedia":[{"embeddable":true,"href":"https:\/\/www.ghc.de\/de\/wp-json\/wp\/v2\/media\/980"}],"wp:attachment":[{"href":"https:\/\/www.ghc.de\/de\/wp-json\/wp\/v2\/media?parent=981"}],"curies":[{"name":"wp","href":"https:\/\/api.w.org\/{rel}","templated":true}]}}